{"id":8114,"date":"2025-05-22T11:05:48","date_gmt":"2025-05-22T09:05:48","guid":{"rendered":"https:\/\/neher-insektenschutz.ch\/?page_id=8114"},"modified":"2026-04-26T16:17:48","modified_gmt":"2026-04-26T14:17:48","slug":"perche-scegliere-le-zanzariere-neher","status":"publish","type":"page","link":"https:\/\/neher-insektenschutz.ch\/it\/perche-neher\/","title":{"rendered":"Perch\u00e9 scegliere le zanzariere Neher?"},"content":{"rendered":"\n<div class=\"wp-block-cover is-light hero-cover has-regular-font-size\"><img loading=\"lazy\" decoding=\"async\" width=\"2000\" height=\"1045\" class=\"wp-block-cover__image-background wp-image-8145\" alt=\"Kunden von Neher. Die Familie ist zufrieden mit Ihrer neuen Pendelt\u00fcr.\" src=\"https:\/\/neher-insektenschutz.ch\/wp-content\/uploads\/2024\/04\/Familie-Kunden-Fliegengitter-Pendeltuer.jpg\" style=\"object-position:100% 0%\" data-object-fit=\"cover\" data-object-position=\"100% 0%\" srcset=\"https:\/\/neher-insektenschutz.ch\/wp-content\/uploads\/2024\/04\/Familie-Kunden-Fliegengitter-Pendeltuer.jpg 2000w, https:\/\/neher-insektenschutz.ch\/wp-content\/uploads\/2024\/04\/Familie-Kunden-Fliegengitter-Pendeltuer-300x157.jpg 300w, https:\/\/neher-insektenschutz.ch\/wp-content\/uploads\/2024\/04\/Familie-Kunden-Fliegengitter-Pendeltuer-1024x535.jpg 1024w, https:\/\/neher-insektenschutz.ch\/wp-content\/uploads\/2024\/04\/Familie-Kunden-Fliegengitter-Pendeltuer-768x401.jpg 768w, https:\/\/neher-insektenschutz.ch\/wp-content\/uploads\/2024\/04\/Familie-Kunden-Fliegengitter-Pendeltuer-1536x803.jpg 1536w, https:\/\/neher-insektenschutz.ch\/wp-content\/uploads\/2024\/04\/Familie-Kunden-Fliegengitter-Pendeltuer-600x314.jpg 600w\" sizes=\"auto, (max-width: 2000px) 100vw, 2000px\" \/><span aria-hidden=\"true\" class=\"wp-block-cover__background has-background-dim-0 has-background-dim\"><\/span><div class=\"wp-block-cover__inner-container is-layout-constrained wp-block-cover-is-layout-constrained\">\n<p class=\"has-text-align-center has-large-font-size\"><\/p>\n<\/div><\/div>\n\n<div class=\"hero\">\n\t    <div class=\"wrap\">\n        \n\n<h1 class=\"wp-block-heading\">Motivi per scegliere una zanzariera del sistema Neher<\/h1>\n\n\n\n<p>In questa pagina trover\u00e0 una valutazione dettagliata delle zanzariere del sistema Neher, inclusi i loro vantaggi e svantaggi. Queste informazioni sono pensate per aiutarla a prendere una decisione consapevole. Inoltre, spieghiamo perch\u00e9 scegliere una zanzariera Neher per la sua casa o il suo ufficio pu\u00f2 essere una scelta vantaggiosa.<\/p>\n\n\n    <\/div>\n<\/div>\n<div class=\"columns\">\n    \n\n<div class=\"wp-block-columns is-layout-flex wp-container-core-columns-is-layout-9d6595d7 wp-block-columns-is-layout-flex\">\n<div class=\"wp-block-column column-left is-layout-flow wp-block-column-is-layout-flow\">\n<figure class=\"wp-block-image size-full\"><img loading=\"lazy\" decoding=\"async\" width=\"1232\" height=\"872\" src=\"https:\/\/neher-insektenschutz.ch\/wp-content\/uploads\/2024\/04\/Kind-und-Vater-Kunden-Neher.jpg\" alt=\"Sono clienti di Neher. Padre e figlio sono soddisfatti delle zanzariere.\" class=\"wp-image-8138\" srcset=\"https:\/\/neher-insektenschutz.ch\/wp-content\/uploads\/2024\/04\/Kind-und-Vater-Kunden-Neher.jpg 1232w, https:\/\/neher-insektenschutz.ch\/wp-content\/uploads\/2024\/04\/Kind-und-Vater-Kunden-Neher-300x212.jpg 300w, https:\/\/neher-insektenschutz.ch\/wp-content\/uploads\/2024\/04\/Kind-und-Vater-Kunden-Neher-1024x725.jpg 1024w, https:\/\/neher-insektenschutz.ch\/wp-content\/uploads\/2024\/04\/Kind-und-Vater-Kunden-Neher-768x544.jpg 768w, https:\/\/neher-insektenschutz.ch\/wp-content\/uploads\/2024\/04\/Kind-und-Vater-Kunden-Neher-600x425.jpg 600w\" sizes=\"auto, (max-width: 1232px) 100vw, 1232px\" \/><\/figure>\n<\/div>\n\n\n\n<div class=\"wp-block-column column-right is-layout-flow wp-block-column-is-layout-flow\">\n<h3 class=\"wp-block-heading\">Perch\u00e9 scegliere le zanzariere del sistema Neher? \u2013 Riassunto<\/h3>\n\n\n\n<p>Neher \u00e8 il fornitore leader di sistemi di protezione contro gli insetti e offre zanzariere su misura, realizzate con materiali di alta qualit\u00e0 e lunga durata. Questi prodotti sono ecologici, poich\u00e9 non contengono sostanze chimiche nocive, e sono facili da usare e da mantenere. Grazie al design discreto e personalizzabile nei colori, si integrano armoniosamente in qualsiasi ambiente abitativo.<\/p>\n\n\n\n<p>Der Kundenservice bei Neher umfasst individuelle Beratung und fachgerechte Montage, was, zusammen mit einem ausgezeichneten Preis-Leistungs-Verh\u00e4ltnis, die Produkte besonders attraktiv macht. Als Marktf\u00fchrer im Bereich massgefertigter Insektenschutzl\u00f6sungen steht Neher f\u00fcr Qualit\u00e4t und Kundenzufriedenheit, was die Entscheidung f\u00fcr ein Neher-M\u00fcckengitter zu einer nachhaltigen und lohnenswerten Investition macht. <\/p>\n<\/div>\n<\/div>\n\n\n<\/div>\n<div class=\"columns\">\n    \n\n<div class=\"wp-block-columns is-layout-flex wp-container-core-columns-is-layout-9d6595d7 wp-block-columns-is-layout-flex\">\n<div class=\"wp-block-column column-right is-layout-flow wp-block-column-is-layout-flow\">\n<h3 class=\"wp-block-heading\">Svantaggi di una zanzariera Neher<\/h3>\n\n\n\n<ul class=\"wp-block-list\">\n<li><strong>Fattore costo<\/strong>: una zanzariera Neher ha un prezzo d\u2019acquisto pi\u00f9 elevato rispetto ai prodotti da bricolage. Ci\u00f2 \u00e8 dovuto all\u2019uso di materiali di qualit\u00e0 superiore e alla produzione secondo rigorosi standard qualitativi. Inoltre, queste zanzariere offrono una soluzione pi\u00f9 affidabile rispetto ai prodotti da ferramenta.<\/li>\n\n\n\n<li><strong>Disponibilit\u00e0<\/strong>: una zanzariera Neher non \u00e8 reperibile con la stessa rapidit\u00e0 di un prodotto da ferramenta. Questo perch\u00e9 i prodotti Neher sono realizzati su misura per garantire una sigillatura ottimale della finestra. Le zanzariere da ferramenta, invece, sono standardizzate e spesso devono essere adattate direttamente dal cliente.<\/li>\n<\/ul>\n<\/div>\n\n\n\n<div class=\"wp-block-column column-left is-layout-flow wp-block-column-is-layout-flow\">\n<figure class=\"wp-block-image size-full\"><img loading=\"lazy\" decoding=\"async\" width=\"616\" height=\"436\" src=\"https:\/\/neher-insektenschutz.ch\/wp-content\/uploads\/2023\/11\/Fliegengitter-Plissee-Neher-Herr.webp\" alt=\"\" class=\"wp-image-4489\" srcset=\"https:\/\/neher-insektenschutz.ch\/wp-content\/uploads\/2023\/11\/Fliegengitter-Plissee-Neher-Herr.webp 616w, https:\/\/neher-insektenschutz.ch\/wp-content\/uploads\/2023\/11\/Fliegengitter-Plissee-Neher-Herr-300x212.webp 300w, https:\/\/neher-insektenschutz.ch\/wp-content\/uploads\/2023\/11\/Fliegengitter-Plissee-Neher-Herr-600x425.webp 600w\" sizes=\"auto, (max-width: 616px) 100vw, 616px\" \/><\/figure>\n<\/div>\n<\/div>\n\n\n<\/div>\n<div class=\"columns\">\n    \n\n<div class=\"wp-block-columns is-layout-flex wp-container-core-columns-is-layout-9d6595d7 wp-block-columns-is-layout-flex\">\n<div class=\"wp-block-column column-left is-layout-flow wp-block-column-is-layout-flow\">\n<figure class=\"wp-block-image size-large\"><img loading=\"lazy\" decoding=\"async\" width=\"1024\" height=\"725\" src=\"https:\/\/neher-insektenschutz.ch\/wp-content\/uploads\/2024\/04\/Neher-Fliegengitter-Garantie-Logo-1024x725.png\" alt=\"Logo garanzia Neher &#x2013; 10 anni di garanzia\" class=\"wp-image-8106\" srcset=\"https:\/\/neher-insektenschutz.ch\/wp-content\/uploads\/2024\/04\/Neher-Fliegengitter-Garantie-Logo-1024x725.png 1024w, https:\/\/neher-insektenschutz.ch\/wp-content\/uploads\/2024\/04\/Neher-Fliegengitter-Garantie-Logo-300x212.png 300w, https:\/\/neher-insektenschutz.ch\/wp-content\/uploads\/2024\/04\/Neher-Fliegengitter-Garantie-Logo-768x544.png 768w, https:\/\/neher-insektenschutz.ch\/wp-content\/uploads\/2024\/04\/Neher-Fliegengitter-Garantie-Logo-600x425.png 600w, https:\/\/neher-insektenschutz.ch\/wp-content\/uploads\/2024\/04\/Neher-Fliegengitter-Garantie-Logo.png 1232w\" sizes=\"auto, (max-width: 1024px) 100vw, 1024px\" \/><\/figure>\n<\/div>\n\n\n\n<div class=\"wp-block-column column-right is-layout-flow wp-block-column-is-layout-flow\">\n<h3 class=\"wp-block-heading\">Vantaggi di una zanzariera Neher<\/h3>\n\n\n\n<ul class=\"wp-block-list\">\n<li>Le zanzariere Neher sono rinomate per la<strong> loro alta qualit\u00e0<\/strong>. Vengono sottoposte a diversi controlli di qualit\u00e0 e realizzate con materiali robusti e di pregio. Neher ha cos\u00ec tanta fiducia nella qualit\u00e0 dei propri prodotti da offrire una <strong>garanzia di dieci anni<\/strong> sulle sue zanzariere.<\/li>\n\n\n\n<li>Un ulteriore vantaggio dei prodotti \u00e8 la loro <strong>realizzazione su misura<\/strong>, che garantisce una protezione ottimale. Grazie all\u2019adattamento personalizzato, le finestre possono essere sigillate in modo ideale, impedendo completamente l\u2019ingresso degli insetti.<\/li>\n\n\n\n<li>Le zanzariere Neher non devono essere installate autonomamente.<strong> L\u2019installazione viene infatti effettuata dai rivenditori specializzati Neher<\/strong>, formati appositamente e con anni di esperienza con i prodotti. Questo solleva i clienti dalla preoccupazione di prendere misure sbagliate o effettuare un ordine errato.<\/li>\n<\/ul>\n<\/div>\n<\/div>\n\n\n<\/div>\n<div class=\"columns\">\n    \n\n<div class=\"wp-block-columns is-layout-flex wp-container-core-columns-is-layout-9d6595d7 wp-block-columns-is-layout-flex\">\n<div class=\"wp-block-column column-right is-layout-flow wp-block-column-is-layout-flow\">\n<h3 class=\"wp-block-heading\">Altri vantaggi delle zanzariere Neher<\/h3>\n\n\n\n<ul class=\"wp-block-list\">\n<li>La<strong> lunga durata<\/strong> delle zanzariere rappresenta un vantaggio significativo. Sono progettate per offrire una protezione affidabile per molti anni.<\/li>\n\n\n\n<li>I telai delle zanzariere possono essere perfettamente adattati ai colori della vostra casa. Con una selezione di oltre <strong>1000 colori speciali<\/strong>, Neher offre un\u2019ampia gamma di possibilit\u00e0 per un\u2019integrazione discreta e armoniosa.<\/li>\n<\/ul>\n<\/div>\n\n\n\n<div class=\"wp-block-column column-left is-layout-flow wp-block-column-is-layout-flow\">\n<figure class=\"wp-block-image size-large\"><img loading=\"lazy\" decoding=\"async\" width=\"1024\" height=\"725\" src=\"https:\/\/neher-insektenschutz.ch\/wp-content\/uploads\/2024\/04\/Standardfarben-Insektenschutzgitter-1024x725.jpg\" alt=\"Questi sono i colori standard per i telai delle zanzariere.\" class=\"wp-image-8132\" srcset=\"https:\/\/neher-insektenschutz.ch\/wp-content\/uploads\/2024\/04\/Standardfarben-Insektenschutzgitter-1024x725.jpg 1024w, https:\/\/neher-insektenschutz.ch\/wp-content\/uploads\/2024\/04\/Standardfarben-Insektenschutzgitter-300x212.jpg 300w, https:\/\/neher-insektenschutz.ch\/wp-content\/uploads\/2024\/04\/Standardfarben-Insektenschutzgitter-768x544.jpg 768w, https:\/\/neher-insektenschutz.ch\/wp-content\/uploads\/2024\/04\/Standardfarben-Insektenschutzgitter-600x425.jpg 600w, https:\/\/neher-insektenschutz.ch\/wp-content\/uploads\/2024\/04\/Standardfarben-Insektenschutzgitter.jpg 1232w\" sizes=\"auto, (max-width: 1024px) 100vw, 1024px\" \/><\/figure>\n<\/div>\n<\/div>\n\n\n<\/div><div class=\"action\" rel=\"in-view\">\n        \n\n<h4 class=\"wp-block-heading\">Fissare ora una consulenza<\/h4>\n\n\n\n<p>Le consulenze e i preventivi sono gratuiti e non vincolanti.<\/p>\n\n\n\n<div class=\"wp-block-buttons is-layout-flex wp-block-buttons-is-layout-flex\">\n<div class=\"wp-block-button is-style-primary\"><a class=\"wp-block-button__link wp-element-button\" href=\"https:\/\/neher-insektenschutz.ch\/it\/richiesta-di-offerta\/\">Richiedi ora<\/a><\/div>\n<\/div>\n\n\n    <\/div>","protected":false},"excerpt":{"rendered":"","protected":false},"author":8,"featured_media":0,"parent":0,"menu_order":0,"comment_status":"closed","ping_status":"closed","template":"","meta":{"_acf_changed":false,"inline_featured_image":false,"_genesis_hide_title":false,"_genesis_hide_breadcrumbs":false,"_genesis_hide_singular_image":false,"_genesis_custom_body_class":"","_genesis_custom_post_class":"","_genesis_layout":"","pgc_sgb_lightbox_settings":"","two_page_speed":{"current_score":{"desktop_score":97,"desktop_tti":"2.9\u00a0","mobile_score":63,"mobile_tti":"13.8\u00a0","date":"26.04.2026 04:18:28 pm","status":"completed"}},"footnotes":""},"class_list":{"0":"post-8114","1":"page","2":"type-page","3":"status-publish","5":"entry"},"acf":[],"_links":{"self":[{"href":"https:\/\/neher-insektenschutz.ch\/it\/wp-json\/wp\/v2\/pages\/8114","targetHints":{"allow":["GET"]}}],"collection":[{"href":"https:\/\/neher-insektenschutz.ch\/it\/wp-json\/wp\/v2\/pages"}],"about":[{"href":"https:\/\/neher-insektenschutz.ch\/it\/wp-json\/wp\/v2\/types\/page"}],"author":[{"embeddable":true,"href":"https:\/\/neher-insektenschutz.ch\/it\/wp-json\/wp\/v2\/users\/8"}],"replies":[{"embeddable":true,"href":"https:\/\/neher-insektenschutz.ch\/it\/wp-json\/wp\/v2\/comments?post=8114"}],"version-history":[{"count":6,"href":"https:\/\/neher-insektenschutz.ch\/it\/wp-json\/wp\/v2\/pages\/8114\/revisions"}],"predecessor-version":[{"id":11387,"href":"https:\/\/neher-insektenschutz.ch\/it\/wp-json\/wp\/v2\/pages\/8114\/revisions\/11387"}],"wp:attachment":[{"href":"https:\/\/neher-insektenschutz.ch\/it\/wp-json\/wp\/v2\/media?parent=8114"}],"curies":[{"name":"wp","href":"https:\/\/api.w.org\/{rel}","templated":true}]}}