{"id":6753,"date":"2023-11-28T16:45:39","date_gmt":"2023-11-28T15:45:39","guid":{"rendered":"https:\/\/neher-insektenschutz.ch\/impronta\/"},"modified":"2025-11-28T08:57:47","modified_gmt":"2025-11-28T07:57:47","slug":"impronta","status":"publish","type":"page","link":"https:\/\/neher-insektenschutz.ch\/it\/impronta\/","title":{"rendered":"Impronta"},"content":{"rendered":"<p>Dies ist eine Webseite der Firma Swiss-Trade GmbH.<\/p>\n<h3><strong>Ihre Fragen sind uns wichtig!<\/strong><\/h3>\n<p>Ihre Zufriedenheit ist unser oberstes Ziel. Wenn Sie Fragen haben oder Unterst\u00fctzung ben\u00f6tigen, z\u00f6gern Sie bitte nicht, uns zu kontaktieren. Unser engagiertes Team steht bereit, um Ihnen schnell und effizient zu helfen.<\/p>\n<p>Unsere Kunden sind mehr als nur Nummern f\u00fcr uns \u2013 sie sind unsere Priorit\u00e4t. Wir m\u00f6chten sicherstellen, dass Sie stets bestens betreut werden. Egal, ob es um Informationen zu unseren Produkten, Lieferzeiten oder sonstige Anliegen geht \u2013 wir sind f\u00fcr Sie da.<\/p>\n<p>Ihre Fragen und Ihr Feedback sind f\u00fcr uns wertvoll und helfen uns, unseren Service kontinuierlich zu verbessern. Kontaktieren Sie uns, damit wir Ihnen das bestm\u00f6gliche Erlebnis bieten k\u00f6nnen.<\/p>\n<p>Wir freuen uns auf Ihre Kontaktaufnahme!<br \/><a href=\"https:\/\/neher-insektenschutz.ch\/it\/domande-e-risposte\/\">Bereits beantwortete Fragen<\/a><\/p>\n<h3>Inhalte dieser Webseite<\/h3>\n<p>Die Inhalte dieser Webseite werden nach bestem Wissen und Gewissen aufbereitet und zur Verf\u00fcgung gestellt. Es wird keinerlei Anspruch auf Vollst\u00e4ndigkeit der Informationen genommen. Der Webseitenbetreiber haftet in keinster Weise f\u00fcr Fehler oder Irrt\u00fcmer irgendeiner Art, die sich aus der Verwendung dieser Informationen, dem in diese Informationen gesetzten Erwartungen oder irgendeinem damit in Zusammenhang stehenden Angaben ergeben.<\/p>\n<h3>Redaktion auf dieser Webseite<\/h3>\n<p>Das Copyright f\u00fcr Texte und Bilder auf dieser Webseite liegen bei bei den Firmen Swiss-Trade GmbH und Neher Systeme GmbH und Co. KG.<\/p>\n<h3>Konzeption<\/h3>\n<p>Swiss-Trade GmbH \/ Neher Insektenschutz<br \/>Oberdorfstrasse 2<br \/>9512 Wil \/ Rossr\u00fcti<br \/><a href=\"mailto:info@neher-insektenschutz.ch\">info@neher-insektenschutz.ch<\/a><\/p>\n<h3>Realisierung<\/h3>\n<p>cloudWEB\u00a0GmbH<br \/>Z\u00fcrcherstrasse 182<br \/>8406 Winterthur<br \/><a href=\"mailto:info@cloudweb.ch\">info@cloudweb.ch<\/a><\/p>\n\n<h2 class=\"wp-block-heading\"><\/h2>\n","protected":false},"excerpt":{"rendered":"<p>Dies ist eine Webseite der Firma Swiss-Trade GmbH. Ihre Fragen sind uns wichtig! Ihre Zufriedenheit ist unser oberstes Ziel. Wenn Sie Fragen haben oder Unterst\u00fctzung ben\u00f6tigen, z\u00f6gern Sie bitte nicht, uns zu kontaktieren. Unser engagiertes Team steht bereit, um Ihnen schnell und effizient zu helfen. Unsere Kunden sind mehr als nur Nummern f\u00fcr uns \u2013 [&hellip;]<\/p>\n","protected":false},"author":7,"featured_media":0,"parent":0,"menu_order":0,"comment_status":"closed","ping_status":"closed","template":"","meta":{"_acf_changed":false,"inline_featured_image":false,"_genesis_hide_title":false,"_genesis_hide_breadcrumbs":false,"_genesis_hide_singular_image":false,"_genesis_custom_body_class":"","_genesis_custom_post_class":"","_genesis_layout":"","pgc_sgb_lightbox_settings":"","two_page_speed":{"current_score":{"desktop_score":100,"desktop_tti":"0.6\u00a0","mobile_score":91,"mobile_tti":"2.7\u00a0","date":"28.05.2025 05:21:27 am","status":"error_no_score"}},"footnotes":""},"class_list":{"0":"post-6753","1":"page","2":"type-page","3":"status-publish","5":"entry"},"acf":[],"_links":{"self":[{"href":"https:\/\/neher-insektenschutz.ch\/it\/wp-json\/wp\/v2\/pages\/6753","targetHints":{"allow":["GET"]}}],"collection":[{"href":"https:\/\/neher-insektenschutz.ch\/it\/wp-json\/wp\/v2\/pages"}],"about":[{"href":"https:\/\/neher-insektenschutz.ch\/it\/wp-json\/wp\/v2\/types\/page"}],"author":[{"embeddable":true,"href":"https:\/\/neher-insektenschutz.ch\/it\/wp-json\/wp\/v2\/users\/7"}],"replies":[{"embeddable":true,"href":"https:\/\/neher-insektenschutz.ch\/it\/wp-json\/wp\/v2\/comments?post=6753"}],"version-history":[{"count":4,"href":"https:\/\/neher-insektenschutz.ch\/it\/wp-json\/wp\/v2\/pages\/6753\/revisions"}],"predecessor-version":[{"id":10899,"href":"https:\/\/neher-insektenschutz.ch\/it\/wp-json\/wp\/v2\/pages\/6753\/revisions\/10899"}],"wp:attachment":[{"href":"https:\/\/neher-insektenschutz.ch\/it\/wp-json\/wp\/v2\/media?parent=6753"}],"curies":[{"name":"wp","href":"https:\/\/api.w.org\/{rel}","templated":true}]}}