{"id":5477,"date":"2023-11-23T16:04:39","date_gmt":"2023-11-23T15:04:39","guid":{"rendered":"https:\/\/neher-insektenschutz.ch\/zanzariera\/"},"modified":"2026-02-20T08:49:41","modified_gmt":"2026-02-20T07:49:41","slug":"zanzariera","status":"publish","type":"page","link":"https:\/\/neher-insektenschutz.ch\/it\/zanzariera\/","title":{"rendered":"Zanzariera"},"content":{"rendered":"\n<div class=\"wp-block-cover is-light hero-cover has-regular-font-size\"><img loading=\"lazy\" decoding=\"async\" width=\"3000\" height=\"1561\" class=\"wp-block-cover__image-background wp-image-4504\" alt=\"\" src=\"https:\/\/neher-insektenschutz.ch\/wp-content\/uploads\/2023\/11\/Neher-Fliegengitter-Schiebeanlage-Kunde-2.webp\" data-object-fit=\"cover\" srcset=\"https:\/\/neher-insektenschutz.ch\/wp-content\/uploads\/2023\/11\/Neher-Fliegengitter-Schiebeanlage-Kunde-2.webp 3000w, https:\/\/neher-insektenschutz.ch\/wp-content\/uploads\/2023\/11\/Neher-Fliegengitter-Schiebeanlage-Kunde-2-300x156.webp 300w, https:\/\/neher-insektenschutz.ch\/wp-content\/uploads\/2023\/11\/Neher-Fliegengitter-Schiebeanlage-Kunde-2-1024x533.webp 1024w, https:\/\/neher-insektenschutz.ch\/wp-content\/uploads\/2023\/11\/Neher-Fliegengitter-Schiebeanlage-Kunde-2-768x400.webp 768w, https:\/\/neher-insektenschutz.ch\/wp-content\/uploads\/2023\/11\/Neher-Fliegengitter-Schiebeanlage-Kunde-2-1536x799.webp 1536w, https:\/\/neher-insektenschutz.ch\/wp-content\/uploads\/2023\/11\/Neher-Fliegengitter-Schiebeanlage-Kunde-2-2048x1066.webp 2048w, https:\/\/neher-insektenschutz.ch\/wp-content\/uploads\/2023\/11\/Neher-Fliegengitter-Schiebeanlage-Kunde-2-600x312.webp 600w\" sizes=\"auto, (max-width: 3000px) 100vw, 3000px\" \/><span aria-hidden=\"true\" class=\"wp-block-cover__background has-background-dim-0 has-background-dim\"><\/span><div class=\"wp-block-cover__inner-container is-layout-constrained wp-block-cover-is-layout-constrained\">\n<p class=\"has-text-align-center has-regular-font-size\"><\/p>\n<\/div><\/div>\n\n<div class=\"hero\">\n\t    <div class=\"wrap\">\n        \n\n<h1 class=\"wp-block-heading\">Zanzariere del leader di mercato numero 1<\/h1>\n\n\n\n<p>In questa pagina troverete le informazioni pi\u00f9 importanti sulle zanzariere di Neher.<\/p>\n\n\n    <\/div>\n<\/div>\n<div class=\"columns\">\n    \n\n<div class=\"wp-block-columns is-layout-flex wp-container-core-columns-is-layout-9d6595d7 wp-block-columns-is-layout-flex\">\n<div class=\"wp-block-column column-left is-layout-flow wp-block-column-is-layout-flow\">\n<figure class=\"wp-block-image size-full\"><a href=\"https:\/\/smart-insektenschutz.ch\" target=\"_blank\" rel=\"noopener\"><img loading=\"lazy\" decoding=\"async\" width=\"616\" height=\"436\" src=\"https:\/\/neher-insektenschutz.ch\/wp-content\/uploads\/2023\/08\/frau_haelt_spannrahmen.jpg\" alt=\"Una donna sorride mentre installa o rimuove una zanzariera da una finestra aperta in una cucina luminosa e moderna. La finestra &#xE8; aperta e lei tiene il telaio della zanzariera inclinato per adattarlo all'apertura della finestra. Sullo sfondo si vedono scaffali e piante, la scena appare accogliente e ordinata.\" class=\"wp-image-3172\" srcset=\"https:\/\/neher-insektenschutz.ch\/wp-content\/uploads\/2023\/08\/frau_haelt_spannrahmen.jpg 616w, https:\/\/neher-insektenschutz.ch\/wp-content\/uploads\/2023\/08\/frau_haelt_spannrahmen-300x212.jpg 300w, https:\/\/neher-insektenschutz.ch\/wp-content\/uploads\/2023\/08\/frau_haelt_spannrahmen-600x425.jpg 600w\" sizes=\"auto, (max-width: 616px) 100vw, 616px\" \/><\/a><\/figure>\n<\/div>\n\n\n\n<div class=\"wp-block-column column-right is-layout-flow wp-block-column-is-layout-flow\">\n<h3 class=\"wp-block-heading\"><strong>Quali tipi di zanzariere offre Neher?<\/strong><\/h3>\n\n\n\n<p>Neher Insect Screen offre un&#8217;ampia gamma di soluzioni di zanzariere per soddisfare le diverse esigenze e preferenze dei clienti. Ecco i diversi tipi offerti:<\/p>\n\n\n\n<p><a href=\"https:\/\/neher-insektenschutz.ch\/it\/products\/zanzariere-a-pannello-fisso\/\">Telai per zanzariere<\/a>: si tratta di telai fissi perfetti per quasi tutti i tipi di finestre. Sono facili da montare e smontare, il che ne consente un utilizzo flessibile.<\/p>\n\n\n\n<p><strong>Zanzariera avvolgibile per finestre:<\/strong> questa opzione offre una protezione facile da usare che pu\u00f2 essere arrotolata e srotolata secondo necessit\u00e0. \u00c8 ideale per gli ambienti in cui la protezione dagli insetti non \u00e8 necessaria in modo permanente.<\/p>\n<\/div>\n<\/div>\n\n\n<\/div>\n<div class=\"columns\">\n    \n\n<div class=\"wp-block-columns is-layout-flex wp-container-core-columns-is-layout-9d6595d7 wp-block-columns-is-layout-flex\">\n<div class=\"wp-block-column column-right is-layout-flow wp-block-column-is-layout-flow\">\n<p><strong>Zanzariera con telaio girevole:<\/strong> un telaio girevole \u00e8 la soluzione ideale per le finestre che si desidera aprire spesso, ad esempio per innaffiare i fiori o arieggiare. Grazie alla sua pratica struttura, il telaio girevole si apre senza sforzo ed \u00e8 dotato di una funzione di chiusura automatica che chiude la finestra in modo sicuro e comodo dopo il passaggio. In questo modo combina il comfort con una protezione affidabile dagli insetti.<\/p>\n\n\n\n<p><strong>Zanzariere per finestre a battente:<\/strong> queste finestre possono essere aperte e chiuse su entrambi i lati e sono quindi particolarmente pratiche quando \u00e8 necessario passare spesso.<\/p>\n\n\n\n<p><strong>Zanzariere plissettate per porte:<\/strong> la zanzariera plissettata \u00e8 una soluzione elegante e salvaspazio per porte, che pu\u00f2 essere ripiegata a ventaglio ed \u00e8 facile da usare.<\/p>\n\n\n\n<p><strong>Zanzariere scorrevoli:<\/strong> ideali per aperture di grandi dimensioni, come ad esempio le portefinestre, questi sistemi offrono una protezione efficace e sono facili da spostare.<\/p>\n<\/div>\n\n\n\n<div class=\"wp-block-column column-left is-layout-flow wp-block-column-is-layout-flow\">\n<figure class=\"wp-block-image size-full\"><img loading=\"lazy\" decoding=\"async\" width=\"616\" height=\"436\" src=\"https:\/\/neher-insektenschutz.ch\/wp-content\/uploads\/2023\/11\/Fliegengitter-Plissee-Neher-Herr.webp\" alt=\"Un uomo entra a piedi nudi in un giardino soleggiato attraverso una grande porta scorrevole aperta con zanzariera. L'appartamento moderno e luminoso &#xE8; arredato con stile, con un tavolo da pranzo e sedie colorate in primo piano. All'esterno si vede un giardino ben curato con terrazza e posti a sedere, l'atmosfera &#xE8; rilassata e invitante.\" class=\"wp-image-4489\" srcset=\"https:\/\/neher-insektenschutz.ch\/wp-content\/uploads\/2023\/11\/Fliegengitter-Plissee-Neher-Herr.webp 616w, https:\/\/neher-insektenschutz.ch\/wp-content\/uploads\/2023\/11\/Fliegengitter-Plissee-Neher-Herr-300x212.webp 300w, https:\/\/neher-insektenschutz.ch\/wp-content\/uploads\/2023\/11\/Fliegengitter-Plissee-Neher-Herr-600x425.webp 600w\" sizes=\"auto, (max-width: 616px) 100vw, 616px\" \/><\/figure>\n<\/div>\n<\/div>\n\n\n<\/div>\n<div class=\"columns\">\n    \n\n<div class=\"wp-block-columns is-layout-flex wp-container-core-columns-is-layout-9d6595d7 wp-block-columns-is-layout-flex\">\n<div class=\"wp-block-column column-left is-layout-flow wp-block-column-is-layout-flow\">\n<figure class=\"wp-block-image size-large\"><img loading=\"lazy\" decoding=\"async\" width=\"1024\" height=\"725\" src=\"https:\/\/neher-insektenschutz.ch\/wp-content\/uploads\/2023\/11\/Fliegengitter-Pendeltuer-Neher-3-1024x725.webp\" alt=\"Ein Mann betritt barfu&#xDF; einen sonnigen Garten durch eine gro&#xDF;e, offene Schiebet&#xFC;r mit Fliegengitter. Die moderne, helle Wohnung ist stilvoll eingerichtet, mit einem Esstisch und bunten St&#xFC;hlen im Vordergrund. Drau&#xDF;en sieht man einen gepflegten Garten mit Terrasse und Sitzgelegenheiten, die Atmosph&#xE4;re ist entspannt und einladend.\" class=\"wp-image-4485\" srcset=\"https:\/\/neher-insektenschutz.ch\/wp-content\/uploads\/2023\/11\/Fliegengitter-Pendeltuer-Neher-3-1024x725.webp 1024w, https:\/\/neher-insektenschutz.ch\/wp-content\/uploads\/2023\/11\/Fliegengitter-Pendeltuer-Neher-3-300x212.webp 300w, https:\/\/neher-insektenschutz.ch\/wp-content\/uploads\/2023\/11\/Fliegengitter-Pendeltuer-Neher-3-768x544.webp 768w, https:\/\/neher-insektenschutz.ch\/wp-content\/uploads\/2023\/11\/Fliegengitter-Pendeltuer-Neher-3-600x425.webp 600w, https:\/\/neher-insektenschutz.ch\/wp-content\/uploads\/2023\/11\/Fliegengitter-Pendeltuer-Neher-3.webp 1076w\" sizes=\"auto, (max-width: 1024px) 100vw, 1024px\" \/><\/figure>\n<\/div>\n\n\n\n<div class=\"wp-block-column column-right is-layout-flow wp-block-column-is-layout-flow\">\n<p><strong>Zanzariere a battente:<\/strong> sono particolarmente adatte per portefinestre e porte di terrazze e possono essere installate con apertura verso l&#8217;interno o verso l&#8217;esterno. Consentono un facile passaggio senza dover rimuovere la protezione.<\/p>\n\n\n\n<p><strong>Zanzariera con porta a battente:<\/strong> queste porte oscillano in entrambe le direzioni e si chiudono automaticamente, ideali per passaggi molto trafficati.<\/p>\n\n\n\n<p>Zanzariera elettrica avvolgibile: una soluzione moderna e comoda per la protezione dagli insetti, che si apre e si chiude con la semplice pressione di un pulsante.<\/p>\n\n\n\n<p><strong>Zanzariere per finestre da tetto:<\/strong> progettate appositamente per le finestre da tetto, queste zanzariere offrono protezione dagli insetti senza compromettere la funzionalit\u00e0 della finestra.<\/p>\n<\/div>\n<\/div>\n\n\n<\/div>\n<div class=\"columns\">\n    \n\n<div class=\"wp-block-columns is-layout-flex wp-container-core-columns-is-layout-9d6595d7 wp-block-columns-is-layout-flex\">\n<div class=\"wp-block-column column-right is-layout-flow wp-block-column-is-layout-flow\">\n<p><strong>Zanzariera per finestre da tetto two in one:<\/strong> questa variante combina protezione dagli insetti e oscuramento in un unico prodotto ed \u00e8 particolarmente adatta per le camere da letto sotto il tetto.<\/p>\n\n\n\n<p><strong>Zanzariere Coperture per pozzi luce:<\/strong> con i modelli LiSA, RESi, ELSA e TERRESA, Neher offre anche soluzioni per pozzi luce che proteggono da insetti, foglie e sporcizia.<\/p>\n<\/div>\n\n\n\n<div class=\"wp-block-column column-left is-layout-flow wp-block-column-is-layout-flow\">\n<figure class=\"wp-block-image size-large\"><img loading=\"lazy\" decoding=\"async\" width=\"1024\" height=\"683\" src=\"https:\/\/neher-insektenschutz.ch\/wp-content\/uploads\/2023\/07\/Lichtschachtabdeckung_Produkt_im_Einsatz-1024x683.jpg\" alt=\"Una moderna terrazza con piastrelle grigie &#xE8; adiacente a una casa bianca con una grande finestra. Sullo sfondo si trovano un barbecue e un tavolo con sedie, mentre il giardino ben curato offre prati verdi, alberi e un'amaca. L'atmosfera &#xE8; tranquilla e accogliente, ideale per trascorrere ore di relax all'aria aperta.\" class=\"wp-image-1349\" srcset=\"https:\/\/neher-insektenschutz.ch\/wp-content\/uploads\/2023\/07\/Lichtschachtabdeckung_Produkt_im_Einsatz-1024x683.jpg 1024w, https:\/\/neher-insektenschutz.ch\/wp-content\/uploads\/2023\/07\/Lichtschachtabdeckung_Produkt_im_Einsatz-300x200.jpg 300w, https:\/\/neher-insektenschutz.ch\/wp-content\/uploads\/2023\/07\/Lichtschachtabdeckung_Produkt_im_Einsatz-768x512.jpg 768w, https:\/\/neher-insektenschutz.ch\/wp-content\/uploads\/2023\/07\/Lichtschachtabdeckung_Produkt_im_Einsatz.jpg 1080w, https:\/\/neher-insektenschutz.ch\/wp-content\/uploads\/2023\/07\/Lichtschachtabdeckung_Produkt_im_Einsatz-300x200@2x.jpg 600w\" sizes=\"auto, (max-width: 1024px) 100vw, 1024px\" \/><\/figure>\n<\/div>\n<\/div>\n\n\n<\/div>","protected":false},"excerpt":{"rendered":"","protected":false},"author":8,"featured_media":4507,"parent":0,"menu_order":0,"comment_status":"closed","ping_status":"closed","template":"","meta":{"_acf_changed":false,"inline_featured_image":false,"_genesis_hide_title":false,"_genesis_hide_breadcrumbs":false,"_genesis_hide_singular_image":false,"_genesis_custom_body_class":"","_genesis_custom_post_class":"","_genesis_layout":"","pgc_sgb_lightbox_settings":"","two_page_speed":{"current_score":{"desktop_score":100,"desktop_tti":"0.7\u00a0","mobile_score":84,"mobile_tti":"2.9\u00a0","date":"21.04.2025 03:44:09 pm","status":"error_no_score"}},"footnotes":""},"class_list":{"0":"post-5477","1":"page","2":"type-page","3":"status-publish","4":"has-post-thumbnail","6":"entry"},"acf":[],"_links":{"self":[{"href":"https:\/\/neher-insektenschutz.ch\/it\/wp-json\/wp\/v2\/pages\/5477","targetHints":{"allow":["GET"]}}],"collection":[{"href":"https:\/\/neher-insektenschutz.ch\/it\/wp-json\/wp\/v2\/pages"}],"about":[{"href":"https:\/\/neher-insektenschutz.ch\/it\/wp-json\/wp\/v2\/types\/page"}],"author":[{"embeddable":true,"href":"https:\/\/neher-insektenschutz.ch\/it\/wp-json\/wp\/v2\/users\/8"}],"replies":[{"embeddable":true,"href":"https:\/\/neher-insektenschutz.ch\/it\/wp-json\/wp\/v2\/comments?post=5477"}],"version-history":[{"count":12,"href":"https:\/\/neher-insektenschutz.ch\/it\/wp-json\/wp\/v2\/pages\/5477\/revisions"}],"predecessor-version":[{"id":11562,"href":"https:\/\/neher-insektenschutz.ch\/it\/wp-json\/wp\/v2\/pages\/5477\/revisions\/11562"}],"wp:featuredmedia":[{"embeddable":true,"href":"https:\/\/neher-insektenschutz.ch\/it\/wp-json\/wp\/v2\/media\/4507"}],"wp:attachment":[{"href":"https:\/\/neher-insektenschutz.ch\/it\/wp-json\/wp\/v2\/media?parent=5477"}],"curies":[{"name":"wp","href":"https:\/\/api.w.org\/{rel}","templated":true}]}}