{"id":11305,"date":"2025-10-10T09:08:23","date_gmt":"2025-10-10T07:08:23","guid":{"rendered":"https:\/\/neher-insektenschutz.ch\/?page_id=11305"},"modified":"2026-04-23T05:52:44","modified_gmt":"2026-04-23T03:52:44","slug":"ersatz-drehstabfeder-pendeltur","status":"publish","type":"page","link":"https:\/\/neher-insektenschutz.ch\/ersatz-drehstabfeder-pendeltur\/","title":{"rendered":"Ersatz f\u00fcr die Drehstabfeder einer Pendelt\u00fcr."},"content":{"rendered":"\n<div class=\"wp-block-cover is-light hero-cover\"><img loading=\"lazy\" decoding=\"async\" width=\"1500\" height=\"1000\" class=\"wp-block-cover__image-background wp-image-11308 size-full\" alt=\"Ein brauner Hund \u00f6ffnet eine Pendelt\u00fcr mit Insektenschutznetz und schaut ins moderne Wohnzimmer, in dem ein kariertes Sessel mit gelbem Kissen und ein Esstisch mit schwarzen St\u00fchlen stehen.\" src=\"https:\/\/neher-insektenschutz.ch\/wp-content\/uploads\/2025\/10\/hund-oeffnet-pendeltuer-insektenschutz-wohnzimmer.webp\" data-object-fit=\"cover\" srcset=\"https:\/\/neher-insektenschutz.ch\/wp-content\/uploads\/2025\/10\/hund-oeffnet-pendeltuer-insektenschutz-wohnzimmer.webp 1500w, https:\/\/neher-insektenschutz.ch\/wp-content\/uploads\/2025\/10\/hund-oeffnet-pendeltuer-insektenschutz-wohnzimmer-300x200.webp 300w, https:\/\/neher-insektenschutz.ch\/wp-content\/uploads\/2025\/10\/hund-oeffnet-pendeltuer-insektenschutz-wohnzimmer-1024x683.webp 1024w, https:\/\/neher-insektenschutz.ch\/wp-content\/uploads\/2025\/10\/hund-oeffnet-pendeltuer-insektenschutz-wohnzimmer-768x512.webp 768w, https:\/\/neher-insektenschutz.ch\/wp-content\/uploads\/2025\/10\/hund-oeffnet-pendeltuer-insektenschutz-wohnzimmer-600x400.webp 600w\" sizes=\"auto, (max-width: 1500px) 100vw, 1500px\" \/><span aria-hidden=\"true\" class=\"wp-block-cover__background has-background-dim\" style=\"background-color:#a29f9b\"><\/span><div class=\"wp-block-cover__inner-container is-layout-constrained wp-block-cover-is-layout-constrained\">\n<p class=\"has-text-align-center has-large-font-size\"><\/p>\n<\/div><\/div>\n\n\n\n<div class=\"hero\">\n\t    <div class=\"wrap\">\n        \n\n<h2 class=\"wp-block-heading\">Ersatz f\u00fcr die Drehstabfeder einer Pendelt\u00fcr.<\/h2>\n\n\n\n<p>Besch\u00e4digte Drehstabfeder? Stellen Sie die volle Funktionsf\u00e4higkeit Ihrer Pendelt\u00fcr schnell wieder her<\/p>\n\n\n\n<div class=\"wp-block-button is-style-primary\" id=\"Produktseite:-Drehstabfeder-f\u00fcr-Pendelt\u00fcre-auf-smart-insektenschutz.ch\"><a class=\"wp-block-button__link wp-element-button\" href=\"https:\/\/smart-insektenschutz.ch\/produkt\/drehstabfeder-fuer-pendeltuere\/\" rel=\"https:\/\/smart-insektenschutz.ch\/produkt\/drehstabfeder-fuer-pendeltuere\/ noopener\" target=\"_blank\"><strong>Drehstabfeder bestellen<\/strong><\/a><\/div>\n\n\n    <\/div>\n<\/div>\n\n\n<figure class=\"wp-block-embed is-type-video is-provider-vimeo wp-block-embed-vimeo wp-embed-aspect-16-9 wp-has-aspect-ratio\"><div class=\"wp-block-embed__wrapper\">\n<iframe loading=\"lazy\" title=\"Pendelt\u00fcr PT2_Federtausch\" src=\"https:\/\/player.vimeo.com\/video\/1113813314?h=05e50cb4a6&amp;dnt=1&amp;app_id=122963\" width=\"1778\" height=\"1000\" frameborder=\"0\" allow=\"autoplay; fullscreen; picture-in-picture; clipboard-write; encrypted-media; web-share\" referrerpolicy=\"strict-origin-when-cross-origin\"><\/iframe>\n<\/div><\/figure>\n\n\n\n<div class=\"wp-block-columns is-layout-flex wp-container-core-columns-is-layout-9d6595d7 wp-block-columns-is-layout-flex\">\n<div class=\"wp-block-column column-left is-layout-flow wp-block-column-is-layout-flow\">\n<figure class=\"wp-block-image size-full\"><img loading=\"lazy\" decoding=\"async\" width=\"616\" height=\"436\" src=\"https:\/\/neher-insektenschutz.ch\/wp-content\/uploads\/2024\/04\/Fliegengitter-Drehrahmen-volle-Haende-1.webp\" alt=\"Kundin \u00f6ffnet Fliegengitter Drehrahmen mit der Fussbedienung, trotz voller H\u00e4nde.\" class=\"wp-image-8173\" title=\"\" srcset=\"https:\/\/neher-insektenschutz.ch\/wp-content\/uploads\/2024\/04\/Fliegengitter-Drehrahmen-volle-Haende-1.webp 616w, https:\/\/neher-insektenschutz.ch\/wp-content\/uploads\/2024\/04\/Fliegengitter-Drehrahmen-volle-Haende-1-300x212.webp 300w, https:\/\/neher-insektenschutz.ch\/wp-content\/uploads\/2024\/04\/Fliegengitter-Drehrahmen-volle-Haende-1-600x425.webp 600w\" sizes=\"auto, (max-width: 616px) 100vw, 616px\" \/><\/figure>\n<\/div>\n\n\n\n<div class=\"wp-block-column column-right is-layout-flow wp-block-column-is-layout-flow\">\n<h3 class=\"wp-block-heading\">Einfacher Austausch besch\u00e4digter Drehstabfedern<\/h3>\n\n\n\n<p>Bei Montagearbeiten an einer <a href=\"https:\/\/neher-insektenschutz.ch\/products\/drehtuer-pendeltuer\/\" data-type=\"neher-product\" data-id=\"1403\">Pendelt\u00fcr<\/a> kann es vorkommen, dass die Drehstabfeder besch\u00e4digt wird oder ihre Form verliert. In diesem Fall ist ein Wechsel notwendig. Das Austauschset f\u00fcr Pendelt\u00fcr-Systeme erm\u00f6glicht eine rasche Reparatur und garantiert, dass Ihre T\u00fcr wieder einwandfrei und sicher schliesst.<\/p>\n<\/div>\n<\/div>\n\n\n\n<div class=\"wp-block-columns is-layout-flex wp-container-core-columns-is-layout-9d6595d7 wp-block-columns-is-layout-flex\">\n<div class=\"wp-block-column column-left is-layout-flow wp-block-column-is-layout-flow\">\n<h3 class=\"wp-block-heading\">Federkraft einfach und zuverl\u00e4ssig ver\u00e4ndern<\/h3>\n\n\n\n<p>Oftmals m\u00f6chten Anwender auch die Schliesskraft einer bereits verbauten <a href=\"https:\/\/neher-insektenschutz.ch\/products\/pendelfenster\/\" data-type=\"neher-product\" data-id=\"1126\">Pendelt\u00fcr<\/a> nachtr\u00e4glich anpassen &#8211; sei es zur Erh\u00f6hung oder Reduzierung des Schliessdrucks. Mit dem geeigneten Federsatz l\u00e4sst sich diese Justierung pr\u00e4zise und problemlos durchf\u00fchren.<\/p>\n<\/div>\n\n\n\n<div class=\"wp-block-column column-right is-layout-flow wp-block-column-is-layout-flow\">\n<figure class=\"wp-block-image size-full column-right\"><img loading=\"lazy\" decoding=\"async\" width=\"616\" height=\"436\" src=\"https:\/\/neher-insektenschutz.ch\/wp-content\/uploads\/2023\/08\/aeltere_dame_und_herr_fliegngitter_pendeltuer.jpg\" alt=\"Die Pendelt\u00fcr im Einsatz. Sichtbar ist, wie ein \u00e4lterer Herr gerade l\u00e4chelnd von der Terrasse ins Haus geht.\" class=\"wp-image-3200\" srcset=\"https:\/\/neher-insektenschutz.ch\/wp-content\/uploads\/2023\/08\/aeltere_dame_und_herr_fliegngitter_pendeltuer.jpg 616w, https:\/\/neher-insektenschutz.ch\/wp-content\/uploads\/2023\/08\/aeltere_dame_und_herr_fliegngitter_pendeltuer-300x212.jpg 300w, https:\/\/neher-insektenschutz.ch\/wp-content\/uploads\/2023\/08\/aeltere_dame_und_herr_fliegngitter_pendeltuer-600x425.jpg 600w\" sizes=\"auto, (max-width: 616px) 100vw, 616px\" \/><\/figure>\n<\/div>\n<\/div>\n\n\n\n<div class=\"wp-block-columns is-layout-flex wp-container-core-columns-is-layout-9d6595d7 wp-block-columns-is-layout-flex\">\n<div class=\"wp-block-column column-left is-layout-flow wp-block-column-is-layout-flow\">\n<figure class=\"wp-block-image size-full\"><img loading=\"lazy\" decoding=\"async\" width=\"616\" height=\"436\" src=\"https:\/\/neher-insektenschutz.ch\/wp-content\/uploads\/2023\/07\/Fliegengitter-Pendeltuer-Terrasse.jpg\" alt=\"Eine Frau, welche die Fliegengitter Pendelt\u00fcr besitzt. Sie \u00f6ffnet die T\u00fcr nach draussen.\" class=\"wp-image-8495\" srcset=\"https:\/\/neher-insektenschutz.ch\/wp-content\/uploads\/2023\/07\/Fliegengitter-Pendeltuer-Terrasse.jpg 616w, https:\/\/neher-insektenschutz.ch\/wp-content\/uploads\/2023\/07\/Fliegengitter-Pendeltuer-Terrasse-300x212.jpg 300w, https:\/\/neher-insektenschutz.ch\/wp-content\/uploads\/2023\/07\/Fliegengitter-Pendeltuer-Terrasse-600x425.jpg 600w\" sizes=\"auto, (max-width: 616px) 100vw, 616px\" \/><\/figure>\n<\/div>\n\n\n\n<div class=\"wp-block-column column-right is-layout-flow wp-block-column-is-layout-flow\">\n<h3 class=\"wp-block-heading\">L\u00e4ngere Lebensdauer durch gleichzeitigen Austausch<\/h3>\n\n\n\n<p>Sobald Sie feststellen, dass eine Drehstabfeder defekt oder gebrochen ist, sollten Sie beide Federelemente erneuern. Die zweite Feder hat durch die jahrelange Nutzung ebenfalls an Spannkraft verloren und kann in ihrer Leistung beeintr\u00e4chtigt sein. Der parallele Wechsel beider Federn sichert eine ausgeglichene Federwirkung und verl\u00e4ngert die Nutzungsdauer Ihrer Pendelt\u00fcr-Mechanik erheblich.<\/p>\n<\/div>\n<\/div>\n","protected":false},"excerpt":{"rendered":"<p>Einfacher Austausch besch\u00e4digter Drehstabfedern Bei Montagearbeiten an einer Pendelt\u00fcr kann es vorkommen, dass die Drehstabfeder besch\u00e4digt wird oder ihre Form verliert. In diesem Fall ist ein Wechsel notwendig. Das Austauschset f\u00fcr Pendelt\u00fcr-Systeme erm\u00f6glicht eine rasche Reparatur und garantiert, dass Ihre T\u00fcr wieder einwandfrei und sicher schliesst. Federkraft einfach und zuverl\u00e4ssig ver\u00e4ndern Oftmals m\u00f6chten Anwender auch [&hellip;]<\/p>\n","protected":false},"author":12,"featured_media":10917,"parent":0,"menu_order":0,"comment_status":"closed","ping_status":"closed","template":"","meta":{"_acf_changed":false,"inline_featured_image":false,"_genesis_hide_title":false,"_genesis_hide_breadcrumbs":false,"_genesis_hide_singular_image":false,"_genesis_custom_body_class":"","_genesis_custom_post_class":"","_genesis_layout":"","pgc_sgb_lightbox_settings":"","two_page_speed":{"current_score":{"desktop_score":83,"desktop_tti":"2.9\u00a0","mobile_score":54,"mobile_tti":"14.1\u00a0","date":"11.11.2025 08:30:16 pm","status":"error_no_score"}},"footnotes":""},"class_list":{"0":"post-11305","1":"page","2":"type-page","3":"status-publish","4":"has-post-thumbnail","6":"entry"},"acf":[],"_links":{"self":[{"href":"https:\/\/neher-insektenschutz.ch\/it\/wp-json\/wp\/v2\/pages\/11305","targetHints":{"allow":["GET"]}}],"collection":[{"href":"https:\/\/neher-insektenschutz.ch\/it\/wp-json\/wp\/v2\/pages"}],"about":[{"href":"https:\/\/neher-insektenschutz.ch\/it\/wp-json\/wp\/v2\/types\/page"}],"author":[{"embeddable":true,"href":"https:\/\/neher-insektenschutz.ch\/it\/wp-json\/wp\/v2\/users\/12"}],"replies":[{"embeddable":true,"href":"https:\/\/neher-insektenschutz.ch\/it\/wp-json\/wp\/v2\/comments?post=11305"}],"version-history":[{"count":36,"href":"https:\/\/neher-insektenschutz.ch\/it\/wp-json\/wp\/v2\/pages\/11305\/revisions"}],"predecessor-version":[{"id":11351,"href":"https:\/\/neher-insektenschutz.ch\/it\/wp-json\/wp\/v2\/pages\/11305\/revisions\/11351"}],"wp:featuredmedia":[{"embeddable":true,"href":"https:\/\/neher-insektenschutz.ch\/it\/wp-json\/wp\/v2\/media\/10917"}],"wp:attachment":[{"href":"https:\/\/neher-insektenschutz.ch\/it\/wp-json\/wp\/v2\/media?parent=11305"}],"curies":[{"name":"wp","href":"https:\/\/api.w.org\/{rel}","templated":true}]}}