{"id":8113,"date":"2025-05-22T11:01:56","date_gmt":"2025-05-22T09:01:56","guid":{"rendered":"https:\/\/neher-insektenschutz.ch\/?page_id=8113"},"modified":"2025-11-21T17:37:45","modified_gmt":"2025-11-21T16:37:45","slug":"pourquoi-des-moustiquaires-de-neher","status":"publish","type":"page","link":"https:\/\/neher-insektenschutz.ch\/fr\/pourquoi-neher\/","title":{"rendered":"Pourquoi des moustiquaires de Neher ?"},"content":{"rendered":"\n<div class=\"wp-block-cover is-light hero-cover has-regular-font-size\"><img loading=\"lazy\" decoding=\"async\" width=\"2000\" height=\"1045\" class=\"wp-block-cover__image-background wp-image-8145\" alt=\"Kunden von Neher. Die Familie ist zufrieden mit Ihrer neuen Pendelt\u00fcr.\" src=\"https:\/\/neher-insektenschutz.ch\/wp-content\/uploads\/2024\/04\/Familie-Kunden-Fliegengitter-Pendeltuer.jpg\" style=\"object-position:100% 0%\" data-object-fit=\"cover\" data-object-position=\"100% 0%\" srcset=\"https:\/\/neher-insektenschutz.ch\/wp-content\/uploads\/2024\/04\/Familie-Kunden-Fliegengitter-Pendeltuer.jpg 2000w, https:\/\/neher-insektenschutz.ch\/wp-content\/uploads\/2024\/04\/Familie-Kunden-Fliegengitter-Pendeltuer-300x157.jpg 300w, https:\/\/neher-insektenschutz.ch\/wp-content\/uploads\/2024\/04\/Familie-Kunden-Fliegengitter-Pendeltuer-1024x535.jpg 1024w, https:\/\/neher-insektenschutz.ch\/wp-content\/uploads\/2024\/04\/Familie-Kunden-Fliegengitter-Pendeltuer-768x401.jpg 768w, https:\/\/neher-insektenschutz.ch\/wp-content\/uploads\/2024\/04\/Familie-Kunden-Fliegengitter-Pendeltuer-1536x803.jpg 1536w, https:\/\/neher-insektenschutz.ch\/wp-content\/uploads\/2024\/04\/Familie-Kunden-Fliegengitter-Pendeltuer-600x314.jpg 600w\" sizes=\"auto, (max-width: 2000px) 100vw, 2000px\" \/><span aria-hidden=\"true\" class=\"wp-block-cover__background has-background-dim-0 has-background-dim\"><\/span><div class=\"wp-block-cover__inner-container is-layout-constrained wp-block-cover-is-layout-constrained\">\n<p class=\"has-text-align-center has-large-font-size\"><\/p>\n<\/div><\/div>\n\n<div class=\"hero\">\n\t    <div class=\"wrap\">\n        \n\n<h1 class=\"wp-block-heading\">Raisons de choisir une moustiquaire du syst\u00e8me Neher<\/h1>\n\n\n\n<p>Sur cette page, vous trouverez une \u00e9valuation d\u00e9taill\u00e9e des moustiquaires du syst\u00e8me Neher, incluant leurs avantages et inconv\u00e9nients. Ces informations visent \u00e0 vous aider \u00e0 prendre une d\u00e9cision \u00e9clair\u00e9e. Nous expliquons \u00e9galement pourquoi le choix d&rsquo;une moustiquaire Neher peut \u00eatre une excellente d\u00e9cision pour votre maison ou votre bureau.<\/p>\n\n\n    <\/div>\n<\/div>\n<div class=\"columns\">\n    \n\n<div class=\"wp-block-columns is-layout-flex wp-container-core-columns-is-layout-9d6595d7 wp-block-columns-is-layout-flex\">\n<div class=\"wp-block-column column-left is-layout-flow wp-block-column-is-layout-flow\">\n<figure class=\"wp-block-image size-full\"><img loading=\"lazy\" decoding=\"async\" width=\"1232\" height=\"872\" src=\"https:\/\/neher-insektenschutz.ch\/wp-content\/uploads\/2024\/04\/Kind-und-Vater-Kunden-Neher.jpg\" alt=\"Ce sont des clients de Neher. Le p&#xE8;re et l&#x2019;enfant sont satisfaits des moustiquaires.\" class=\"wp-image-8138\" srcset=\"https:\/\/neher-insektenschutz.ch\/wp-content\/uploads\/2024\/04\/Kind-und-Vater-Kunden-Neher.jpg 1232w, https:\/\/neher-insektenschutz.ch\/wp-content\/uploads\/2024\/04\/Kind-und-Vater-Kunden-Neher-300x212.jpg 300w, https:\/\/neher-insektenschutz.ch\/wp-content\/uploads\/2024\/04\/Kind-und-Vater-Kunden-Neher-1024x725.jpg 1024w, https:\/\/neher-insektenschutz.ch\/wp-content\/uploads\/2024\/04\/Kind-und-Vater-Kunden-Neher-768x544.jpg 768w, https:\/\/neher-insektenschutz.ch\/wp-content\/uploads\/2024\/04\/Kind-und-Vater-Kunden-Neher-600x425.jpg 600w\" sizes=\"auto, (max-width: 1232px) 100vw, 1232px\" \/><\/figure>\n<\/div>\n\n\n\n<div class=\"wp-block-column column-right is-layout-flow wp-block-column-is-layout-flow\">\n<h3 class=\"wp-block-heading\">Pourquoi des moustiquaires du syst\u00e8me Neher ? \u2013 R\u00e9sum\u00e9<\/h3>\n\n\n\n<p>Neher est le leader des syst\u00e8mes de protection contre les insectes et propose des moustiquaires sur mesure, fabriqu\u00e9es avec des mat\u00e9riaux de haute qualit\u00e9 et durables. Ces produits sont non seulement \u00e9cologiques, car exempts de substances chimiques nocives, mais aussi faciles \u00e0 utiliser et \u00e0 entretenir. Gr\u00e2ce \u00e0 leur design discret et personnalisable en couleur, ils s\u2019int\u00e8grent harmonieusement dans tous les int\u00e9rieurs.<\/p>\n\n\n\n<p>Der Kundenservice bei Neher umfasst individuelle Beratung und fachgerechte Montage, was, zusammen mit einem ausgezeichneten Preis-Leistungs-Verh\u00e4ltnis, die Produkte besonders attraktiv macht. Als Marktf\u00fchrer im Bereich massgefertigter Insektenschutzl\u00f6sungen steht Neher f\u00fcr Qualit\u00e4t und Kundenzufriedenheit, was die Entscheidung f\u00fcr ein Neher-M\u00fcckengitter zu einer nachhaltigen und lohnenswerten Investition macht. <\/p>\n<\/div>\n<\/div>\n\n\n<\/div>\n<div class=\"columns\">\n    \n\n<div class=\"wp-block-columns is-layout-flex wp-container-core-columns-is-layout-9d6595d7 wp-block-columns-is-layout-flex\">\n<div class=\"wp-block-column column-right is-layout-flow wp-block-column-is-layout-flow\">\n<h3 class=\"wp-block-heading\">Inconv\u00e9nients d\u2019une moustiquaire Neher<\/h3>\n\n\n\n<ul class=\"wp-block-list\">\n<li><strong>Facteur co\u00fbt<\/strong> : Une moustiquaire Neher est plus ch\u00e8re \u00e0 l\u2019achat que les produits vendus en grande surface. Cela s\u2019explique par l\u2019utilisation de mat\u00e9riaux de haute qualit\u00e9 et une fabrication conforme \u00e0 des normes strictes. De plus, ces moustiquaires offrent une solution plus fiable compar\u00e9e aux produits de bricolage.<\/li>\n\n\n\n<li><strong>Disponibilit\u00e9<\/strong> : Une moustiquaire Neher n\u2019est pas disponible aussi rapidement qu\u2019un mod\u00e8le de grande surface. Cela s\u2019explique par le fait que les produits Neher sont fabriqu\u00e9s sur mesure afin de garantir une \u00e9tanch\u00e9it\u00e9 optimale des fen\u00eatres. Les moustiquaires de bricolage, en revanche, sont standardis\u00e9es et doivent souvent \u00eatre d\u00e9coup\u00e9es par l\u2019acheteur lui-m\u00eame sur place.<\/li>\n<\/ul>\n<\/div>\n\n\n\n<div class=\"wp-block-column column-left is-layout-flow wp-block-column-is-layout-flow\">\n<figure class=\"wp-block-image size-full\"><img loading=\"lazy\" decoding=\"async\" width=\"616\" height=\"436\" src=\"https:\/\/neher-insektenschutz.ch\/wp-content\/uploads\/2023\/11\/Fliegengitter-Plissee-Neher-Herr.webp\" alt=\"\" class=\"wp-image-4489\" srcset=\"https:\/\/neher-insektenschutz.ch\/wp-content\/uploads\/2023\/11\/Fliegengitter-Plissee-Neher-Herr.webp 616w, https:\/\/neher-insektenschutz.ch\/wp-content\/uploads\/2023\/11\/Fliegengitter-Plissee-Neher-Herr-300x212.webp 300w, https:\/\/neher-insektenschutz.ch\/wp-content\/uploads\/2023\/11\/Fliegengitter-Plissee-Neher-Herr-600x425.webp 600w\" sizes=\"auto, (max-width: 616px) 100vw, 616px\" \/><\/figure>\n<\/div>\n<\/div>\n\n\n<\/div>\n<div class=\"columns\">\n    \n\n<div class=\"wp-block-columns is-layout-flex wp-container-core-columns-is-layout-9d6595d7 wp-block-columns-is-layout-flex\">\n<div class=\"wp-block-column column-left is-layout-flow wp-block-column-is-layout-flow\">\n<figure class=\"wp-block-image size-large\"><img loading=\"lazy\" decoding=\"async\" width=\"1024\" height=\"725\" src=\"https:\/\/neher-insektenschutz.ch\/wp-content\/uploads\/2024\/04\/Neher-Fliegengitter-Garantie-Logo-1024x725.png\" alt=\"Logo de garantie Neher &#x2013; Garantie 10 ans\" class=\"wp-image-8106\" srcset=\"https:\/\/neher-insektenschutz.ch\/wp-content\/uploads\/2024\/04\/Neher-Fliegengitter-Garantie-Logo-1024x725.png 1024w, https:\/\/neher-insektenschutz.ch\/wp-content\/uploads\/2024\/04\/Neher-Fliegengitter-Garantie-Logo-300x212.png 300w, https:\/\/neher-insektenschutz.ch\/wp-content\/uploads\/2024\/04\/Neher-Fliegengitter-Garantie-Logo-768x544.png 768w, https:\/\/neher-insektenschutz.ch\/wp-content\/uploads\/2024\/04\/Neher-Fliegengitter-Garantie-Logo-600x425.png 600w, https:\/\/neher-insektenschutz.ch\/wp-content\/uploads\/2024\/04\/Neher-Fliegengitter-Garantie-Logo.png 1232w\" sizes=\"auto, (max-width: 1024px) 100vw, 1024px\" \/><\/figure>\n<\/div>\n\n\n\n<div class=\"wp-block-column column-right is-layout-flow wp-block-column-is-layout-flow\">\n<h3 class=\"wp-block-heading\">Avantages d\u2019une moustiquaire Neher<\/h3>\n\n\n\n<ul class=\"wp-block-list\">\n<li>Les moustiquaires de Neher sont reconnues pour leur <strong>haute qualit\u00e9<\/strong>. Elles passent par plusieurs \u00e9tapes de contr\u00f4le qualit\u00e9 et sont fabriqu\u00e9es \u00e0 partir de mat\u00e9riaux robustes et haut de gamme. Neher a une telle confiance en ses produits que l\u2019entreprise offre une <strong>garantie de dix ans<\/strong> sur ses moustiquaires.<\/li>\n\n\n\n<li>Un autre avantage des produits r\u00e9side dans leur <strong>fabrication sur mesure<\/strong>, qui permet une protection optimale. Gr\u00e2ce \u00e0 l\u2019adaptation individuelle, les fen\u00eatres peuvent \u00eatre parfaitement \u00e9tanch\u00e9ifi\u00e9es, emp\u00eachant ainsi toute intrusion d\u2019insectes.<\/li>\n\n\n\n<li>Les moustiquaires de Neher n\u2019ont pas besoin d\u2019\u00eatre install\u00e9es par les clients eux-m\u00eames. <strong>L\u2019installation est effectu\u00e9e par des revendeurs sp\u00e9cialis\u00e9s de Neher<\/strong>, form\u00e9s sp\u00e9cialement et disposant de nombreuses ann\u00e9es d\u2019exp\u00e9rience avec les produits. Cela \u00e9pargne aux clients le souci de mal prendre les mesures ou de passer une commande incorrecte.<\/li>\n<\/ul>\n<\/div>\n<\/div>\n\n\n<\/div>\n<div class=\"columns\">\n    \n\n<div class=\"wp-block-columns is-layout-flex wp-container-core-columns-is-layout-9d6595d7 wp-block-columns-is-layout-flex\">\n<div class=\"wp-block-column column-right is-layout-flow wp-block-column-is-layout-flow\">\n<h3 class=\"wp-block-heading\">Autres avantages des moustiquaires Neher<\/h3>\n\n\n\n<ul class=\"wp-block-list\">\n<li>La <strong>durabilit\u00e9<\/strong> des moustiquaires constitue un avantage majeur. Elles sont con\u00e7ues pour offrir une protection fiable pendant de nombreuses ann\u00e9es.<\/li>\n\n\n\n<li>Les cadres des moustiquaires peuvent \u00eatre parfaitement adapt\u00e9s \u00e0 votre int\u00e9rieur en termes de coloris. Avec un choix de plus de <strong>1000 couleurs sp\u00e9ciales<\/strong>, Neher offre un large \u00e9ventail de possibilit\u00e9s pour une int\u00e9gration discr\u00e8te et harmonieuse.<\/li>\n<\/ul>\n<\/div>\n\n\n\n<div class=\"wp-block-column column-left is-layout-flow wp-block-column-is-layout-flow\">\n<figure class=\"wp-block-image size-large\"><img loading=\"lazy\" decoding=\"async\" width=\"1024\" height=\"725\" src=\"https:\/\/neher-insektenschutz.ch\/wp-content\/uploads\/2024\/04\/Standardfarben-Insektenschutzgitter-1024x725.jpg\" alt=\"Voici les couleurs standards des cadres de moustiquaires.\" class=\"wp-image-8132\" srcset=\"https:\/\/neher-insektenschutz.ch\/wp-content\/uploads\/2024\/04\/Standardfarben-Insektenschutzgitter-1024x725.jpg 1024w, https:\/\/neher-insektenschutz.ch\/wp-content\/uploads\/2024\/04\/Standardfarben-Insektenschutzgitter-300x212.jpg 300w, https:\/\/neher-insektenschutz.ch\/wp-content\/uploads\/2024\/04\/Standardfarben-Insektenschutzgitter-768x544.jpg 768w, https:\/\/neher-insektenschutz.ch\/wp-content\/uploads\/2024\/04\/Standardfarben-Insektenschutzgitter-600x425.jpg 600w, https:\/\/neher-insektenschutz.ch\/wp-content\/uploads\/2024\/04\/Standardfarben-Insektenschutzgitter.jpg 1232w\" sizes=\"auto, (max-width: 1024px) 100vw, 1024px\" \/><\/figure>\n<\/div>\n<\/div>\n\n\n<\/div><div class=\"action\" rel=\"in-view\">\n        \n\n<h4 class=\"wp-block-heading\">Prenez rendez-vous pour une consultation d\u00e8s maintenant.<\/h4>\n\n\n\n<p>Les consultations et les devis sont gratuits et sans engagement.<\/p>\n\n\n\n<div class=\"wp-block-buttons is-layout-flex wp-block-buttons-is-layout-flex\">\n<div class=\"wp-block-button is-style-primary\"><a class=\"wp-block-button__link wp-element-button\" href=\"https:\/\/neher-insektenschutz.ch\/fr\/demande-doffre\/\">Faire une demande maintenant<\/a><\/div>\n<\/div>\n\n\n    <\/div>","protected":false},"excerpt":{"rendered":"","protected":false},"author":8,"featured_media":0,"parent":0,"menu_order":0,"comment_status":"closed","ping_status":"closed","template":"","meta":{"_acf_changed":false,"inline_featured_image":false,"_genesis_hide_title":false,"_genesis_hide_breadcrumbs":false,"_genesis_hide_singular_image":false,"_genesis_custom_body_class":"","_genesis_custom_post_class":"","_genesis_layout":"","pgc_sgb_lightbox_settings":"","two_page_speed":{"current_score":{"desktop_score":82,"desktop_tti":"2.4\u00a0","mobile_score":56.99999999999999289457264239899814128875732421875,"mobile_tti":"10.7\u00a0","date":"23.05.2025 06:04:43 pm","status":"error_no_score"}},"footnotes":""},"class_list":{"0":"post-8113","1":"page","2":"type-page","3":"status-publish","5":"entry"},"acf":[],"_links":{"self":[{"href":"https:\/\/neher-insektenschutz.ch\/fr\/wp-json\/wp\/v2\/pages\/8113","targetHints":{"allow":["GET"]}}],"collection":[{"href":"https:\/\/neher-insektenschutz.ch\/fr\/wp-json\/wp\/v2\/pages"}],"about":[{"href":"https:\/\/neher-insektenschutz.ch\/fr\/wp-json\/wp\/v2\/types\/page"}],"author":[{"embeddable":true,"href":"https:\/\/neher-insektenschutz.ch\/fr\/wp-json\/wp\/v2\/users\/8"}],"replies":[{"embeddable":true,"href":"https:\/\/neher-insektenschutz.ch\/fr\/wp-json\/wp\/v2\/comments?post=8113"}],"version-history":[{"count":5,"href":"https:\/\/neher-insektenschutz.ch\/fr\/wp-json\/wp\/v2\/pages\/8113\/revisions"}],"predecessor-version":[{"id":10945,"href":"https:\/\/neher-insektenschutz.ch\/fr\/wp-json\/wp\/v2\/pages\/8113\/revisions\/10945"}],"wp:attachment":[{"href":"https:\/\/neher-insektenschutz.ch\/fr\/wp-json\/wp\/v2\/media?parent=8113"}],"curies":[{"name":"wp","href":"https:\/\/api.w.org\/{rel}","templated":true}]}}