{"id":791,"date":"2022-07-27T11:10:30","date_gmt":"2022-07-27T09:10:30","guid":{"rendered":"https:\/\/neher-insektenschutz.ch\/?page_id=791"},"modified":"2025-11-18T22:06:34","modified_gmt":"2025-11-18T21:06:34","slug":"waengi","status":"publish","type":"page","link":"https:\/\/neher-insektenschutz.ch\/waengi\/","title":{"rendered":"W\u00e4ngi"},"content":{"rendered":"\n<div class=\"hero\">\n\t    <div class=\"wrap\">\n        \n\n<h2 class=\"wp-block-heading\">Insektenschutz Beratung und Montage in W\u00e4ngi<\/h2>\n\n\n\n<p><strong>Wir sind f\u00fcr Sie da in W\u00e4ngi<\/strong><\/p>\n\n\n\n<p>Wir bieten in W\u00e4ngi wie auch im ganzen Kanton Thurgau einen Vorortservice wie Beratung, Ausmessen und Montage f\u00fcr s\u00e4mtliche Fliegengitter-Produkte durch unsere lokalen Insektenschutz Fachpartner an.<\/p>\n\n\n\n<div class=\"wp-block-buttons is-layout-flex wp-block-buttons-is-layout-flex\">\n<div class=\"wp-block-button is-style-primary\"><a class=\"wp-block-button__link\" href=\"https:\/\/neher-insektenschutz.ch\/offertenanfrage\/\">jetzt unverbindliche Offerte anfordern<\/a><\/div>\n<\/div>\n\n\n    <\/div>\n<\/div>","protected":false},"excerpt":{"rendered":"","protected":false},"author":7,"featured_media":380,"parent":0,"menu_order":0,"comment_status":"closed","ping_status":"closed","template":"","meta":{"_acf_changed":false,"inline_featured_image":false,"_genesis_hide_title":false,"_genesis_hide_breadcrumbs":false,"_genesis_hide_singular_image":false,"_genesis_custom_body_class":"","_genesis_custom_post_class":"","_genesis_layout":"","pgc_sgb_lightbox_settings":"","two_page_speed":{"current_score":{"desktop_score":100,"desktop_tti":"0.6\u00a0","mobile_score":69,"mobile_tti":"8.0\u00a0","date":"18.11.2025 10:06:59 pm","status":"completed"}},"footnotes":""},"class_list":{"0":"post-791","1":"page","2":"type-page","3":"status-publish","4":"has-post-thumbnail","6":"entry"},"acf":[],"_links":{"self":[{"href":"https:\/\/neher-insektenschutz.ch\/fr\/wp-json\/wp\/v2\/pages\/791","targetHints":{"allow":["GET"]}}],"collection":[{"href":"https:\/\/neher-insektenschutz.ch\/fr\/wp-json\/wp\/v2\/pages"}],"about":[{"href":"https:\/\/neher-insektenschutz.ch\/fr\/wp-json\/wp\/v2\/types\/page"}],"author":[{"embeddable":true,"href":"https:\/\/neher-insektenschutz.ch\/fr\/wp-json\/wp\/v2\/users\/7"}],"replies":[{"embeddable":true,"href":"https:\/\/neher-insektenschutz.ch\/fr\/wp-json\/wp\/v2\/comments?post=791"}],"version-history":[{"count":1,"href":"https:\/\/neher-insektenschutz.ch\/fr\/wp-json\/wp\/v2\/pages\/791\/revisions"}],"predecessor-version":[{"id":794,"href":"https:\/\/neher-insektenschutz.ch\/fr\/wp-json\/wp\/v2\/pages\/791\/revisions\/794"}],"wp:featuredmedia":[{"embeddable":true,"href":"https:\/\/neher-insektenschutz.ch\/fr\/wp-json\/wp\/v2\/media\/380"}],"wp:attachment":[{"href":"https:\/\/neher-insektenschutz.ch\/fr\/wp-json\/wp\/v2\/media?parent=791"}],"curies":[{"name":"wp","href":"https:\/\/api.w.org\/{rel}","templated":true}]}}