{"id":5077,"date":"2023-11-20T09:58:15","date_gmt":"2023-11-20T08:58:15","guid":{"rendered":"https:\/\/neher-insektenschutz.ch\/kuessnacht\/"},"modified":"2025-11-28T10:29:17","modified_gmt":"2025-11-28T09:29:17","slug":"kuessnacht","status":"publish","type":"page","link":"https:\/\/neher-insektenschutz.ch\/fr\/kuessnacht\/","title":{"rendered":"K\u00fcssnacht"},"content":{"rendered":"\n<div class=\"hero\">\n\t    <div class=\"wrap\">\n        \n\n<h2 class=\"wp-block-heading\">Insektenschutz Beratung et Montage in K\u00fcssnacht<\/h2>\n\n\n\n<p><strong>Nous sommes l\u00e0 pour vous \u00e0 K\u00fcssnacht<\/strong><\/p>\n\n\n\n<p>\u00c0 <a href=\"https:\/\/www.kuessnacht.ch\/\" target=\"_blank\" rel=\"noopener\">K\u00fcssnacht<\/a> comme dans tout le canton de Schwyz, nous proposons un service sur place tel que le conseil, la prise de mesures et le montage de tous les produits de moustiquaires par nos partenaires sp\u00e9cialis\u00e9s en moustiquaires locaux.<\/p>\n\n\n\n<div class=\"wp-block-buttons is-layout-flex wp-block-buttons-is-layout-flex\">\n<div class=\"wp-block-button is-style-primary\"><a class=\"wp-block-button__link wp-element-button\" href=\"https:\/\/neher-insektenschutz.ch\/fr\/demande-doffre\/\">demander maintenant des offres indicatives<\/a><\/div>\n<\/div>\n\n\n    <\/div>\n<\/div>\n<div style=\"height:100px\" aria-hidden=\"true\" class=\"wp-block-spacer\"><\/div>\n\n<figure class=\"wp-block-image aligncenter size-large is-resized\"><a href=\"https:\/\/www.kuessnacht.ch\/\" target=\"_blank\" rel=\"noreferrer noopener\"><img loading=\"lazy\" decoding=\"async\" width=\"1024\" height=\"1024\" src=\"https:\/\/neher-insektenschutz.ch\/wp-content\/uploads\/2023\/08\/Kuessnacht-1024x1024.png\" alt=\"\" class=\"wp-image-3009\" style=\"width:286px;height:286px\" srcset=\"https:\/\/neher-insektenschutz.ch\/wp-content\/uploads\/2023\/08\/Kuessnacht-1024x1024.png 1024w, https:\/\/neher-insektenschutz.ch\/wp-content\/uploads\/2023\/08\/Kuessnacht-150x150@2x.png 300w, https:\/\/neher-insektenschutz.ch\/wp-content\/uploads\/2023\/08\/Kuessnacht-150x150.png 150w, https:\/\/neher-insektenschutz.ch\/wp-content\/uploads\/2023\/08\/Kuessnacht-768x768.png 768w, https:\/\/neher-insektenschutz.ch\/wp-content\/uploads\/2023\/08\/Kuessnacht-600x600.png 600w, https:\/\/neher-insektenschutz.ch\/wp-content\/uploads\/2023\/08\/Kuessnacht.png 1200w\" sizes=\"auto, (max-width: 1024px) 100vw, 1024px\" \/><\/a><\/figure>\n\n<div style=\"height:100px\" aria-hidden=\"true\" class=\"wp-block-spacer\"><\/div>\n","protected":false},"excerpt":{"rendered":"","protected":false},"author":8,"featured_media":4016,"parent":0,"menu_order":0,"comment_status":"closed","ping_status":"closed","template":"","meta":{"_acf_changed":false,"inline_featured_image":false,"_genesis_hide_title":false,"_genesis_hide_breadcrumbs":false,"_genesis_hide_singular_image":false,"_genesis_custom_body_class":"","_genesis_custom_post_class":"","_genesis_layout":"","pgc_sgb_lightbox_settings":"","two_page_speed":{"current_score":{"desktop_score":100,"desktop_tti":"0.6\u00a0","mobile_score":94,"mobile_tti":"2.7\u00a0","date":"21.05.2025 08:22:04 pm","status":"error_no_score"}},"footnotes":""},"class_list":{"0":"post-5077","1":"page","2":"type-page","3":"status-publish","4":"has-post-thumbnail","6":"entry"},"acf":[],"_links":{"self":[{"href":"https:\/\/neher-insektenschutz.ch\/fr\/wp-json\/wp\/v2\/pages\/5077","targetHints":{"allow":["GET"]}}],"collection":[{"href":"https:\/\/neher-insektenschutz.ch\/fr\/wp-json\/wp\/v2\/pages"}],"about":[{"href":"https:\/\/neher-insektenschutz.ch\/fr\/wp-json\/wp\/v2\/types\/page"}],"author":[{"embeddable":true,"href":"https:\/\/neher-insektenschutz.ch\/fr\/wp-json\/wp\/v2\/users\/8"}],"replies":[{"embeddable":true,"href":"https:\/\/neher-insektenschutz.ch\/fr\/wp-json\/wp\/v2\/comments?post=5077"}],"version-history":[{"count":4,"href":"https:\/\/neher-insektenschutz.ch\/fr\/wp-json\/wp\/v2\/pages\/5077\/revisions"}],"predecessor-version":[{"id":9697,"href":"https:\/\/neher-insektenschutz.ch\/fr\/wp-json\/wp\/v2\/pages\/5077\/revisions\/9697"}],"wp:featuredmedia":[{"embeddable":true,"href":"https:\/\/neher-insektenschutz.ch\/fr\/wp-json\/wp\/v2\/media\/4016"}],"wp:attachment":[{"href":"https:\/\/neher-insektenschutz.ch\/fr\/wp-json\/wp\/v2\/media?parent=5077"}],"curies":[{"name":"wp","href":"https:\/\/api.w.org\/{rel}","templated":true}]}}