{"id":4975,"date":"2023-11-20T09:21:49","date_gmt":"2023-11-20T08:21:49","guid":{"rendered":"https:\/\/neher-insektenschutz.ch\/spiez\/"},"modified":"2026-04-23T02:32:51","modified_gmt":"2026-04-23T00:32:51","slug":"spiez","status":"publish","type":"page","link":"https:\/\/neher-insektenschutz.ch\/fr\/spiez\/","title":{"rendered":"Spiez"},"content":{"rendered":"\n<div class=\"hero\">\n\t    <div class=\"wrap\">\n        \n\n<h2 class=\"wp-block-heading\">Insektenschutz conseil et montage in Spiez<\/h2>\n\n\n\n<p><strong>Nous sommes l\u00e0 pour vous \u00e0 Spiez<\/strong><\/p>\n\n\n\n<p>Nous proposons \u00e0 <a href=\"https:\/\/www.spiez.ch\" target=\"_blank\" rel=\"noopener\">Spiez<\/a>, comme dans tout le canton de Zurich, un service de conseil, d&rsquo;\u00e9valuation et de montage pour tous les produits de mouches par nos partenaires locaux sp\u00e9cialis\u00e9s dans la protection des insectes.<\/p>\n\n\n\n<div class=\"wp-block-buttons is-layout-flex wp-block-buttons-is-layout-flex\">\n<div class=\"wp-block-button is-style-primary\"><a class=\"wp-block-button__link wp-element-button\" href=\"https:\/\/neher-insektenschutz.ch\/fr\/demande-doffre\/\">demander maintenant des offres indicatives<\/a><\/div>\n<\/div>\n\n\n    <\/div>\n<\/div>\n<div style=\"height:100px\" aria-hidden=\"true\" class=\"wp-block-spacer\"><\/div>\n\n<figure class=\"wp-block-image aligncenter size-large is-resized\"><a href=\"https:\/\/www.spiez.ch\/de\/\" target=\"_blank\" rel=\"noreferrer noopener\"><img loading=\"lazy\" decoding=\"async\" src=\"https:\/\/neher-insektenschutz.ch\/wp-content\/uploads\/2023\/08\/Spiez-809x1024.png\" alt=\"\" class=\"wp-image-3052\" width=\"229\" height=\"290\" srcset=\"https:\/\/neher-insektenschutz.ch\/wp-content\/uploads\/2023\/08\/Spiez-809x1024.png 809w, https:\/\/neher-insektenschutz.ch\/wp-content\/uploads\/2023\/08\/Spiez-237x300.png 237w, https:\/\/neher-insektenschutz.ch\/wp-content\/uploads\/2023\/08\/Spiez-768x972.png 768w, https:\/\/neher-insektenschutz.ch\/wp-content\/uploads\/2023\/08\/Spiez-474x600.png 474w, https:\/\/neher-insektenschutz.ch\/wp-content\/uploads\/2023\/08\/Spiez.png 1200w\" sizes=\"auto, (max-width: 229px) 100vw, 229px\" \/><\/a><\/figure>\n\n<div style=\"height:100px\" aria-hidden=\"true\" class=\"wp-block-spacer\"><\/div>\n","protected":false},"excerpt":{"rendered":"","protected":false},"author":8,"featured_media":4016,"parent":0,"menu_order":0,"comment_status":"closed","ping_status":"closed","template":"","meta":{"_acf_changed":false,"inline_featured_image":false,"_genesis_hide_title":false,"_genesis_hide_breadcrumbs":false,"_genesis_hide_singular_image":false,"_genesis_custom_body_class":"","_genesis_custom_post_class":"","_genesis_layout":"","pgc_sgb_lightbox_settings":"","two_page_speed":{"current_score":{"desktop_score":91,"desktop_tti":"0.4\u00a0","mobile_score":98,"mobile_tti":"2.1\u00a0","date":"22.04.2026 10:24:46 am","status":"completed"}},"footnotes":""},"class_list":{"0":"post-4975","1":"page","2":"type-page","3":"status-publish","4":"has-post-thumbnail","6":"entry"},"acf":[],"_links":{"self":[{"href":"https:\/\/neher-insektenschutz.ch\/fr\/wp-json\/wp\/v2\/pages\/4975","targetHints":{"allow":["GET"]}}],"collection":[{"href":"https:\/\/neher-insektenschutz.ch\/fr\/wp-json\/wp\/v2\/pages"}],"about":[{"href":"https:\/\/neher-insektenschutz.ch\/fr\/wp-json\/wp\/v2\/types\/page"}],"author":[{"embeddable":true,"href":"https:\/\/neher-insektenschutz.ch\/fr\/wp-json\/wp\/v2\/users\/8"}],"replies":[{"embeddable":true,"href":"https:\/\/neher-insektenschutz.ch\/fr\/wp-json\/wp\/v2\/comments?post=4975"}],"version-history":[{"count":8,"href":"https:\/\/neher-insektenschutz.ch\/fr\/wp-json\/wp\/v2\/pages\/4975\/revisions"}],"predecessor-version":[{"id":10506,"href":"https:\/\/neher-insektenschutz.ch\/fr\/wp-json\/wp\/v2\/pages\/4975\/revisions\/10506"}],"wp:featuredmedia":[{"embeddable":true,"href":"https:\/\/neher-insektenschutz.ch\/fr\/wp-json\/wp\/v2\/media\/4016"}],"wp:attachment":[{"href":"https:\/\/neher-insektenschutz.ch\/fr\/wp-json\/wp\/v2\/media?parent=4975"}],"curies":[{"name":"wp","href":"https:\/\/api.w.org\/{rel}","templated":true}]}}