{"id":4969,"date":"2023-11-20T09:20:24","date_gmt":"2023-11-20T08:20:24","guid":{"rendered":"https:\/\/neher-insektenschutz.ch\/schoenenwerd\/"},"modified":"2025-11-26T20:24:08","modified_gmt":"2025-11-26T19:24:08","slug":"schoenenwerd","status":"publish","type":"page","link":"https:\/\/neher-insektenschutz.ch\/fr\/schoenenwerd\/","title":{"rendered":"Sch\u00f6nenwerd"},"content":{"rendered":"\n<div class=\"hero\">\n\t    <div class=\"wrap\">\n        \n\n<h2 class=\"wp-block-heading\">Insektenschutz Beratung und Montage in Sch\u00f6nenwerd<\/h2>\n\n\n\n<p><strong>Nous sommes l\u00e0 pour vous \u00e0 Sch\u00f6nenwerd<\/strong><\/p>\n\n\n\n<p>\u00c0 <a href=\"https:\/\/www.schoenenwerd.ch\/\" target=\"_blank\" rel=\"noopener\">Sch\u00f6nenwerd<\/a> comme dans tout le canton de Soleure, nous proposons un service sur place tel que le conseil, la prise de mesures et le montage de tous les produits de moustiquaires par nos partenaires sp\u00e9cialis\u00e9s locaux.<\/p>\n\n\n\n<div class=\"wp-block-buttons is-layout-flex wp-block-buttons-is-layout-flex\">\n<div class=\"wp-block-button is-style-primary\"><a class=\"wp-block-button__link wp-element-button\" href=\"https:\/\/neher-insektenschutz.ch\/fr\/demande-doffre\/\">demander maintenant une offre sans engagement<\/a><\/div>\n<\/div>\n\n\n    <\/div>\n<\/div>\n<div style=\"height:100px\" aria-hidden=\"true\" class=\"wp-block-spacer\"><\/div>\n\n<figure class=\"wp-block-image aligncenter size-large is-resized\"><a href=\"https:\/\/www.schoenenwerd.ch\/\" target=\"_blank\" rel=\"noreferrer noopener\"><img loading=\"lazy\" decoding=\"async\" width=\"920\" height=\"1024\" src=\"https:\/\/neher-insektenschutz.ch\/wp-content\/uploads\/2023\/08\/Schoenenwerd-920x1024.png\" alt=\"\" class=\"wp-image-2667\" style=\"width:234px;height:260px\" srcset=\"https:\/\/neher-insektenschutz.ch\/wp-content\/uploads\/2023\/08\/Schoenenwerd-920x1024.png 920w, https:\/\/neher-insektenschutz.ch\/wp-content\/uploads\/2023\/08\/Schoenenwerd-269x300.png 269w, https:\/\/neher-insektenschutz.ch\/wp-content\/uploads\/2023\/08\/Schoenenwerd-768x855.png 768w, https:\/\/neher-insektenschutz.ch\/wp-content\/uploads\/2023\/08\/Schoenenwerd-539x600.png 539w, https:\/\/neher-insektenschutz.ch\/wp-content\/uploads\/2023\/08\/Schoenenwerd.png 1200w, https:\/\/neher-insektenschutz.ch\/wp-content\/uploads\/2023\/08\/Schoenenwerd-269x300@2x.png 538w\" sizes=\"auto, (max-width: 920px) 100vw, 920px\" \/><\/a><\/figure>\n\n<div style=\"height:100px\" aria-hidden=\"true\" class=\"wp-block-spacer\"><\/div>\n","protected":false},"excerpt":{"rendered":"","protected":false},"author":8,"featured_media":4016,"parent":0,"menu_order":0,"comment_status":"closed","ping_status":"closed","template":"","meta":{"_acf_changed":false,"inline_featured_image":false,"_genesis_hide_title":false,"_genesis_hide_breadcrumbs":false,"_genesis_hide_singular_image":false,"_genesis_custom_body_class":"","_genesis_custom_post_class":"","_genesis_layout":"","pgc_sgb_lightbox_settings":"","two_page_speed":{"current_score":{"desktop_score":0,"desktop_tti":"","mobile_score":93,"mobile_tti":"2.8\u00a0","date":"22.05.2025 09:50:23 am","status":"error_no_score"}},"footnotes":""},"class_list":{"0":"post-4969","1":"page","2":"type-page","3":"status-publish","4":"has-post-thumbnail","6":"entry"},"acf":[],"_links":{"self":[{"href":"https:\/\/neher-insektenschutz.ch\/fr\/wp-json\/wp\/v2\/pages\/4969","targetHints":{"allow":["GET"]}}],"collection":[{"href":"https:\/\/neher-insektenschutz.ch\/fr\/wp-json\/wp\/v2\/pages"}],"about":[{"href":"https:\/\/neher-insektenschutz.ch\/fr\/wp-json\/wp\/v2\/types\/page"}],"author":[{"embeddable":true,"href":"https:\/\/neher-insektenschutz.ch\/fr\/wp-json\/wp\/v2\/users\/8"}],"replies":[{"embeddable":true,"href":"https:\/\/neher-insektenschutz.ch\/fr\/wp-json\/wp\/v2\/comments?post=4969"}],"version-history":[{"count":8,"href":"https:\/\/neher-insektenschutz.ch\/fr\/wp-json\/wp\/v2\/pages\/4969\/revisions"}],"predecessor-version":[{"id":10633,"href":"https:\/\/neher-insektenschutz.ch\/fr\/wp-json\/wp\/v2\/pages\/4969\/revisions\/10633"}],"wp:featuredmedia":[{"embeddable":true,"href":"https:\/\/neher-insektenschutz.ch\/fr\/wp-json\/wp\/v2\/media\/4016"}],"wp:attachment":[{"href":"https:\/\/neher-insektenschutz.ch\/fr\/wp-json\/wp\/v2\/media?parent=4969"}],"curies":[{"name":"wp","href":"https:\/\/api.w.org\/{rel}","templated":true}]}}