{"id":4952,"date":"2023-11-20T09:16:29","date_gmt":"2023-11-20T08:16:29","guid":{"rendered":"https:\/\/neher-insektenschutz.ch\/neher-app\/"},"modified":"2025-11-28T19:39:54","modified_gmt":"2025-11-28T18:39:54","slug":"neher-app","status":"publish","type":"page","link":"https:\/\/neher-insektenschutz.ch\/fr\/neher-app\/","title":{"rendered":"Neher App"},"content":{"rendered":"\n<div class=\"wp-block-cover is-light hero-cover has-regular-font-size\"><span aria-hidden=\"true\" class=\"wp-block-cover__background has-background-dim-0 has-background-dim\"><\/span><img loading=\"lazy\" decoding=\"async\" width=\"1800\" height=\"941\" class=\"wp-block-cover__image-background wp-image-3328\" alt=\"\" src=\"https:\/\/neher-insektenschutz.ch\/wp-content\/uploads\/2023\/08\/neher_app_besprechung.jpg\" data-object-fit=\"cover\" srcset=\"https:\/\/neher-insektenschutz.ch\/wp-content\/uploads\/2023\/08\/neher_app_besprechung.jpg 1800w, https:\/\/neher-insektenschutz.ch\/wp-content\/uploads\/2023\/08\/neher_app_besprechung-300x157.jpg 300w, https:\/\/neher-insektenschutz.ch\/wp-content\/uploads\/2023\/08\/neher_app_besprechung-1024x535.jpg 1024w, https:\/\/neher-insektenschutz.ch\/wp-content\/uploads\/2023\/08\/neher_app_besprechung-768x401.jpg 768w, https:\/\/neher-insektenschutz.ch\/wp-content\/uploads\/2023\/08\/neher_app_besprechung-1536x803.jpg 1536w, https:\/\/neher-insektenschutz.ch\/wp-content\/uploads\/2023\/08\/neher_app_besprechung-600x314.jpg 600w\" sizes=\"auto, (max-width: 1800px) 100vw, 1800px\" \/><div class=\"wp-block-cover__inner-container is-layout-constrained wp-block-cover-is-layout-constrained\">\n<p class=\"has-text-align-center has-regular-font-size\"><\/p>\n<\/div><\/div>\n\n<div class=\"hero\">\n\t    <div class=\"wrap\">\n        \n\n<h2 class=\"wp-block-heading\">T\u00e9l\u00e9charger l&rsquo;application Neher<\/h2>\n\n\n\n<p>Nous avons le plaisir de vous pr\u00e9senter la Neher-App &#8211; votre plateforme pour une collaboration sans faille avec nous. Sp\u00e9cialement d\u00e9velopp\u00e9e pour les revendeurs sp\u00e9cialis\u00e9s Neher et les partenaires, l&rsquo;app Neher vous permet d&rsquo;acc\u00e9der \u00e0 tous nos produits, \u00e0 la recherche de variantes. Gr\u00e2ce \u00e0 cette App, vous avez, en tant que revendeur sp\u00e9cialis\u00e9 Neher, tous les documents et informations pertinents \u00e0 port\u00e9e de main \u00e0 tout moment.<\/p>\n\n\n    <\/div>\n<\/div>\n<div class=\"columns\">\n    \n\n<div class=\"wp-block-columns is-layout-flex wp-container-core-columns-is-layout-9d6595d7 wp-block-columns-is-layout-flex\">\n<div class=\"wp-block-column column-left is-layout-flow wp-block-column-is-layout-flow\">\n<figure class=\"wp-block-image size-full\"><img loading=\"lazy\" decoding=\"async\" width=\"616\" height=\"436\" src=\"https:\/\/neher-insektenschutz.ch\/wp-content\/uploads\/2023\/08\/Neher-App.jpg\" alt=\"\" class=\"wp-image-3316\" srcset=\"https:\/\/neher-insektenschutz.ch\/wp-content\/uploads\/2023\/08\/Neher-App.jpg 616w, https:\/\/neher-insektenschutz.ch\/wp-content\/uploads\/2023\/08\/Neher-App-300x212.jpg 300w, https:\/\/neher-insektenschutz.ch\/wp-content\/uploads\/2023\/08\/Neher-App-600x425.jpg 600w\" sizes=\"auto, (max-width: 616px) 100vw, 616px\" \/><\/figure>\n<\/div>\n\n\n\n<div class=\"wp-block-column column-right is-layout-flow wp-block-column-is-layout-flow\">\n<h3 class=\"wp-block-heading\">Pourquoi utiliser l&rsquo;application Neher ?<\/h3>\n\n\n\n<p>Des <strong>informations compl\u00e8tes<\/strong> sur les produits : Acc\u00e9dez \u00e0 tous nos produits ainsi qu&rsquo;au localisateur de variantes pour rendre votre travail plus efficace.<\/p>\n\n\n\n<p>Acc\u00e8s exclusif : l&rsquo;application Neher a \u00e9t\u00e9 d\u00e9velopp\u00e9e exclusivement pour les revendeurs et les producteurs Neher afin de vous offrir un soutien optimal.<\/p>\n\n\n\n<p>Utilisation polyvalente : l&rsquo;application Neher est ind\u00e9pendante de la plateforme et peut \u00eatre utilis\u00e9e sur diff\u00e9rents appareils &#8211; que ce soit sur votre PC de bureau dans l&rsquo;entreprise, sur votre ordinateur portable \u00e0 la maison ou sur une tablette lors des visites chez les clients.<\/p>\n<\/div>\n<\/div>\n\n\n<\/div>\n<div class=\"columns\">\n    \n\n<div class=\"wp-block-columns is-layout-flex wp-container-core-columns-is-layout-9d6595d7 wp-block-columns-is-layout-flex\">\n<div class=\"wp-block-column column-right is-layout-flow wp-block-column-is-layout-flow\">\n<h3 class=\"wp-block-heading\">Acc\u00e8s \u00e0 l&rsquo;application Neher &#8211; Demandez maintenant<\/h3>\n\n\n\n<p>Pour obtenir l&rsquo;acc\u00e8s \u00e0 l&rsquo;application Neher, nous prions toutes les personnes int\u00e9ress\u00e9es d&rsquo;utiliser notre formulaire de contact. L&rsquo;application Neher est compatible avec les syst\u00e8mes d&rsquo;exploitation Windows, Android et iOS et offre de multiples fonctions. Pour y acc\u00e9der, veuillez remplir le formulaire de contact sur notre site web et fournir les informations requises. Notre \u00e9quipe traitera votre demande et vous informera des prochaines \u00e9tapes pour activer votre acc\u00e8s.<\/p>\n\n\n\n<p>Nous nous tenons \u00e0 votre disposition pour toute question ou information compl\u00e9mentaire. Profitez de cette occasion pour acc\u00e9der aux avantages de l&rsquo;application Neher.<\/p>\n\n\n\n<div class=\"wp-block-buttons is-layout-flex wp-block-buttons-is-layout-flex\">\n<div class=\"wp-block-button has-custom-width wp-block-button__width-50 is-style-primary\"><a class=\"wp-block-button__link wp-element-button\" href=\"mailto:info@neher-insektenschutz.ch\">Demander l&rsquo;acc\u00e8s<\/a><\/div>\n<\/div>\n<\/div>\n\n\n\n<div class=\"wp-block-column column-left is-layout-flow wp-block-column-is-layout-flow\">\n<figure class=\"wp-block-image size-full\"><img loading=\"lazy\" decoding=\"async\" width=\"1000\" height=\"708\" src=\"https:\/\/neher-insektenschutz.ch\/wp-content\/uploads\/2023\/11\/Neher-App-Log-In-2.webp\" alt=\"\" class=\"wp-image-5184\" srcset=\"https:\/\/neher-insektenschutz.ch\/wp-content\/uploads\/2023\/11\/Neher-App-Log-In-2.webp 1000w, https:\/\/neher-insektenschutz.ch\/wp-content\/uploads\/2023\/11\/Neher-App-Log-In-2-300x212.webp 300w, https:\/\/neher-insektenschutz.ch\/wp-content\/uploads\/2023\/11\/Neher-App-Log-In-2-768x544.webp 768w, https:\/\/neher-insektenschutz.ch\/wp-content\/uploads\/2023\/11\/Neher-App-Log-In-2-600x425.webp 600w\" sizes=\"auto, (max-width: 1000px) 100vw, 1000px\" \/><\/figure>\n<\/div>\n<\/div>\n\n\n<\/div>","protected":false},"excerpt":{"rendered":"","protected":false},"author":8,"featured_media":4046,"parent":0,"menu_order":0,"comment_status":"closed","ping_status":"closed","template":"","meta":{"_acf_changed":false,"inline_featured_image":false,"_genesis_hide_title":false,"_genesis_hide_breadcrumbs":false,"_genesis_hide_singular_image":false,"_genesis_custom_body_class":"","_genesis_custom_post_class":"","_genesis_layout":"","pgc_sgb_lightbox_settings":"","two_page_speed":{"current_score":{"desktop_score":99,"desktop_tti":"0.7\u00a0","mobile_score":83,"mobile_tti":"3.1\u00a0","date":"28.11.2025 07:40:16 pm","status":"completed"}},"footnotes":""},"class_list":{"0":"post-4952","1":"page","2":"type-page","3":"status-publish","4":"has-post-thumbnail","6":"entry"},"acf":[],"_links":{"self":[{"href":"https:\/\/neher-insektenschutz.ch\/fr\/wp-json\/wp\/v2\/pages\/4952","targetHints":{"allow":["GET"]}}],"collection":[{"href":"https:\/\/neher-insektenschutz.ch\/fr\/wp-json\/wp\/v2\/pages"}],"about":[{"href":"https:\/\/neher-insektenschutz.ch\/fr\/wp-json\/wp\/v2\/types\/page"}],"author":[{"embeddable":true,"href":"https:\/\/neher-insektenschutz.ch\/fr\/wp-json\/wp\/v2\/users\/8"}],"replies":[{"embeddable":true,"href":"https:\/\/neher-insektenschutz.ch\/fr\/wp-json\/wp\/v2\/comments?post=4952"}],"version-history":[{"count":6,"href":"https:\/\/neher-insektenschutz.ch\/fr\/wp-json\/wp\/v2\/pages\/4952\/revisions"}],"predecessor-version":[{"id":8036,"href":"https:\/\/neher-insektenschutz.ch\/fr\/wp-json\/wp\/v2\/pages\/4952\/revisions\/8036"}],"wp:featuredmedia":[{"embeddable":true,"href":"https:\/\/neher-insektenschutz.ch\/fr\/wp-json\/wp\/v2\/media\/4046"}],"wp:attachment":[{"href":"https:\/\/neher-insektenschutz.ch\/fr\/wp-json\/wp\/v2\/media?parent=4952"}],"curies":[{"name":"wp","href":"https:\/\/api.w.org\/{rel}","templated":true}]}}