{"id":4910,"date":"2023-11-20T08:59:44","date_gmt":"2023-11-20T07:59:44","guid":{"rendered":"https:\/\/neher-insektenschutz.ch\/protection-des-donnees\/"},"modified":"2026-04-22T15:23:42","modified_gmt":"2026-04-22T13:23:42","slug":"protection-des-donnees","status":"publish","type":"page","link":"https:\/\/neher-insektenschutz.ch\/fr\/protection-des-donnees\/","title":{"rendered":"Protection des donn\u00e9es"},"content":{"rendered":"<p>D\u00e9claration de protection des donn\u00e9es<\/p>\n<p>Vous trouverez ici des informations sur votre protection personnelle des donn\u00e9es.<\/p>\n<h2>1. domaine d&rsquo;application<\/h2>\n<p>La pr\u00e9sente d\u00e9claration de protection des donn\u00e9es informe les utilisateurs sur la nature et l&rsquo;utilisation des donn\u00e9es personnelles par le fournisseur responsable Swiss Trade GmbH, info@neher-insektenschutz.ch, sur ce site Internet.<\/p>\n<p>Les bases juridiques de la protection des donn\u00e9es se trouvent dans la loi f\u00e9d\u00e9rale sur la protection des donn\u00e9es (BDSG) et la loi sur les t\u00e9l\u00e9m\u00e9dias (TMG).<\/p>\n<h2>2. r\u00e9vocation, modifications, rectifications et mises \u00e0 jour<\/h2>\n<p>L&rsquo;utilisateur a le droit d&rsquo;obtenir gratuitement, sur demande, des informations sur les donn\u00e9es \u00e0 caract\u00e8re personnel qui ont \u00e9t\u00e9 enregistr\u00e9es \u00e0 son sujet. En outre, l&rsquo;utilisateur a le droit de rectifier des donn\u00e9es inexactes, de bloquer et de supprimer ses donn\u00e9es personnelles, dans la mesure o\u00f9 aucune obligation l\u00e9gale de conservation ne s&rsquo;y oppose (info@neher-insektenschutz.ch).<\/p>\n<h2>3. donn\u00e9es d&rsquo;acc\u00e8s \/ fichiers journaux du serveur<\/h2>\n<p>Le fournisseur d&rsquo;espace web recueille des donn\u00e9es sur chaque acc\u00e8s \u00e0 l&rsquo;offre (appel\u00e9es fichiers journaux du serveur). Parmi les donn\u00e9es d&rsquo;acc\u00e8s appartiennent :<\/p>\n<p>Le nom du site web consult\u00e9, le fichier, la date et l&rsquo;heure de la consultation, la quantit\u00e9 de donn\u00e9es transmises, la notification de la r\u00e9ussite de la consultation, le type de navigateur et sa version, le syst\u00e8me d&rsquo;exploitation de l&rsquo;utilisateur, l&rsquo;URL de r\u00e9f\u00e9rence (la page visit\u00e9e pr\u00e9c\u00e9demment), l&rsquo;adresse IP et le fournisseur d&rsquo;acc\u00e8s.<\/p>\n<p>Le fournisseur utilise les donn\u00e9es du protocole uniquement pour des \u00e9valuations statistiques dans le but d&rsquo;assurer le fonctionnement, la s\u00e9curit\u00e9 et l&rsquo;optimisation de l&rsquo;offre. Le fournisseur se r\u00e9serve toutefois le droit de v\u00e9rifier ult\u00e9rieurement les donn\u00e9es du protocole si, sur la base d&rsquo;indices concrets, il existe un soup\u00e7on l\u00e9gitime d&rsquo;utilisation ill\u00e9gale.<\/p>\n<h2>4. Prise de contact<\/h2>\n<p>Lors de la prise de contact avec la soci\u00e9t\u00e9 Swiss Trade GmbH (par exemple par le biais d&rsquo;un formulaire de contact ou d&rsquo;un e-mail), les donn\u00e9es de l&rsquo;utilisateur sont enregistr\u00e9es dans le but de traiter la demande ainsi que pour le cas o\u00f9 des questions de suivi se poseraient.<\/p>\n<h2>5. Commentaires et contributions<\/h2>\n<p>Lorsque les utilisateurs laissent des commentaires sur le blog ou d&rsquo;autres contributions, leur adresse IP est enregistr\u00e9e. Cela est fait pour la s\u00e9curit\u00e9 du fournisseur, au cas o\u00f9 quelqu&rsquo;un \u00e9crirait des contenus ill\u00e9gaux dans les commentaires et les contributions (insultes, propagande politique interdite, etc.). Dans ce cas, le fournisseur peut \u00eatre lui-m\u00eame poursuivi pour le commentaire ou la contribution et est donc int\u00e9ress\u00e9 par l&rsquo;identit\u00e9 de l&rsquo;auteur.<\/p>\n<p>6. int\u00e9gration de services et d&rsquo;outils tiers<\/p>\n<p>Il peut arriver que des contenus de tiers soient int\u00e9gr\u00e9s dans cette offre en ligne, comme par exemple des vid\u00e9os de YouTube, des cartes de Google-Maps, des flux RSS ou des graphiques d&rsquo;autres sites web. Cela suppose toujours que les fournisseurs de ces contenus prennent connaissance de l&rsquo;adresse IP des utilisateurs. En effet, sans l&rsquo;adresse IP, ils ne pourraient pas envoyer les contenus au navigateur de l&rsquo;utilisateur concern\u00e9. L&rsquo;adresse IP est donc n\u00e9cessaire pour la repr\u00e9sentation de ces contenus. Nous nous effor\u00e7ons de n&rsquo;utiliser que des contenus dont les fournisseurs respectifs utilisent l&rsquo;adresse IP uniquement pour la livraison des contenus. Toutefois, nous n&rsquo;avons aucune influence sur le fait que les fournisseurs tiers enregistrent l&rsquo;adresse IP, par exemple \u00e0 des fins statistiques. Dans la mesure o\u00f9 nous en avons connaissance, nous en informons les utilisateurs.<\/p>\n<h2>7. cookies<\/h2>\n<p>Nous utilisons des cookies sur notre site web. Les cookies sont utilis\u00e9s par les services d&rsquo;analyse web tels que Google Analytics pour marquer le visiteur.<\/p>\n<p>L&rsquo;enregistrement des cookies peut \u00eatre emp\u00each\u00e9 par un r\u00e9glage du navigateur. Dans ce cas, il se peut que vous ne puissiez pas utiliser toutes les fonctions de ce site web dans leur int\u00e9gralit\u00e9.<\/p>\n<h2>8. communication par e-mail<\/h2>\n<p>Une communication par e-mail qui n&rsquo;est pas crypt\u00e9e comporte des risques. Des personnes non autoris\u00e9es peuvent \u00e9ventuellement consulter, modifier ou effacer des donn\u00e9es. Si vous communiquez avec nous par e-mail, vous \u00eates conscient de ces risques et vous acceptez que la soci\u00e9t\u00e9 Swiss Trade GmbH se serve de cette m\u00e9thode de communication (m\u00eame non crypt\u00e9e).<\/p>\n<h2>9. Google Analytics<\/h2>\n<p>Ce site web utilise Google Analytics, un service d&rsquo;analyse web de Google Inc (\u00ab\u00a0Google\u00a0\u00bb). Google Analytics utilise des \u00ab\u00a0cookies\u00a0\u00bb, des fichiers texte qui sont enregistr\u00e9s sur votre ordinateur et qui permettent d&rsquo;analyser votre utilisation du site web. Les informations g\u00e9n\u00e9r\u00e9es par le cookie concernant votre utilisation de ce site web sont g\u00e9n\u00e9ralement transmises \u00e0 un serveur de Google aux \u00c9tats-Unis et y sont enregistr\u00e9es.<\/p>\n<p>Dans le cas de l&rsquo;activation de l&rsquo;anonymat IP sur ce site Web, votre adresse IP de Google est toutefois au sein des \u00c9tats membres de l&rsquo;Union europ\u00e9enne ou d&rsquo;autres \u00c9tats contractants de l&rsquo;accord sur l&rsquo;espace \u00e9conomique europ\u00e9en pr\u00e9c\u00e9demment raccourci. Ce n&rsquo;est que dans des cas exceptionnels que l&rsquo;adresse IP compl\u00e8te est transmise \u00e0 un serveur de Google aux \u00c9tats-Unis et y est abr\u00e9g\u00e9e. L&rsquo;anonymisation IP \u00ab\u00a0anonymizeIP\u00a0\u00bb est active sur ce site web. Google utilisera ces informations pour le compte de l&rsquo;exploitant de ce site web afin d&rsquo;\u00e9valuer votre utilisation du site web, de compiler des rapports sur les activit\u00e9s du site web et de fournir \u00e0 l&rsquo;exploitant du site web d&rsquo;autres services li\u00e9s \u00e0 l&rsquo;utilisation du site web et d&rsquo;Internet.<\/p>\n<p>L&rsquo;adresse IP transmise par votre navigateur dans le cadre de Google Analytics n&rsquo;est pas recoup\u00e9e avec d&rsquo;autres donn\u00e9es de Google. Vous pouvez emp\u00eacher l&rsquo;enregistrement des cookies en param\u00e9trant votre logiciel de navigation en cons\u00e9quence ; nous attirons toutefois votre attention sur le fait que, dans ce cas, vous ne pourrez peut-\u00eatre pas utiliser toutes les fonctions de ce site web dans leur int\u00e9gralit\u00e9. Vous pouvez en outre emp\u00eacher la saisie par Google des donn\u00e9es g\u00e9n\u00e9r\u00e9es par le cookie et se rapportant \u00e0 votre utilisation du site web (y compris votre adresse IP) ainsi que le traitement de ces donn\u00e9es par Google en t\u00e9l\u00e9chargeant et en installant le plug-in de navigateur disponible sous le lien suivant : http:\/\/tools.google.com\/dlpage\/gaoptout?hl=de.<\/p>\n","protected":false},"excerpt":{"rendered":"<p>D\u00e9claration de protection des donn\u00e9es Vous trouverez ici des informations sur votre protection personnelle des donn\u00e9es. 1. domaine d&rsquo;application La pr\u00e9sente d\u00e9claration de protection des donn\u00e9es informe les utilisateurs sur la nature et l&rsquo;utilisation des donn\u00e9es personnelles par le fournisseur responsable Swiss Trade GmbH, info@neher-insektenschutz.ch, sur ce site Internet. Les bases juridiques de la protection [&hellip;]<\/p>\n","protected":false},"author":2,"featured_media":0,"parent":0,"menu_order":0,"comment_status":"closed","ping_status":"closed","template":"","meta":{"_acf_changed":false,"inline_featured_image":false,"_genesis_hide_title":false,"_genesis_hide_breadcrumbs":false,"_genesis_hide_singular_image":false,"_genesis_custom_body_class":"","_genesis_custom_post_class":"","_genesis_layout":"","pgc_sgb_lightbox_settings":"","two_page_speed":{"current_score":{"desktop_score":100,"desktop_tti":"0.6\u00a0","mobile_score":92,"mobile_tti":"2.7\u00a0","date":"22.05.2025 11:12:03 am","status":"error_no_score"}},"footnotes":""},"class_list":{"0":"post-4910","1":"page","2":"type-page","3":"status-publish","5":"entry"},"acf":[],"_links":{"self":[{"href":"https:\/\/neher-insektenschutz.ch\/fr\/wp-json\/wp\/v2\/pages\/4910","targetHints":{"allow":["GET"]}}],"collection":[{"href":"https:\/\/neher-insektenschutz.ch\/fr\/wp-json\/wp\/v2\/pages"}],"about":[{"href":"https:\/\/neher-insektenschutz.ch\/fr\/wp-json\/wp\/v2\/types\/page"}],"author":[{"embeddable":true,"href":"https:\/\/neher-insektenschutz.ch\/fr\/wp-json\/wp\/v2\/users\/2"}],"replies":[{"embeddable":true,"href":"https:\/\/neher-insektenschutz.ch\/fr\/wp-json\/wp\/v2\/comments?post=4910"}],"version-history":[{"count":1,"href":"https:\/\/neher-insektenschutz.ch\/fr\/wp-json\/wp\/v2\/pages\/4910\/revisions"}],"predecessor-version":[{"id":4913,"href":"https:\/\/neher-insektenschutz.ch\/fr\/wp-json\/wp\/v2\/pages\/4910\/revisions\/4913"}],"wp:attachment":[{"href":"https:\/\/neher-insektenschutz.ch\/fr\/wp-json\/wp\/v2\/media?parent=4910"}],"curies":[{"name":"wp","href":"https:\/\/api.w.org\/{rel}","templated":true}]}}