{"id":4904,"date":"2023-11-20T08:53:24","date_gmt":"2023-11-20T07:53:24","guid":{"rendered":"https:\/\/neher-insektenschutz.ch\/service\/"},"modified":"2026-04-24T18:00:10","modified_gmt":"2026-04-24T16:00:10","slug":"service","status":"publish","type":"page","link":"https:\/\/neher-insektenschutz.ch\/fr\/service\/","title":{"rendered":"Service"},"content":{"rendered":"\n<h1 class=\"wp-block-heading\">Ce que nous proposons<\/h1>\n\n<p>Neher Systeme GmbH &amp; Co. KG est notre fournisseur de moustiquaires, de grillages anti-moustiques, de moustiquaires et de couvertures de puits de lumi\u00e8re en Suisse.<\/p>\n\n<p>L&rsquo;entreprise <a href=\"https:\/\/www.neher.de\/\" target=\"_blank\" rel=\"noopener\">Neher<\/a> a \u00e9t\u00e9 fond\u00e9e en 1973 \u00e0 Frittlingen et distribue aujourd&rsquo;hui ses moustiquaires dans le monde entier. Au lieu de proposer des produits de masse, Neher offre des solutions individuelles et propose toujours de nouvelles id\u00e9es innovantes.<\/p>\n\n<p>Les moustiquaires Neher peuvent \u00eatre int\u00e9gr\u00e9es \u00e0 presque tous les types de fen\u00eatres et de portes. Tous les produits sont fabriqu\u00e9s sur mesure avec une grande pr\u00e9cision et, sur demande, leur couleur peut \u00eatre adapt\u00e9e.<\/p>\n\n<p>Les toiles sp\u00e9ciales contre les insectes ne peuvent d\u00e9j\u00e0 plus \u00eatre qualifi\u00e9es de simples moustiquaires, mais sont de v\u00e9ritables produits de haute technologie. La toile Transpatec en particulier, ultrafine et presque invisible, est une v\u00e9ritable prouesse. Ce tissu ne fait que 0,13 mm d&rsquo;\u00e9paisseur, est tr\u00e8s solide et r\u00e9siste aux intemp\u00e9ries. Neher a obtenu le brevet europ\u00e9en pour le tissu Transpatec.<\/p>\n\n<p>Comme celui-ci n&rsquo;est pas seulement fonctionnel, mais aussi esth\u00e9tique, Neher a re\u00e7u plusieurs distinctions. En 2011, le c\u00e9l\u00e8bre Red Dot Design Award, en 2012 l&rsquo;IF Design Award ainsi que le prix de l&rsquo;innovation du salon R&amp;T et du Land de Bade-Wurtemberg. Le fait que la plupart des moustiquaires soient aujourd&rsquo;hui \u00e9quip\u00e9es de Transpatec montre que les clients sont convaincus par la nouvelle toile superfine.<\/p>\n\n<p>Apr\u00e8s 2016 et 2019, la soci\u00e9t\u00e9 Neher a de nouveau \u00e9t\u00e9 admise cette ann\u00e9e dans le cercle exclusif des marques du si\u00e8cle. Il s&rsquo;agit d&rsquo;entreprises qui sont devenues des standards allemands gr\u00e2ce \u00e0 leurs prestations et qui se sont ainsi d\u00e9velopp\u00e9es en une marque phare.<\/p>\n","protected":false},"excerpt":{"rendered":"<p>Ce que nous proposons Neher Systeme GmbH &amp; Co. KG est notre fournisseur de moustiquaires, de grillages anti-moustiques, de moustiquaires et de couvertures de puits de lumi\u00e8re en Suisse. L&rsquo;entreprise Neher a \u00e9t\u00e9 fond\u00e9e en 1973 \u00e0 Frittlingen et distribue aujourd&rsquo;hui ses moustiquaires dans le monde entier. Au lieu de proposer des produits de masse, [&hellip;]<\/p>\n","protected":false},"author":2,"featured_media":0,"parent":0,"menu_order":0,"comment_status":"closed","ping_status":"closed","template":"","meta":{"_acf_changed":false,"inline_featured_image":false,"_genesis_hide_title":false,"_genesis_hide_breadcrumbs":false,"_genesis_hide_singular_image":false,"_genesis_custom_body_class":"","_genesis_custom_post_class":"","_genesis_layout":"","pgc_sgb_lightbox_settings":"","two_page_speed":{"current_score":{"desktop_score":100,"desktop_tti":"0.6\u00a0","mobile_score":91,"mobile_tti":"2.8\u00a0","date":"24.04.2026 06:01:09 pm","status":"completed"}},"footnotes":""},"class_list":{"0":"post-4904","1":"page","2":"type-page","3":"status-publish","5":"entry"},"acf":[],"_links":{"self":[{"href":"https:\/\/neher-insektenschutz.ch\/fr\/wp-json\/wp\/v2\/pages\/4904","targetHints":{"allow":["GET"]}}],"collection":[{"href":"https:\/\/neher-insektenschutz.ch\/fr\/wp-json\/wp\/v2\/pages"}],"about":[{"href":"https:\/\/neher-insektenschutz.ch\/fr\/wp-json\/wp\/v2\/types\/page"}],"author":[{"embeddable":true,"href":"https:\/\/neher-insektenschutz.ch\/fr\/wp-json\/wp\/v2\/users\/2"}],"replies":[{"embeddable":true,"href":"https:\/\/neher-insektenschutz.ch\/fr\/wp-json\/wp\/v2\/comments?post=4904"}],"version-history":[{"count":6,"href":"https:\/\/neher-insektenschutz.ch\/fr\/wp-json\/wp\/v2\/pages\/4904\/revisions"}],"predecessor-version":[{"id":10922,"href":"https:\/\/neher-insektenschutz.ch\/fr\/wp-json\/wp\/v2\/pages\/4904\/revisions\/10922"}],"wp:attachment":[{"href":"https:\/\/neher-insektenschutz.ch\/fr\/wp-json\/wp\/v2\/media?parent=4904"}],"curies":[{"name":"wp","href":"https:\/\/api.w.org\/{rel}","templated":true}]}}