{"id":4890,"date":"2023-11-20T08:47:46","date_gmt":"2023-11-20T07:47:46","guid":{"rendered":"https:\/\/neher-insektenschutz.ch\/moustiquaire\/"},"modified":"2026-02-20T08:49:40","modified_gmt":"2026-02-20T07:49:40","slug":"moustiquaire","status":"publish","type":"page","link":"https:\/\/neher-insektenschutz.ch\/fr\/moustiquaire\/","title":{"rendered":"Moustiquaire"},"content":{"rendered":"\n<div class=\"wp-block-cover is-light hero-cover has-regular-font-size\"><img loading=\"lazy\" decoding=\"async\" width=\"3000\" height=\"1561\" class=\"wp-block-cover__image-background wp-image-4504\" alt=\"\" src=\"https:\/\/neher-insektenschutz.ch\/wp-content\/uploads\/2023\/11\/Neher-Fliegengitter-Schiebeanlage-Kunde-2.webp\" data-object-fit=\"cover\" srcset=\"https:\/\/neher-insektenschutz.ch\/wp-content\/uploads\/2023\/11\/Neher-Fliegengitter-Schiebeanlage-Kunde-2.webp 3000w, https:\/\/neher-insektenschutz.ch\/wp-content\/uploads\/2023\/11\/Neher-Fliegengitter-Schiebeanlage-Kunde-2-300x156.webp 300w, https:\/\/neher-insektenschutz.ch\/wp-content\/uploads\/2023\/11\/Neher-Fliegengitter-Schiebeanlage-Kunde-2-1024x533.webp 1024w, https:\/\/neher-insektenschutz.ch\/wp-content\/uploads\/2023\/11\/Neher-Fliegengitter-Schiebeanlage-Kunde-2-768x400.webp 768w, https:\/\/neher-insektenschutz.ch\/wp-content\/uploads\/2023\/11\/Neher-Fliegengitter-Schiebeanlage-Kunde-2-1536x799.webp 1536w, https:\/\/neher-insektenschutz.ch\/wp-content\/uploads\/2023\/11\/Neher-Fliegengitter-Schiebeanlage-Kunde-2-2048x1066.webp 2048w, https:\/\/neher-insektenschutz.ch\/wp-content\/uploads\/2023\/11\/Neher-Fliegengitter-Schiebeanlage-Kunde-2-600x312.webp 600w\" sizes=\"auto, (max-width: 3000px) 100vw, 3000px\" \/><span aria-hidden=\"true\" class=\"wp-block-cover__background has-background-dim-0 has-background-dim\"><\/span><div class=\"wp-block-cover__inner-container is-layout-constrained wp-block-cover-is-layout-constrained\">\n<p class=\"has-text-align-center has-regular-font-size\"><\/p>\n<\/div><\/div>\n\n<div class=\"hero\">\n\t    <div class=\"wrap\">\n        \n\n<h1 class=\"wp-block-heading\">Moustiquaires du leader du march\u00e9 num\u00e9ro 1<\/h1>\n\n\n\n<p>Sur cette page, vous trouverez l&rsquo;essentiel sur les moustiquaires de Neher.<\/p>\n\n\n    <\/div>\n<\/div>\n<div class=\"columns\">\n    \n\n<div class=\"wp-block-columns is-layout-flex wp-container-core-columns-is-layout-9d6595d7 wp-block-columns-is-layout-flex\">\n<div class=\"wp-block-column column-left is-layout-flow wp-block-column-is-layout-flow\">\n<figure class=\"wp-block-image size-full\"><a href=\"https:\/\/smart-insektenschutz.ch\" target=\"_blank\" rel=\"noopener\"><img loading=\"lazy\" decoding=\"async\" width=\"616\" height=\"436\" src=\"https:\/\/neher-insektenschutz.ch\/wp-content\/uploads\/2023\/08\/frau_haelt_spannrahmen.jpg\" alt=\"Une femme sourit tout en installant ou en retirant une moustiquaire dans une fen&#xEA;tre ouverte, dans une cuisine lumineuse et moderne. La fen&#xEA;tre est ouverte et elle tient le cadre de la moustiquaire en biais pour l'ajuster &#xE0; l'ouverture de la fen&#xEA;tre. &#xC0; l'arri&#xE8;re-plan, on aper&#xE7;oit des &#xE9;tag&#xE8;res et des plantes, la sc&#xE8;ne semble accueillante et bien rang&#xE9;e.\" class=\"wp-image-3172\" srcset=\"https:\/\/neher-insektenschutz.ch\/wp-content\/uploads\/2023\/08\/frau_haelt_spannrahmen.jpg 616w, https:\/\/neher-insektenschutz.ch\/wp-content\/uploads\/2023\/08\/frau_haelt_spannrahmen-300x212.jpg 300w, https:\/\/neher-insektenschutz.ch\/wp-content\/uploads\/2023\/08\/frau_haelt_spannrahmen-600x425.jpg 600w\" sizes=\"auto, (max-width: 616px) 100vw, 616px\" \/><\/a><\/figure>\n<\/div>\n\n\n\n<div class=\"wp-block-column column-right is-layout-flow wp-block-column-is-layout-flow\">\n<h3 class=\"wp-block-heading\"><strong>Quels sont les diff\u00e9rents types de moustiquaires propos\u00e9s par Neher ?<\/strong><\/h3>\n\n\n\n<p>Neher Insektenschutz propose une large gamme de solutions de moustiquaires afin de r\u00e9pondre aux diff\u00e9rents besoins et pr\u00e9f\u00e9rences des clients. Voici les diff\u00e9rents types que vous proposez :<\/p>\n\n\n\n<p><strong>Cadres tendus pour moustiquaires:<\/strong> il s&rsquo;agit de cadres fixes qui conviennent parfaitement \u00e0 presque tous les types de fen\u00eatres. Ils sont faciles \u00e0 installer et \u00e0 retirer, ce qui permet une utilisation flexible.<\/p>\n\n\n\n<p><strong>Moustiquaire enroulable pour fen\u00eatres:<\/strong> cette option offre une protection facile \u00e0 utiliser qui peut \u00eatre d\u00e9roul\u00e9e et enroul\u00e9e selon les besoins. Elle est id\u00e9ale pour les pi\u00e8ces o\u00f9 la protection contre les insectes n&rsquo;est pas n\u00e9cessaire en permanence.<\/p>\n<\/div>\n<\/div>\n\n\n<\/div>\n<div class=\"columns\">\n    \n\n<div class=\"wp-block-columns is-layout-flex wp-container-core-columns-is-layout-9d6595d7 wp-block-columns-is-layout-flex\">\n<div class=\"wp-block-column column-right is-layout-flow wp-block-column-is-layout-flow\">\n<p><strong>Cadre pivotant anti-insectes:<\/strong> un cadre pivotant est la solution id\u00e9ale pour les fen\u00eatres que vous souhaitez ouvrir fr\u00e9quemment, par exemple pour arroser les fleurs ou a\u00e9rer. Gr\u00e2ce \u00e0 sa conception pratique, le cadre pivotant s&rsquo;ouvre sans effort et dispose d&rsquo;une fonction de fermeture automatique qui ferme la fen\u00eatre de mani\u00e8re s\u00fbre et pratique apr\u00e8s passage. Il allie ainsi confort et protection fiable contre les insectes.<\/p>\n\n\n\n<p><strong>Moustiquaires pour fen\u00eatres \u00e0 battant:<\/strong> ces fen\u00eatres s&rsquo;ouvrent et se ferment des deux c\u00f4t\u00e9s et sont donc particuli\u00e8rement pratiques lorsqu&rsquo;il faut passer fr\u00e9quemment.<\/p>\n\n\n\n<p><strong>Moustiquaire pliss\u00e9e pour portes:<\/strong> la moustiquaire pliss\u00e9e est une solution \u00e9l\u00e9gante et peu encombrante pour les portes. Elle se replie comme un \u00e9ventail et est facile \u00e0 utiliser.<\/p>\n\n\n\n<p><strong>Moustiquaires coulissantes:<\/strong> id\u00e9ales pour les grandes ouvertures, telles que les portes-fen\u00eatres, ces installations offrent une protection efficace et peuvent \u00eatre facilement d\u00e9plac\u00e9es.<\/p>\n<\/div>\n\n\n\n<div class=\"wp-block-column column-left is-layout-flow wp-block-column-is-layout-flow\">\n<figure class=\"wp-block-image size-full\"><img loading=\"lazy\" decoding=\"async\" width=\"616\" height=\"436\" src=\"https:\/\/neher-insektenschutz.ch\/wp-content\/uploads\/2023\/11\/Fliegengitter-Plissee-Neher-Herr.webp\" alt=\"Un homme entre pieds nus dans un jardin ensoleill&#xE9; par une grande porte coulissante ouverte &#xE9;quip&#xE9;e d'une moustiquaire. L'appartement moderne et lumineux est am&#xE9;nag&#xE9; avec style, avec une table &#xE0; manger et des chaises color&#xE9;es au premier plan. &#xC0; l'ext&#xE9;rieur, on aper&#xE7;oit un jardin bien entretenu avec une terrasse et des si&#xE8;ges, l'atmosph&#xE8;re est d&#xE9;tendue et accueillante.\" class=\"wp-image-4489\" srcset=\"https:\/\/neher-insektenschutz.ch\/wp-content\/uploads\/2023\/11\/Fliegengitter-Plissee-Neher-Herr.webp 616w, https:\/\/neher-insektenschutz.ch\/wp-content\/uploads\/2023\/11\/Fliegengitter-Plissee-Neher-Herr-300x212.webp 300w, https:\/\/neher-insektenschutz.ch\/wp-content\/uploads\/2023\/11\/Fliegengitter-Plissee-Neher-Herr-600x425.webp 600w\" sizes=\"auto, (max-width: 616px) 100vw, 616px\" \/><\/figure>\n<\/div>\n<\/div>\n\n\n<\/div>\n<div class=\"columns\">\n    \n\n<div class=\"wp-block-columns is-layout-flex wp-container-core-columns-is-layout-9d6595d7 wp-block-columns-is-layout-flex\">\n<div class=\"wp-block-column column-left is-layout-flow wp-block-column-is-layout-flow\">\n<figure class=\"wp-block-image size-large\"><img loading=\"lazy\" decoding=\"async\" width=\"1024\" height=\"725\" src=\"https:\/\/neher-insektenschutz.ch\/wp-content\/uploads\/2023\/11\/Fliegengitter-Pendeltuer-Neher-3-1024x725.webp\" alt=\"Un chat roux sort par une chati&#xE8;re dans une porte moustiquaire. La porte se trouve dans un mur de briques et deux grands bacs &#xE0; fleurs blancs contenant des plantes vertes sont pos&#xE9;s sur la terrasse. La sc&#xE8;ne d&#xE9;gage une impression de calme et d'hospitalit&#xE9;.\" class=\"wp-image-4485\" srcset=\"https:\/\/neher-insektenschutz.ch\/wp-content\/uploads\/2023\/11\/Fliegengitter-Pendeltuer-Neher-3-1024x725.webp 1024w, https:\/\/neher-insektenschutz.ch\/wp-content\/uploads\/2023\/11\/Fliegengitter-Pendeltuer-Neher-3-300x212.webp 300w, https:\/\/neher-insektenschutz.ch\/wp-content\/uploads\/2023\/11\/Fliegengitter-Pendeltuer-Neher-3-768x544.webp 768w, https:\/\/neher-insektenschutz.ch\/wp-content\/uploads\/2023\/11\/Fliegengitter-Pendeltuer-Neher-3-600x425.webp 600w, https:\/\/neher-insektenschutz.ch\/wp-content\/uploads\/2023\/11\/Fliegengitter-Pendeltuer-Neher-3.webp 1076w\" sizes=\"auto, (max-width: 1024px) 100vw, 1024px\" \/><\/figure>\n<\/div>\n\n\n\n<div class=\"wp-block-column column-right is-layout-flow wp-block-column-is-layout-flow\">\n<p><strong>Moustiquaires pour portes battantes:<\/strong> elles sont particuli\u00e8rement adapt\u00e9es aux portes de balcon et de terrasse et peuvent \u00eatre install\u00e9es avec une ouverture vers l&rsquo;int\u00e9rieur ou vers l&rsquo;ext\u00e9rieur. Elles permettent de passer facilement sans avoir \u00e0 retirer la protection.<\/p>\n\n\n\n<p><strong>Moustiquaire pour porte battante:<\/strong> ces portes pivotent dans les deux sens et se ferment automatiquement, ce qui est id\u00e9al pour les passages tr\u00e8s fr\u00e9quent\u00e9s.<\/p>\n\n\n\n<p>Moustiquaire enroulable \u00e9lectrique : une solution moderne et pratique pour se prot\u00e9ger des insectes, qui s&rsquo;ouvre et se ferme d&rsquo;une simple pression sur un bouton.<\/p>\n\n\n\n<p><strong>Moustiquaire pour fen\u00eatre de toit:<\/strong> sp\u00e9cialement con\u00e7ues pour les fen\u00eatres de toit, ces moustiquaires prot\u00e8gent des insectes sans nuire au bon fonctionnement de la fen\u00eatre.<\/p>\n<\/div>\n<\/div>\n\n\n<\/div>\n<div class=\"columns\">\n    \n\n<div class=\"wp-block-columns is-layout-flex wp-container-core-columns-is-layout-9d6595d7 wp-block-columns-is-layout-flex\">\n<div class=\"wp-block-column column-right is-layout-flow wp-block-column-is-layout-flow\">\n<p><strong>Moustiquaire pour fen\u00eatre de toit deux en un:<\/strong> cette variante combine protection contre les insectes et occultation dans un seul produit et convient particuli\u00e8rement aux chambres \u00e0 coucher sous les toits.<\/p>\n\n\n\n<p><strong>Grilles anti-insectes pour soupiraux:<\/strong> avec les mod\u00e8les LiSA, RESi, ELSA et TERRESA, Neher propose \u00e9galement des solutions pour les soupiraux qui offrent une protection contre les insectes, les feuilles mortes et les salissures.<\/p>\n<\/div>\n\n\n\n<div class=\"wp-block-column column-left is-layout-flow wp-block-column-is-layout-flow\">\n<figure class=\"wp-block-image size-large\"><img loading=\"lazy\" decoding=\"async\" width=\"1024\" height=\"683\" src=\"https:\/\/neher-insektenschutz.ch\/wp-content\/uploads\/2023\/07\/Lichtschachtabdeckung_Produkt_im_Einsatz-1024x683.jpg\" alt=\"Une terrasse moderne avec du carrelage gris est rattach&#xE9;e &#xE0; une maison blanche dot&#xE9;e d'une grande fen&#xEA;tre. &#xC0; l'arri&#xE8;re-plan, on aper&#xE7;oit un barbecue et une table avec des chaises, tandis que le jardin bien entretenu offre une pelouse verte, des arbres et un hamac. L'atmosph&#xE8;re est calme et accueillante, id&#xE9;ale pour passer des moments de d&#xE9;tente en plein air.\" class=\"wp-image-1349\" srcset=\"https:\/\/neher-insektenschutz.ch\/wp-content\/uploads\/2023\/07\/Lichtschachtabdeckung_Produkt_im_Einsatz-1024x683.jpg 1024w, https:\/\/neher-insektenschutz.ch\/wp-content\/uploads\/2023\/07\/Lichtschachtabdeckung_Produkt_im_Einsatz-300x200.jpg 300w, https:\/\/neher-insektenschutz.ch\/wp-content\/uploads\/2023\/07\/Lichtschachtabdeckung_Produkt_im_Einsatz-768x512.jpg 768w, https:\/\/neher-insektenschutz.ch\/wp-content\/uploads\/2023\/07\/Lichtschachtabdeckung_Produkt_im_Einsatz.jpg 1080w, https:\/\/neher-insektenschutz.ch\/wp-content\/uploads\/2023\/07\/Lichtschachtabdeckung_Produkt_im_Einsatz-300x200@2x.jpg 600w\" sizes=\"auto, (max-width: 1024px) 100vw, 1024px\" \/><\/figure>\n<\/div>\n<\/div>\n\n\n<\/div>","protected":false},"excerpt":{"rendered":"","protected":false},"author":8,"featured_media":4506,"parent":0,"menu_order":0,"comment_status":"closed","ping_status":"closed","template":"","meta":{"_acf_changed":false,"inline_featured_image":false,"_genesis_hide_title":false,"_genesis_hide_breadcrumbs":false,"_genesis_hide_singular_image":false,"_genesis_custom_body_class":"","_genesis_custom_post_class":"","_genesis_layout":"","pgc_sgb_lightbox_settings":"","two_page_speed":{"current_score":{"desktop_score":100,"desktop_tti":"0.7\u00a0","mobile_score":85,"mobile_tti":"2.9\u00a0","date":"24.05.2025 06:58:19 pm","status":"error_no_score"}},"footnotes":""},"class_list":{"0":"post-4890","1":"page","2":"type-page","3":"status-publish","4":"has-post-thumbnail","6":"entry"},"acf":[],"_links":{"self":[{"href":"https:\/\/neher-insektenschutz.ch\/fr\/wp-json\/wp\/v2\/pages\/4890","targetHints":{"allow":["GET"]}}],"collection":[{"href":"https:\/\/neher-insektenschutz.ch\/fr\/wp-json\/wp\/v2\/pages"}],"about":[{"href":"https:\/\/neher-insektenschutz.ch\/fr\/wp-json\/wp\/v2\/types\/page"}],"author":[{"embeddable":true,"href":"https:\/\/neher-insektenschutz.ch\/fr\/wp-json\/wp\/v2\/users\/8"}],"replies":[{"embeddable":true,"href":"https:\/\/neher-insektenschutz.ch\/fr\/wp-json\/wp\/v2\/comments?post=4890"}],"version-history":[{"count":16,"href":"https:\/\/neher-insektenschutz.ch\/fr\/wp-json\/wp\/v2\/pages\/4890\/revisions"}],"predecessor-version":[{"id":11561,"href":"https:\/\/neher-insektenschutz.ch\/fr\/wp-json\/wp\/v2\/pages\/4890\/revisions\/11561"}],"wp:featuredmedia":[{"embeddable":true,"href":"https:\/\/neher-insektenschutz.ch\/fr\/wp-json\/wp\/v2\/media\/4506"}],"wp:attachment":[{"href":"https:\/\/neher-insektenschutz.ch\/fr\/wp-json\/wp\/v2\/media?parent=4890"}],"curies":[{"name":"wp","href":"https:\/\/api.w.org\/{rel}","templated":true}]}}