{"id":4809,"date":"2023-12-04T16:28:38","date_gmt":"2023-12-04T15:28:38","guid":{"rendered":"https:\/\/neher-insektenschutz.ch\/?page_id=4809"},"modified":"2025-11-27T09:28:34","modified_gmt":"2025-11-27T08:28:34","slug":"kolliken","status":"publish","type":"page","link":"https:\/\/neher-insektenschutz.ch\/fr\/kolliken\/","title":{"rendered":"K\u00f6lliken"},"content":{"rendered":"\n<div class=\"hero\">\n\t    <div class=\"wrap\">\n        \n\n<h2 class=\"wp-block-heading\">Consultation et installation de moustiquaires \u00e0 K\u00f6lliken<\/h2>\n\n\n\n<p><strong>Nous sommes l\u00e0 pour vous \u00e0 K\u00f6lliken<\/strong><\/p>\n\n\n\n<p>A <a href=\"https:\/\/www.koelliken.ch\/\" target=\"_blank\" rel=\"noopener\">K\u00f6lliken<\/a> et dans tout le canton d&rsquo;Argovie, nous offrons un service sur place, comme le conseil, la mesure et l&rsquo;installation de tous les produits de moustiquaires par nos partenaires locaux sp\u00e9cialis\u00e9s dans les moustiquaires.<\/p>\n\n\n\n<div class=\"wp-block-buttons is-layout-flex wp-block-buttons-is-layout-flex\">\n<div class=\"wp-block-button is-style-primary\"><a class=\"wp-block-button__link wp-element-button\" href=\"https:\/\/neher-insektenschutz.ch\/fr\/demande-doffre\/\">Demander une offre sans engagement<\/a><\/div>\n<\/div>\n\n\n    <\/div>\n<\/div>\n<div style=\"height:100px\" aria-hidden=\"true\" class=\"wp-block-spacer\"><\/div>\n\n<figure class=\"wp-block-image aligncenter size-full is-resized\"><a href=\"https:\/\/www.koelliken.ch\/\" target=\"_blank\" rel=\"noreferrer noopener\"><img loading=\"lazy\" decoding=\"async\" src=\"https:\/\/neher-insektenschutz.ch\/wp-content\/uploads\/2023\/08\/Koelliken.png\" alt=\"\" class=\"wp-image-2524\" width=\"231\" height=\"259\" srcset=\"https:\/\/neher-insektenschutz.ch\/wp-content\/uploads\/2023\/08\/Koelliken.png 686w, https:\/\/neher-insektenschutz.ch\/wp-content\/uploads\/2023\/08\/Koelliken-268x300.png 268w, https:\/\/neher-insektenschutz.ch\/wp-content\/uploads\/2023\/08\/Koelliken-536x600.png 536w\" sizes=\"auto, (max-width: 231px) 100vw, 231px\" \/><\/a><\/figure>\n\n<div style=\"height:100px\" aria-hidden=\"true\" class=\"wp-block-spacer\"><\/div>\n","protected":false},"excerpt":{"rendered":"","protected":false},"author":8,"featured_media":4016,"parent":0,"menu_order":0,"comment_status":"closed","ping_status":"closed","template":"","meta":{"_acf_changed":false,"inline_featured_image":false,"_genesis_hide_title":false,"_genesis_hide_breadcrumbs":false,"_genesis_hide_singular_image":false,"_genesis_custom_body_class":"","_genesis_custom_post_class":"","_genesis_layout":"","pgc_sgb_lightbox_settings":"","two_page_speed":{"current_score":{"desktop_score":100,"desktop_tti":"0.6\u00a0","mobile_score":93,"mobile_tti":"2.8\u00a0","date":"06.05.2025 10:07:02 am","status":"error_no_score"}},"footnotes":""},"class_list":{"0":"post-4809","1":"page","2":"type-page","3":"status-publish","4":"has-post-thumbnail","6":"entry"},"acf":[],"_links":{"self":[{"href":"https:\/\/neher-insektenschutz.ch\/fr\/wp-json\/wp\/v2\/pages\/4809","targetHints":{"allow":["GET"]}}],"collection":[{"href":"https:\/\/neher-insektenschutz.ch\/fr\/wp-json\/wp\/v2\/pages"}],"about":[{"href":"https:\/\/neher-insektenschutz.ch\/fr\/wp-json\/wp\/v2\/types\/page"}],"author":[{"embeddable":true,"href":"https:\/\/neher-insektenschutz.ch\/fr\/wp-json\/wp\/v2\/users\/8"}],"replies":[{"embeddable":true,"href":"https:\/\/neher-insektenschutz.ch\/fr\/wp-json\/wp\/v2\/comments?post=4809"}],"version-history":[{"count":2,"href":"https:\/\/neher-insektenschutz.ch\/fr\/wp-json\/wp\/v2\/pages\/4809\/revisions"}],"predecessor-version":[{"id":7484,"href":"https:\/\/neher-insektenschutz.ch\/fr\/wp-json\/wp\/v2\/pages\/4809\/revisions\/7484"}],"wp:featuredmedia":[{"embeddable":true,"href":"https:\/\/neher-insektenschutz.ch\/fr\/wp-json\/wp\/v2\/media\/4016"}],"wp:attachment":[{"href":"https:\/\/neher-insektenschutz.ch\/fr\/wp-json\/wp\/v2\/media?parent=4809"}],"curies":[{"name":"wp","href":"https:\/\/api.w.org\/{rel}","templated":true}]}}