{"id":4685,"date":"2023-11-16T13:56:37","date_gmt":"2023-11-16T12:56:37","guid":{"rendered":"https:\/\/neher-insektenschutz.ch\/downloads\/"},"modified":"2026-04-25T12:37:08","modified_gmt":"2026-04-25T10:37:08","slug":"downloads","status":"publish","type":"page","link":"https:\/\/neher-insektenschutz.ch\/fr\/downloads\/","title":{"rendered":"Downloads"},"content":{"rendered":"\n<div style=\"height:202px\" aria-hidden=\"true\" class=\"wp-block-spacer\"><\/div>\n\n<h2 class=\"wp-block-heading\">Aper\u00e7u de toutes les variantes de moustiquaires<\/h2>\n\n<p><a class=\"fbc-embed\" style=\"max-width: 100%\" href=\"https:\/\/user-i1ulz6f.cld.bz\/NEHER-Masterkatalog-2025\" data-fbc-ratio=\"3:2\" data-fbc-lightbox=\"yes\" data-fbc-width=\"100%\" data-fbc-height=\"auto\" target=\"_blank\" rel=\"noopener\">Catalogue g\u00e9n\u00e9ral Neher 2025<\/a>\n<\/p>\n\n<h2 class=\"wp-block-heading\">Les variantes de moustiquaires les plus vendues<\/h2>\n\n<div class=\"downloads accordion\" rel=\"accordion\">\n    \n<div class=\"download download-by-category accordion-item\"><div class=\"download-heading accordion-title\"><h2>Plissee Downloads<\/h2><\/div><div class=\"download-table accordion-content\">\n\t<div class=\"download-table-row download-table-header\">\n\t\t<div class=\"download-table-header-title download-table-col-title\"<span>Typ<\/span><\/div>\n\t\t<div class=\"download-table-header-description download-table-col-description\"><span>Beschreibung<\/span><\/div>\n\t\t<div class=\"download-table-header-catalog download-table-col-catalog\"><span>Katalogblatt<\/span><\/div>\n\t\t<div class=\"download-table-header-details download-table-col-details\"><span>Details<\/span><\/div>\n\t<\/div><div class=\"download-table-row\">\n\t\t\t<div class=\"download-table-col-title\"><span>Pliss\u00e9<\/span><\/div>\n\t\t\t<div class=\"download-table-col-description\"><p>Catalogue g\u00e9n\u00e9ral<\/p><\/div>\n\t\t\t<div class=\"download-table-col-catalog\"><a href=\"https:\/\/neher-insektenschutz.ch\/wp-content\/uploads\/2023\/07\/Hauptkatalog-Plissee-Fliegengitter-Tuer.pdf\" title=\"Hauptkatalog Plissee Fliegengitter T\u00fcr\" target=\"_blank\"><span>Download<\/span><i class=\"icon icon-download\"><\/i><\/a><\/div>\n\t\t\t<div class=\"download-table-col-details\"><a href=\"https:\/\/neher-insektenschutz.ch\/wp-content\/uploads\/2023\/07\/Zusatzausstattung-Plissee-Fliegengitter-Tuer.pdf\" title=\"Zusatzausstattung Plissee Fliegengitter T\u00fcr\" target=\"_blank\"><span>Details anzeigen<\/span><i class=\"icon icon-magnify\"><\/i><\/a><\/div>\n\t\t<\/div><\/div><\/div>\n\n<div class=\"download download-by-category accordion-item\"><p>There are no items to show<\/p><div class=\"download-heading accordion-title\"><h2>Gewebearten Downloads<\/h2><\/div><\/div><\/div>\n\n<div class=\"download download-by-category accordion-item\"><p>There are no items to show<\/p><div class=\"download-heading accordion-title\"><h2>Spannrahmen Downloads<\/h2><\/div><\/div><\/div>\n\n<\/div>\n<div class=\"downloads accordion\" rel=\"accordion\">\n    \n<div class=\"download download-by-category accordion-item\"><p>There are no items to show<\/p><div class=\"download-heading accordion-title\"><h2>Rollo Downloads<\/h2><\/div><\/div><\/div>\n\n<\/div>","protected":false},"excerpt":{"rendered":"<p>Aper\u00e7u de toutes les variantes de moustiquaires Catalogue g\u00e9n\u00e9ral Neher 2025 Les variantes de moustiquaires les plus vendues<\/p>\n","protected":false},"author":2,"featured_media":0,"parent":0,"menu_order":0,"comment_status":"closed","ping_status":"closed","template":"","meta":{"_acf_changed":false,"inline_featured_image":false,"_genesis_hide_title":false,"_genesis_hide_breadcrumbs":false,"_genesis_hide_singular_image":false,"_genesis_custom_body_class":"","_genesis_custom_post_class":"","_genesis_layout":"","pgc_sgb_lightbox_settings":"","two_page_speed":{"current_score":{"desktop_score":100,"desktop_tti":"0.6\u00a0","mobile_score":93,"mobile_tti":"2.8\u00a0","date":"23.04.2026 03:11:56 am","status":"completed"}},"footnotes":""},"class_list":{"0":"post-4685","1":"page","2":"type-page","3":"status-publish","5":"entry"},"acf":[],"_links":{"self":[{"href":"https:\/\/neher-insektenschutz.ch\/fr\/wp-json\/wp\/v2\/pages\/4685","targetHints":{"allow":["GET"]}}],"collection":[{"href":"https:\/\/neher-insektenschutz.ch\/fr\/wp-json\/wp\/v2\/pages"}],"about":[{"href":"https:\/\/neher-insektenschutz.ch\/fr\/wp-json\/wp\/v2\/types\/page"}],"author":[{"embeddable":true,"href":"https:\/\/neher-insektenschutz.ch\/fr\/wp-json\/wp\/v2\/users\/2"}],"replies":[{"embeddable":true,"href":"https:\/\/neher-insektenschutz.ch\/fr\/wp-json\/wp\/v2\/comments?post=4685"}],"version-history":[{"count":18,"href":"https:\/\/neher-insektenschutz.ch\/fr\/wp-json\/wp\/v2\/pages\/4685\/revisions"}],"predecessor-version":[{"id":11252,"href":"https:\/\/neher-insektenschutz.ch\/fr\/wp-json\/wp\/v2\/pages\/4685\/revisions\/11252"}],"wp:attachment":[{"href":"https:\/\/neher-insektenschutz.ch\/fr\/wp-json\/wp\/v2\/media?parent=4685"}],"curies":[{"name":"wp","href":"https:\/\/api.w.org\/{rel}","templated":true}]}}