{"id":4601,"date":"2023-12-05T08:24:42","date_gmt":"2023-12-05T07:24:42","guid":{"rendered":"https:\/\/neher-insektenschutz.ch\/?page_id=4601"},"modified":"2025-11-29T23:22:28","modified_gmt":"2025-11-29T22:22:28","slug":"dubendorf","status":"publish","type":"page","link":"https:\/\/neher-insektenschutz.ch\/fr\/dubendorf\/","title":{"rendered":"D\u00fcbendorf"},"content":{"rendered":"\n<div class=\"hero\">\n\t    <div class=\"wrap\">\n        \n\n<h2 class=\"wp-block-heading\">Conseils et installation de moustiquaires \u00e0 D\u00fcbendorf<\/h2>\n\n\n\n<p><strong>Nous sommes l\u00e0 pour vous \u00e0 D\u00fcbendorf<\/strong><\/p>\n\n\n\n<p>A <a href=\"https:\/\/www.duebendorf.ch\/\" target=\"_blank\" rel=\"noopener\">D\u00fcbendorf<\/a> et dans tout le canton de Zurich, nous proposons un service sur place tel que le conseil, la prise de mesures et le montage de tous les produits de moustiquaires par nos partenaires locaux sp\u00e9cialis\u00e9s dans les moustiquaires.<\/p>\n\n\n\n<div class=\"wp-block-buttons is-layout-flex wp-block-buttons-is-layout-flex\">\n<div class=\"wp-block-button is-style-primary\"><a class=\"wp-block-button__link wp-element-button\" href=\"https:\/\/neher-insektenschutz.ch\/fr\/demande-doffre\/\">demander maintenant une offre sans engagement<\/a><\/div>\n<\/div>\n\n\n    <\/div>\n<\/div>\n<div style=\"height:100px\" aria-hidden=\"true\" class=\"wp-block-spacer\"><\/div>\n\n<figure class=\"wp-block-image aligncenter size-large is-resized\"><a href=\"https:\/\/www.duebendorf.ch\/\" target=\"_blank\" rel=\"noreferrer noopener\"><img loading=\"lazy\" decoding=\"async\" src=\"https:\/\/neher-insektenschutz.ch\/wp-content\/uploads\/2023\/08\/Duebendorf-871x1024.png\" alt=\"\" class=\"wp-image-2381\" style=\"width:240px;height:282px\" width=\"240\" height=\"282\" srcset=\"https:\/\/neher-insektenschutz.ch\/wp-content\/uploads\/2023\/08\/Duebendorf-871x1024.png 871w, https:\/\/neher-insektenschutz.ch\/wp-content\/uploads\/2023\/08\/Duebendorf-255x300.png 255w, https:\/\/neher-insektenschutz.ch\/wp-content\/uploads\/2023\/08\/Duebendorf-768x902.png 768w, https:\/\/neher-insektenschutz.ch\/wp-content\/uploads\/2023\/08\/Duebendorf-511x600.png 511w, https:\/\/neher-insektenschutz.ch\/wp-content\/uploads\/2023\/08\/Duebendorf.png 1200w, https:\/\/neher-insektenschutz.ch\/wp-content\/uploads\/2023\/08\/Duebendorf-255x300@2x.png 510w\" sizes=\"auto, (max-width: 240px) 100vw, 240px\" \/><\/a><\/figure>\n\n<div style=\"height:100px\" aria-hidden=\"true\" class=\"wp-block-spacer\"><\/div>\n","protected":false},"excerpt":{"rendered":"","protected":false},"author":7,"featured_media":4016,"parent":0,"menu_order":0,"comment_status":"closed","ping_status":"closed","template":"","meta":{"_acf_changed":false,"inline_featured_image":false,"_genesis_hide_title":false,"_genesis_hide_breadcrumbs":false,"_genesis_hide_singular_image":false,"_genesis_custom_body_class":"","_genesis_custom_post_class":"","_genesis_layout":"","pgc_sgb_lightbox_settings":"","two_page_speed":{"current_score":{"desktop_score":99,"desktop_tti":"0.6\u00a0","mobile_score":94,"mobile_tti":"2.7\u00a0","date":"29.11.2025 11:22:49 pm","status":"completed"}},"footnotes":""},"class_list":{"0":"post-4601","1":"page","2":"type-page","3":"status-publish","4":"has-post-thumbnail","6":"entry"},"acf":[],"_links":{"self":[{"href":"https:\/\/neher-insektenschutz.ch\/fr\/wp-json\/wp\/v2\/pages\/4601","targetHints":{"allow":["GET"]}}],"collection":[{"href":"https:\/\/neher-insektenschutz.ch\/fr\/wp-json\/wp\/v2\/pages"}],"about":[{"href":"https:\/\/neher-insektenschutz.ch\/fr\/wp-json\/wp\/v2\/types\/page"}],"author":[{"embeddable":true,"href":"https:\/\/neher-insektenschutz.ch\/fr\/wp-json\/wp\/v2\/users\/7"}],"replies":[{"embeddable":true,"href":"https:\/\/neher-insektenschutz.ch\/fr\/wp-json\/wp\/v2\/comments?post=4601"}],"version-history":[{"count":4,"href":"https:\/\/neher-insektenschutz.ch\/fr\/wp-json\/wp\/v2\/pages\/4601\/revisions"}],"predecessor-version":[{"id":7404,"href":"https:\/\/neher-insektenschutz.ch\/fr\/wp-json\/wp\/v2\/pages\/4601\/revisions\/7404"}],"wp:featuredmedia":[{"embeddable":true,"href":"https:\/\/neher-insektenschutz.ch\/fr\/wp-json\/wp\/v2\/media\/4016"}],"wp:attachment":[{"href":"https:\/\/neher-insektenschutz.ch\/fr\/wp-json\/wp\/v2\/media?parent=4601"}],"curies":[{"name":"wp","href":"https:\/\/api.w.org\/{rel}","templated":true}]}}