{"id":4577,"date":"2023-11-16T08:39:53","date_gmt":"2023-11-16T07:39:53","guid":{"rendered":"https:\/\/neher-insektenschutz.ch\/qui-nous-sommes\/"},"modified":"2025-11-29T07:33:10","modified_gmt":"2025-11-29T06:33:10","slug":"qui-nous-sommes","status":"publish","type":"page","link":"https:\/\/neher-insektenschutz.ch\/fr\/qui-nous-sommes\/","title":{"rendered":"Qui nous sommes"},"content":{"rendered":"\n<div class=\"wp-block-cover is-light hero-cover has-regular-font-size\"><span aria-hidden=\"true\" class=\"wp-block-cover__background has-background-dim-0 has-background-dim\"><\/span><img loading=\"lazy\" decoding=\"async\" width=\"4000\" height=\"2081\" class=\"wp-block-cover__image-background wp-image-3648\" alt=\"\" src=\"https:\/\/neher-insektenschutz.ch\/wp-content\/uploads\/2023\/09\/vater_sohn_neher.jpg\" data-object-fit=\"cover\" srcset=\"https:\/\/neher-insektenschutz.ch\/wp-content\/uploads\/2023\/09\/vater_sohn_neher.jpg 4000w, https:\/\/neher-insektenschutz.ch\/wp-content\/uploads\/2023\/09\/vater_sohn_neher-300x156.jpg 300w, https:\/\/neher-insektenschutz.ch\/wp-content\/uploads\/2023\/09\/vater_sohn_neher-1024x533.jpg 1024w, https:\/\/neher-insektenschutz.ch\/wp-content\/uploads\/2023\/09\/vater_sohn_neher-768x400.jpg 768w, https:\/\/neher-insektenschutz.ch\/wp-content\/uploads\/2023\/09\/vater_sohn_neher-1536x799.jpg 1536w, https:\/\/neher-insektenschutz.ch\/wp-content\/uploads\/2023\/09\/vater_sohn_neher-2048x1065.jpg 2048w, https:\/\/neher-insektenschutz.ch\/wp-content\/uploads\/2023\/09\/vater_sohn_neher-600x312.jpg 600w\" sizes=\"auto, (max-width: 4000px) 100vw, 4000px\" \/><div class=\"wp-block-cover__inner-container is-layout-constrained wp-block-cover-is-layout-constrained\">\n<p class=\"has-text-align-center has-large-font-size\"><\/p>\n<\/div><\/div>\n\n<div class=\"hero\">\n\t    <div class=\"wrap\">\n        \n\n<h2 class=\"wp-block-heading\">Wer wir sind<\/h2>\n\n\n\n<p>Die Swiss Trade GmbH &#8211; Ihr zuverl\u00e4ssiger Neher Insektenschutz Markenvertreter in der Schweiz<\/p>\n\n\n    <\/div>\n<\/div>\n<div class=\"columns\">\n    \n\n<div class=\"wp-block-columns is-layout-flex wp-container-core-columns-is-layout-9d6595d7 wp-block-columns-is-layout-flex\">\n<div class=\"wp-block-column column-left is-layout-flow wp-block-column-is-layout-flow\">\n<figure class=\"wp-block-image size-full is-resized\"><img loading=\"lazy\" decoding=\"async\" width=\"618\" height=\"436\" src=\"https:\/\/neher-insektenschutz.ch\/wp-content\/uploads\/2024\/12\/Zertifikat-2025.png\" alt=\"\" class=\"wp-image-8761\" style=\"width:618px\" srcset=\"https:\/\/neher-insektenschutz.ch\/wp-content\/uploads\/2024\/12\/Zertifikat-2025.png 618w, https:\/\/neher-insektenschutz.ch\/wp-content\/uploads\/2024\/12\/Zertifikat-2025-300x212.png 300w, https:\/\/neher-insektenschutz.ch\/wp-content\/uploads\/2024\/12\/Zertifikat-2025-600x423.png 600w\" sizes=\"auto, (max-width: 618px) 100vw, 618px\" \/><\/figure>\n<\/div>\n\n\n\n<div class=\"wp-block-column column-right is-layout-flow wp-block-column-is-layout-flow\">\n<h3 class=\"wp-block-heading\">Unsere Partnerschaft mit Neher Systeme GmbH &amp; CO.KG &#8211; eine etablierte Marke seit \u00fcber 50 Jahren<\/h3>\n\n\n\n<p>Als Swiss Trade GmbH sind wir stolz darauf, die hochwertigen Produkte von Neher Systeme GmbH &amp; CO.KG in der Schweiz zu vertreten. Neher ist bereits seit \u00fcber 50 Jahren eine bekannte und angesehene Marke im Bereich Insektenschutz. Unsere langj\u00e4hrige Partnerschaft erm\u00f6glicht es uns, Ihnen die besten L\u00f6sungen anzubieten.<\/p>\n<\/div>\n<\/div>\n\n\n<\/div>\n<div class=\"columns\">\n    \n\n<div class=\"wp-block-columns is-layout-flex wp-container-core-columns-is-layout-9d6595d7 wp-block-columns-is-layout-flex\">\n<div class=\"wp-block-column column-left is-layout-flow wp-block-column-is-layout-flow\">\n<h3 class=\"wp-block-heading\">Ein starkes Netzwerk von \u00fcber 100 Partnern in der ganzen Schweiz<\/h3>\n\n\n\n<p>Wir haben ein grosses Netzwerk von \u00fcber 100 Partnern in der gesamten Schweiz aufgebaut. Unsere Partner wurden sorgf\u00e4ltig ausgew\u00e4hlt und zeichnen sich durch ihre Fachkenntnisse und Zuverl\u00e4ssigkeit aus. Dadurch k\u00f6nnen wir Ihnen fl\u00e4chendeckenden Service bieten, egal wo Sie sich befinden. Unsere Partner unterst\u00fctzen Sie bei der Beratung, Montage und bieten Ihnen erstklassigen Kundenservice.<\/p>\n<\/div>\n\n\n\n<div class=\"wp-block-column column-right is-layout-flow wp-block-column-is-layout-flow\">\n<figure class=\"wp-block-gallery has-nested-images columns-default is-cropped wp-block-gallery-1 is-layout-flex wp-block-gallery-is-layout-flex\">\n<figure class=\"wp-block-image size-large\"><a href=\"https:\/\/neher-insektenschutz.ch\/fr\/emplacements\/\"><img loading=\"lazy\" decoding=\"async\" width=\"616\" height=\"436\" data-id=\"1862\" src=\"https:\/\/neher-insektenschutz.ch\/wp-content\/uploads\/2023\/07\/Partner.jpg\" alt=\"\" class=\"wp-image-1862\" srcset=\"https:\/\/neher-insektenschutz.ch\/wp-content\/uploads\/2023\/07\/Partner.jpg 616w, https:\/\/neher-insektenschutz.ch\/wp-content\/uploads\/2023\/07\/Partner-300x212.jpg 300w, https:\/\/neher-insektenschutz.ch\/wp-content\/uploads\/2023\/07\/Partner-600x425.jpg 600w\" sizes=\"auto, (max-width: 616px) 100vw, 616px\" \/><\/a><\/figure>\n<\/figure>\n<\/div>\n<\/div>\n\n\n<\/div>\n<div class=\"columns\">\n    \n\n<div class=\"wp-block-columns is-layout-flex wp-container-core-columns-is-layout-9d6595d7 wp-block-columns-is-layout-flex\">\n<div class=\"wp-block-column column-left is-layout-flow wp-block-column-is-layout-flow\">\n<div class=\"wp-block-cover\"><span aria-hidden=\"true\" class=\"wp-block-cover__background has-background-dim\"><\/span><img loading=\"lazy\" decoding=\"async\" width=\"616\" height=\"436\" class=\"wp-block-cover__image-background wp-image-1772\" alt=\"\" src=\"https:\/\/neher-insektenschutz.ch\/wp-content\/uploads\/2023\/07\/pendeltuer_familie.jpg\" data-object-fit=\"cover\" srcset=\"https:\/\/neher-insektenschutz.ch\/wp-content\/uploads\/2023\/07\/pendeltuer_familie.jpg 616w, https:\/\/neher-insektenschutz.ch\/wp-content\/uploads\/2023\/07\/pendeltuer_familie-300x212.jpg 300w, https:\/\/neher-insektenschutz.ch\/wp-content\/uploads\/2023\/07\/pendeltuer_familie-600x425.jpg 600w\" sizes=\"auto, (max-width: 616px) 100vw, 616px\" \/><div class=\"wp-block-cover__inner-container is-layout-flow wp-block-cover-is-layout-flow\">\n<p class=\"has-text-align-center has-large-font-size\"><\/p>\n<\/div><\/div>\n<\/div>\n\n\n\n<div class=\"wp-block-column column-right is-layout-flow wp-block-column-is-layout-flow\">\n<h3 class=\"wp-block-heading\">Unser Engagement f\u00fcr zufriedene Kunden und h\u00f6chste Qualit\u00e4t<\/h3>\n\n\n\n<p>Ihre Zufriedenheit steht bei uns an erster Stelle. Wir setzen uns mit Leidenschaft daf\u00fcr ein, Ihre Erwartungen zu \u00fcbertreffen und Ihnen ein grossartiges Kundenerlebnis zu bieten. Wir legen hohen Wert auf Qualit\u00e4t und arbeiten nach strengen Standards. Von der Auswahl der Produkte bis hin zum Kundenservice wollen wir Ihnen stets das Beste bieten.<\/p>\n\n\n\n<p>Durch langj\u00e4hrige Partnerschaften haben wir das Vertrauen unserer Kunden gewonnen. Wir m\u00f6chten Ihre Bed\u00fcrfnisse verstehen und massgeschneiderte L\u00f6sungen anbieten. Unser Ziel ist es, Ihnen einen erstklassigen Service zu bieten, damit Sie mit unseren Insektenschutzl\u00f6sungen rundum zufrieden sind.<\/p>\n\n\n\n<p>Als zuverl\u00e4ssiger Partner f\u00fcr hochwertigen Insektenschutz in der Schweiz stehen wir Ihnen gerne zur Verf\u00fcgung. Kontaktieren Sie uns, um mehr \u00fcber unsere Produkte und Dienstleistungen zu erfahren. Wir freuen uns darauf, Ihnen zu helfen und Ihnen den bestm\u00f6glichen Service zu bieten.<\/p>\n<\/div>\n<\/div>\n\n\n<\/div>\n<figure class=\"wp-block-image size-large is-resized\"><img loading=\"lazy\" decoding=\"async\" width=\"1024\" height=\"406\" src=\"https:\/\/neher-insektenschutz.ch\/wp-content\/uploads\/2023\/11\/Neher-Zeitstrahl-1024x406.webp\" alt=\"\" class=\"wp-image-4305\" style=\"width:1298px;height:517px\" srcset=\"https:\/\/neher-insektenschutz.ch\/wp-content\/uploads\/2023\/11\/Neher-Zeitstrahl-1024x406.webp 1024w, https:\/\/neher-insektenschutz.ch\/wp-content\/uploads\/2023\/11\/Neher-Zeitstrahl-300x119.webp 300w, https:\/\/neher-insektenschutz.ch\/wp-content\/uploads\/2023\/11\/Neher-Zeitstrahl-768x305.webp 768w, https:\/\/neher-insektenschutz.ch\/wp-content\/uploads\/2023\/11\/Neher-Zeitstrahl-1536x610.webp 1536w, https:\/\/neher-insektenschutz.ch\/wp-content\/uploads\/2023\/11\/Neher-Zeitstrahl-2048x813.webp 2048w, https:\/\/neher-insektenschutz.ch\/wp-content\/uploads\/2023\/11\/Neher-Zeitstrahl-600x238.webp 600w\" sizes=\"auto, (max-width: 1024px) 100vw, 1024px\" \/><\/figure>\n\n<div class=\"columns\">\n    \n\n<div class=\"wp-block-columns is-layout-flex wp-container-core-columns-is-layout-9d6595d7 wp-block-columns-is-layout-flex\">\n<div class=\"wp-block-column column-right is-layout-flow wp-block-column-is-layout-flow\">\n<h3 class=\"wp-block-heading\">2023: 50 Jahre Neher<\/h3>\n\n\n\n<p>In diesem Jahr feiert Neher stolz ihren 50. Geburtstag! Seit einem halben Jahrhundert widmet sich Neher leidenschaftlich dem Insektenschutz. Wir bieten Ihnen <a href=\"https:\/\/neher-insektenschutz.ch\/fliegengitter-fenster\/\" data-type=\"neher-product\" data-id=\"141\">Fliegengitter f\u00fcr Fenster<\/a>, <a href=\"https:\/\/neher-insektenschutz.ch\/tueren\/\" data-type=\"neher-product\" data-id=\"1258\">T\u00fcren<\/a>, <a href=\"https:\/\/neher-insektenschutz.ch\/dachfenster\/\" data-type=\"neher-product\" data-id=\"1376\">Dachfenster<\/a> und <a href=\"https:\/\/neher-insektenschutz.ch\/fr\/products\/puits-de-lumiere\/\" data-type=\"neher-product\" data-id=\"1263\">Lichtschachtabdeckungen<\/a> an.<\/p>\n\n\n\n<p>Als Familienunternehmen ist Neher dankbar f\u00fcr ihre langj\u00e4hrigen Kunden, Mitarbeiter, Lieferanten und Partner, die sie auf diesem Weg begleitet haben. Ihre Unterst\u00fctzung hat sie zu dem gemacht, was sie heute sind.<\/p>\n\n\n\n<p>Neher ist stolz auf die Fortschritte der letzten Jahrzehnte und wird weiterhin ihr Bestes geben, um Sie und Ihr Zuhause vor Insekten zu sch\u00fctzen.<br \/><br \/>Vielen Dank f\u00fcr 50 Jahre Vertrauen in Neher!<\/p>\n<\/div>\n\n\n\n<div class=\"wp-block-column column-left is-layout-flow wp-block-column-is-layout-flow\">\n<figure class=\"wp-block-image size-large\"><img decoding=\"async\" src=\"https:\/\/neher-insektenschutz.ch\/wp-content\/uploads\/2023\/11\/Neher-50-Jahre-Jubilaeumslogo-1-1024x725.webp\" alt=\"\" class=\"wp-image-4299\" \/><\/figure>\n<\/div>\n<\/div>\n\n\n<\/div>\n<div class=\"columns\">\n    \n\n<div class=\"wp-block-columns is-layout-flex wp-container-core-columns-is-layout-9d6595d7 wp-block-columns-is-layout-flex\">\n<div class=\"wp-block-column column-left is-layout-flow wp-block-column-is-layout-flow\">\n<figure class=\"wp-block-image size-large is-resized\"><img loading=\"lazy\" decoding=\"async\" width=\"1024\" height=\"1024\" src=\"https:\/\/neher-insektenschutz.ch\/wp-content\/uploads\/2024\/02\/10-Jahre-Garantie-gruen-1024x1024.png\" alt=\"\" class=\"wp-image-7716\" style=\"width:433px;height:auto\" srcset=\"https:\/\/neher-insektenschutz.ch\/wp-content\/uploads\/2024\/02\/10-Jahre-Garantie-gruen-1024x1024.png 1024w, https:\/\/neher-insektenschutz.ch\/wp-content\/uploads\/2024\/02\/10-Jahre-Garantie-gruen-150x150@2x.png 300w, https:\/\/neher-insektenschutz.ch\/wp-content\/uploads\/2024\/02\/10-Jahre-Garantie-gruen-150x150.png 150w, https:\/\/neher-insektenschutz.ch\/wp-content\/uploads\/2024\/02\/10-Jahre-Garantie-gruen-768x768.png 768w, https:\/\/neher-insektenschutz.ch\/wp-content\/uploads\/2024\/02\/10-Jahre-Garantie-gruen-600x600.png 600w, https:\/\/neher-insektenschutz.ch\/wp-content\/uploads\/2024\/02\/10-Jahre-Garantie-gruen.png 1418w\" sizes=\"auto, (max-width: 1024px) 100vw, 1024px\" \/><\/figure>\n<\/div>\n\n\n\n<div class=\"wp-block-column column-right is-layout-flow wp-block-column-is-layout-flow\">\n<h3 class=\"wp-block-heading\">10 Jahre Garantie<\/h3>\n\n\n\n<p>Wir bei Neher Insektenschutz glauben fest an die Qualit\u00e4t unserer Produkte. Deshalb erweitern wir ab 2024 unsere Garantie f\u00fcr alle direkt bei uns gekauften Produkte auf 10 Jahre. Diese Entscheidung unterstreicht unser Vertrauen in die Langlebigkeit und Zuverl\u00e4ssigkeit unserer Produkte.<\/p>\n\n\n\n<p><strong>Warum wir unsere Garantie verl\u00e4ngern:<\/strong> Unsere Produkte durchlaufen strenge Qualit\u00e4tskontrollen, um sicherzustellen, dass sie unseren hohen Standards entsprechen. Diese Garantieerweiterung ist ein Beweis f\u00fcr unser Engagement, Ihnen Produkte zu liefern, auf die Sie z\u00e4hlen k\u00f6nnen.<\/p>\n\n\n\n<p><strong>Wer profitiert:<\/strong> Die erweiterte Garantie gilt nur f\u00fcr Produkte, die direkt \u00fcber Neher Insektenschutz erworben werden. <\/p>\n\n\n\n<p><strong>Interesse an einer kostenlosen Beratung?<\/strong> Wenn Sie mehr dar\u00fcber erfahren m\u00f6chten, wie unsere Produkte Ihnen helfen k\u00f6nnen, f\u00fcllen Sie bitte unser <a href=\"https:\/\/neher-insektenschutz.ch\/fr\/demande-doffre\/\" data-type=\"page\" data-id=\"433\">Offertenformular<\/a> aus. Wir freuen uns darauf, Ihnen eine massgefertigte L\u00f6sung anzubieten.<\/p>\n<\/div>\n<\/div>\n\n\n<\/div>","protected":false},"excerpt":{"rendered":"","protected":false},"author":8,"featured_media":4581,"parent":0,"menu_order":0,"comment_status":"closed","ping_status":"closed","template":"","meta":{"_acf_changed":false,"inline_featured_image":false,"_genesis_hide_title":false,"_genesis_hide_breadcrumbs":false,"_genesis_hide_singular_image":false,"_genesis_custom_body_class":"","_genesis_custom_post_class":"","_genesis_layout":"","pgc_sgb_lightbox_settings":"","two_page_speed":{"current_score":{"desktop_score":99,"desktop_tti":"0.8\u00a0","mobile_score":84,"mobile_tti":"2.9\u00a0","date":"26.05.2025 11:53:08 pm","status":"error_no_score"}},"footnotes":""},"class_list":{"0":"post-4577","1":"page","2":"type-page","3":"status-publish","4":"has-post-thumbnail","6":"entry"},"acf":[],"_links":{"self":[{"href":"https:\/\/neher-insektenschutz.ch\/fr\/wp-json\/wp\/v2\/pages\/4577","targetHints":{"allow":["GET"]}}],"collection":[{"href":"https:\/\/neher-insektenschutz.ch\/fr\/wp-json\/wp\/v2\/pages"}],"about":[{"href":"https:\/\/neher-insektenschutz.ch\/fr\/wp-json\/wp\/v2\/types\/page"}],"author":[{"embeddable":true,"href":"https:\/\/neher-insektenschutz.ch\/fr\/wp-json\/wp\/v2\/users\/8"}],"replies":[{"embeddable":true,"href":"https:\/\/neher-insektenschutz.ch\/fr\/wp-json\/wp\/v2\/comments?post=4577"}],"version-history":[{"count":14,"href":"https:\/\/neher-insektenschutz.ch\/fr\/wp-json\/wp\/v2\/pages\/4577\/revisions"}],"predecessor-version":[{"id":10971,"href":"https:\/\/neher-insektenschutz.ch\/fr\/wp-json\/wp\/v2\/pages\/4577\/revisions\/10971"}],"wp:featuredmedia":[{"embeddable":true,"href":"https:\/\/neher-insektenschutz.ch\/fr\/wp-json\/wp\/v2\/media\/4581"}],"wp:attachment":[{"href":"https:\/\/neher-insektenschutz.ch\/fr\/wp-json\/wp\/v2\/media?parent=4577"}],"curies":[{"name":"wp","href":"https:\/\/api.w.org\/{rel}","templated":true}]}}