{"id":11607,"date":"2026-04-22T09:29:24","date_gmt":"2026-04-22T07:29:24","guid":{"rendered":"https:\/\/neher-insektenschutz.ch\/?page_id=11607"},"modified":"2026-04-22T14:24:45","modified_gmt":"2026-04-22T12:24:45","slug":"montageanleitungen","status":"publish","type":"page","link":"https:\/\/neher-insektenschutz.ch\/montageanleitungen\/","title":{"rendered":"Montageanleitungen"},"content":{"rendered":"\n<div class=\"wp-block-cover is-light hero-cover\"><img loading=\"lazy\" decoding=\"async\" width=\"700\" height=\"366\" class=\"wp-block-cover__image-background wp-image-6373 size-full\" alt=\"\" src=\"https:\/\/neher-insektenschutz.ch\/wp-content\/uploads\/2023\/07\/Neher-Ersatzteile-Spannrahmen.webp\" data-object-fit=\"cover\" srcset=\"https:\/\/neher-insektenschutz.ch\/wp-content\/uploads\/2023\/07\/Neher-Ersatzteile-Spannrahmen.webp 700w, https:\/\/neher-insektenschutz.ch\/wp-content\/uploads\/2023\/07\/Neher-Ersatzteile-Spannrahmen-300x157.webp 300w, https:\/\/neher-insektenschutz.ch\/wp-content\/uploads\/2023\/07\/Neher-Ersatzteile-Spannrahmen-600x314.webp 600w\" sizes=\"auto, (max-width: 700px) 100vw, 700px\" \/><span aria-hidden=\"true\" class=\"wp-block-cover__background has-background-dim\" style=\"background-color:#97857b\"><\/span><div class=\"wp-block-cover__inner-container is-layout-constrained wp-block-cover-is-layout-constrained\">\n<p class=\"has-text-align-center has-large-font-size\"><\/p>\n<\/div><\/div>\n\n\n\n<div class=\"hero\">\n\t    <div class=\"wrap\">\n        \n\n<div class=\"hero-links\">\n\t<div class=\"wrap\">\n    \t\n\n<ul class=\"wp-block-list\">\n<li><a href=\"https:\/\/neher-insektenschutz.ch\/montageanleitungen\/dreh-pendeltueren\/\" data-type=\"page\" data-id=\"11616\">Dreh-Pendelt\u00fcren<\/a><\/li>\n<\/ul>\n\n\n    <\/div>\n<\/div>\n\n\n<h2 class=\"wp-block-heading\">Montageanleitungen f\u00fcr Ihre Neher Produkte<\/h2>\n\n\n\n<p>W\u00e4hlen Sie das Produkt aus, f\u00fcr das Sie eine Anleitung ben\u00f6tigen, und finden Sie schnell die passende Montageanleitung.<\/p>\n\n\n    <\/div>\n<\/div>\n\n\n<div style=\"height:32px\" aria-hidden=\"true\" class=\"wp-block-spacer\"><\/div>\n\n\n<div class=\"product product-inner\"><a href=\"https:\/\/neher-insektenschutz.ch\/products\/drehtuer-pendeltuer\/\" title=\"Dreh- Pendelt\u00fcr\">\n        \n\n<figure class=\"wp-block-image aligncenter size-medium_large is-resized is-style-rounded\"><img loading=\"lazy\" decoding=\"async\" width=\"768\" height=\"433\" src=\"https:\/\/neher-insektenschutz.ch\/wp-content\/uploads\/2023\/07\/pendeltur-montage-video-768x433.webp\" alt=\"\" class=\"wp-image-11594\" style=\"object-fit:cover;width:180px;height:180px\" srcset=\"https:\/\/neher-insektenschutz.ch\/wp-content\/uploads\/2023\/07\/pendeltur-montage-video-768x433.webp 768w, https:\/\/neher-insektenschutz.ch\/wp-content\/uploads\/2023\/07\/pendeltur-montage-video-300x169.webp 300w, https:\/\/neher-insektenschutz.ch\/wp-content\/uploads\/2023\/07\/pendeltur-montage-video-1024x577.webp 1024w, https:\/\/neher-insektenschutz.ch\/wp-content\/uploads\/2023\/07\/pendeltur-montage-video-600x338.webp 600w, https:\/\/neher-insektenschutz.ch\/wp-content\/uploads\/2023\/07\/pendeltur-montage-video.webp 1200w\" sizes=\"auto, (max-width: 768px) 100vw, 768px\" \/><\/figure>\n\n\n\n<h3 class=\"wp-block-heading\" id=\"spannrahmen\"><a href=\"https:\/\/neher-insektenschutz.ch\/montageanleitungen\/dreh-pendeltueren\/\" data-type=\"page\" data-id=\"11616\">Dreht\u00fcr &#8211; Pendelt\u00fcr<\/a><\/h3>\n\n\n\n<p><\/p>\n\n\n    <\/a><\/div>\n\n\n\n\n<p><\/p>\n","protected":false},"excerpt":{"rendered":"","protected":false},"author":12,"featured_media":0,"parent":0,"menu_order":0,"comment_status":"closed","ping_status":"closed","template":"","meta":{"_acf_changed":false,"inline_featured_image":false,"_genesis_hide_title":false,"_genesis_hide_breadcrumbs":false,"_genesis_hide_singular_image":false,"_genesis_custom_body_class":"","_genesis_custom_post_class":"","_genesis_layout":"","pgc_sgb_lightbox_settings":"","two_page_speed":{"current_score":{"status":"error_no_score"}},"footnotes":""},"class_list":{"0":"post-11607","1":"page","2":"type-page","3":"status-publish","5":"entry"},"acf":[],"_links":{"self":[{"href":"https:\/\/neher-insektenschutz.ch\/fr\/wp-json\/wp\/v2\/pages\/11607","targetHints":{"allow":["GET"]}}],"collection":[{"href":"https:\/\/neher-insektenschutz.ch\/fr\/wp-json\/wp\/v2\/pages"}],"about":[{"href":"https:\/\/neher-insektenschutz.ch\/fr\/wp-json\/wp\/v2\/types\/page"}],"author":[{"embeddable":true,"href":"https:\/\/neher-insektenschutz.ch\/fr\/wp-json\/wp\/v2\/users\/12"}],"replies":[{"embeddable":true,"href":"https:\/\/neher-insektenschutz.ch\/fr\/wp-json\/wp\/v2\/comments?post=11607"}],"version-history":[{"count":12,"href":"https:\/\/neher-insektenschutz.ch\/fr\/wp-json\/wp\/v2\/pages\/11607\/revisions"}],"predecessor-version":[{"id":11669,"href":"https:\/\/neher-insektenschutz.ch\/fr\/wp-json\/wp\/v2\/pages\/11607\/revisions\/11669"}],"wp:attachment":[{"href":"https:\/\/neher-insektenschutz.ch\/fr\/wp-json\/wp\/v2\/media?parent=11607"}],"curies":[{"name":"wp","href":"https:\/\/api.w.org\/{rel}","templated":true}]}}