{"id":10875,"date":"2025-05-20T11:09:26","date_gmt":"2025-05-20T09:09:26","guid":{"rendered":"https:\/\/neher-insektenschutz.ch\/moustiquaire-instructions\/"},"modified":"2025-12-05T09:37:54","modified_gmt":"2025-12-05T08:37:54","slug":"moustiquaire-instructions","status":"publish","type":"page","link":"https:\/\/neher-insektenschutz.ch\/fr\/moustiquaire-instructions\/","title":{"rendered":"Moustiquaire instructions"},"content":{"rendered":"\n<div class=\"wp-block-cover is-light hero-cover\"><img loading=\"lazy\" decoding=\"async\" width=\"1916\" height=\"884\" class=\"wp-block-cover__image-background wp-image-7809 size-full\" alt=\"\" src=\"https:\/\/neher-insektenschutz.ch\/wp-content\/uploads\/2024\/02\/Checkliste.jpg\" style=\"object-position:100% 0%\" data-object-fit=\"cover\" data-object-position=\"100% 0%\" srcset=\"https:\/\/neher-insektenschutz.ch\/wp-content\/uploads\/2024\/02\/Checkliste.jpg 1916w, https:\/\/neher-insektenschutz.ch\/wp-content\/uploads\/2024\/02\/Checkliste-300x138.jpg 300w, https:\/\/neher-insektenschutz.ch\/wp-content\/uploads\/2024\/02\/Checkliste-1024x472.jpg 1024w, https:\/\/neher-insektenschutz.ch\/wp-content\/uploads\/2024\/02\/Checkliste-768x354.jpg 768w, https:\/\/neher-insektenschutz.ch\/wp-content\/uploads\/2024\/02\/Checkliste-1536x709.jpg 1536w, https:\/\/neher-insektenschutz.ch\/wp-content\/uploads\/2024\/02\/Checkliste-600x277.jpg 600w\" sizes=\"auto, (max-width: 1916px) 100vw, 1916px\" \/><span aria-hidden=\"true\" class=\"wp-block-cover__background has-background-dim\" style=\"background-color:#b4a89e\"><\/span><div class=\"wp-block-cover__inner-container is-layout-constrained wp-block-cover-is-layout-constrained\">\n<p class=\"has-text-align-center has-large-font-size\"><\/p>\n<\/div><\/div>\n\n<div class=\"hero\">\n\t    <div class=\"wrap\">\n        \n\n<h2 class=\"wp-block-heading\">Votre guide pas \u00e0 pas pour une moustiquaire parfaite<\/h2>\n\n\n\n<p>Ce guide complet \u00e9tape par \u00e9tape vous facilite le chemin vers une moustiquaire Neher sur mesure. D\u00e9couvrez comment choisir le mod\u00e8le appropri\u00e9 pour votre maison et comment l&rsquo;adapter \u00e0 vos fen\u00eatres ou portes. Le processus comprend un conseil d\u00e9taill\u00e9 et la s\u00e9lection de la moustiquaire ad\u00e9quate, suivis de l&rsquo;installation professionnelle par des partenaires certifi\u00e9s Neher. Notre objectif est de vous fournir toutes les informations n\u00e9cessaires pour que vous puissiez prendre une d\u00e9cision \u00e9clair\u00e9e.<\/p>\n\n\n    <\/div>\n<\/div>\n<div class=\"columns\">\n    \n\n<div class=\"wp-block-columns is-layout-flex wp-container-core-columns-is-layout-9d6595d7 wp-block-columns-is-layout-flex\">\n<div class=\"wp-block-column column-right is-layout-flow wp-block-column-is-layout-flow\">\n<h3 class=\"wp-block-heading\">\u00c9tape 1 : Remplir le formulaire pour une consultation gratuite<\/h3>\n\n\n\n<p>Veuillez remplir le formulaire de contact avec vos donn\u00e9es de base. Ces informations sont n\u00e9cessaires pour vous attribuer un <a href=\"https:\/\/neher-insektenschutz.ch\/fr\/emplacements\/\">partenaire commercial<\/a> appropri\u00e9 dans votre r\u00e9gion. C&rsquo;est la premi\u00e8re \u00e9tape de la coordination de votre moustiquaire Neher.<\/p>\n\n\n\n<div class=\"wp-block-buttons is-layout-flex wp-block-buttons-is-layout-flex\">\n<div class=\"wp-block-button is-style-primary\"><a class=\"wp-block-button__link wp-element-button\" href=\"https:\/\/neher-insektenschutz.ch\/fr\/demande-doffre\/\">Formulaire de consultation gratuite<\/a><\/div>\n<\/div>\n<\/div>\n\n\n\n<div class=\"wp-block-column column-left is-layout-flow wp-block-column-is-layout-flow\">\n<figure class=\"wp-block-image size-full\"><img loading=\"lazy\" decoding=\"async\" width=\"616\" height=\"436\" src=\"https:\/\/neher-insektenschutz.ch\/wp-content\/uploads\/2024\/02\/Offertenformular-ausfuellen.png\" alt=\"Commander des moustiquaires\" class=\"wp-image-7776\" srcset=\"https:\/\/neher-insektenschutz.ch\/wp-content\/uploads\/2024\/02\/Offertenformular-ausfuellen.png 616w, https:\/\/neher-insektenschutz.ch\/wp-content\/uploads\/2024\/02\/Offertenformular-ausfuellen-300x212.png 300w, https:\/\/neher-insektenschutz.ch\/wp-content\/uploads\/2024\/02\/Offertenformular-ausfuellen-600x425.png 600w\" sizes=\"auto, (max-width: 616px) 100vw, 616px\" \/><\/figure>\n<\/div>\n<\/div>\n\n\n<\/div>\n<div class=\"columns\">\n    \n\n<div class=\"wp-block-columns is-layout-flex wp-container-core-columns-is-layout-9d6595d7 wp-block-columns-is-layout-flex\">\n<div class=\"wp-block-column column-left is-layout-flow wp-block-column-is-layout-flow\">\n<figure class=\"wp-block-image size-full\"><img loading=\"lazy\" decoding=\"async\" width=\"616\" height=\"436\" src=\"https:\/\/neher-insektenschutz.ch\/wp-content\/uploads\/2025\/05\/Terminvereinbarung-1.webp\" alt=\"L'homme travaille &#xE0; son bureau avec un ordinateur portable sur lequel est ouvert un calendrier num&#xE9;rique ; il utilise un clavier et une souris externes tout en tenant un smartphone dans la main.\" class=\"wp-image-10867\" srcset=\"https:\/\/neher-insektenschutz.ch\/wp-content\/uploads\/2025\/05\/Terminvereinbarung-1.webp 616w, https:\/\/neher-insektenschutz.ch\/wp-content\/uploads\/2025\/05\/Terminvereinbarung-1-300x212.webp 300w, https:\/\/neher-insektenschutz.ch\/wp-content\/uploads\/2025\/05\/Terminvereinbarung-1-600x425.webp 600w\" sizes=\"auto, (max-width: 616px) 100vw, 616px\" \/><\/figure>\n<\/div>\n\n\n\n<div class=\"wp-block-column column-right is-layout-flow wp-block-column-is-layout-flow\">\n<h3 class=\"wp-block-heading\">\u00c9tape 2 : Prendre rendez-vous pour la consultation<\/h3>\n\n\n\n<p>D\u00e8s que notre partenaire commercial aura re\u00e7u votre demande, il vous contactera afin de convenir d&rsquo;un rendez-vous pour une consultation gratuite sur place.<\/p>\n<\/div>\n<\/div>\n\n\n<\/div>\n<div class=\"columns\">\n    \n\n<div class=\"wp-block-columns is-layout-flex wp-container-core-columns-is-layout-9d6595d7 wp-block-columns-is-layout-flex\">\n<div class=\"wp-block-column column-right is-layout-flow wp-block-column-is-layout-flow\">\n<h3 class=\"wp-block-heading\">\u00c9tape 3 : Conseil et mesure exacte sur place<\/h3>\n\n\n\n<p>Lors de la consultation sur place, notre partenaire commercial prend des mesures pr\u00e9cises de vos fen\u00eatres ou portes et vous propose sur cette base les produits de <a href=\"https:\/\/neher-insektenschutz.ch\/fr\/moustiquaire\/\">moustiquaires<\/a> les plus appropri\u00e9s. Tous nos partenaires commerciaux sont parfaitement pr\u00e9par\u00e9s \u00e0 l&rsquo;installation professionnelle de nos solutions gr\u00e2ce aux formations Neher, afin de garantir que vous receviez une solution de moustiquaire parfaitement adapt\u00e9e et efficace.<\/p>\n<\/div>\n\n\n\n<div class=\"wp-block-column column-left is-layout-flow wp-block-column-is-layout-flow\">\n<figure class=\"wp-block-image size-full\"><img decoding=\"async\" src=\"https:\/\/neher-insektenschutz.ch\/wp-content\/uploads\/2024\/02\/616x436-Neher-Beratung-1.jpg\" alt=\"\" class=\"wp-image-7846\" \/><\/figure>\n<\/div>\n<\/div>\n\n\n<\/div>\n<div class=\"columns\">\n    \n\n<div class=\"wp-block-columns is-layout-flex wp-container-core-columns-is-layout-9d6595d7 wp-block-columns-is-layout-flex\">\n<div class=\"wp-block-column column-left is-layout-flow wp-block-column-is-layout-flow\">\n<figure class=\"wp-block-image size-full\"><img loading=\"lazy\" decoding=\"async\" width=\"616\" height=\"436\" src=\"https:\/\/neher-insektenschutz.ch\/wp-content\/uploads\/2024\/02\/Deal.jpg\" alt=\"\" class=\"wp-image-7813\" srcset=\"https:\/\/neher-insektenschutz.ch\/wp-content\/uploads\/2024\/02\/Deal.jpg 616w, https:\/\/neher-insektenschutz.ch\/wp-content\/uploads\/2024\/02\/Deal-300x212.jpg 300w, https:\/\/neher-insektenschutz.ch\/wp-content\/uploads\/2024\/02\/Deal-600x425.jpg 600w\" sizes=\"auto, (max-width: 616px) 100vw, 616px\" \/><\/figure>\n<\/div>\n\n\n\n<div class=\"wp-block-column column-right is-layout-flow wp-block-column-is-layout-flow\">\n<h3 class=\"wp-block-heading\">\u00c9tape 4 : Offre et ordre de production<\/h3>\n\n\n\n<p>Apr\u00e8s la consultation sur place et les mesures, vous recevez une offre sans engagement pour vos moustiquaires. Cette offre est adapt\u00e9e avec pr\u00e9cision aux dimensions de vos fen\u00eatres ou portes. D\u00e8s que vous acceptez l&rsquo;offre, nous lan\u00e7ons la production de votre commande. Chaque moustiquaire est fabriqu\u00e9e sur mesure afin de garantir un ajustement parfait et une satisfaction maximale.<\/p>\n<\/div>\n<\/div>\n\n\n<\/div>\n<div class=\"columns\">\n    \n\n<div class=\"wp-block-columns is-layout-flex wp-container-core-columns-is-layout-9d6595d7 wp-block-columns-is-layout-flex\">\n<div class=\"wp-block-column column-right is-layout-flow wp-block-column-is-layout-flow\">\n<h3 class=\"wp-block-heading\">\u00c9tape 5 : Montage de la moustiquaire<\/h3>\n\n\n\n<p>L&rsquo;installation des moustiquaires sur mesure est effectu\u00e9e par notre partenaire commercial environ 5 semaines apr\u00e8s la confirmation de la commande. Ce d\u00e9lai est n\u00e9cessaire car les moustiquaires sont fabriqu\u00e9es sur mesure en Allemagne. Une fois le montage effectu\u00e9 dans les r\u00e8gles de l&rsquo;art, vos locaux sont prot\u00e9g\u00e9s des insectes.<\/p>\n<\/div>\n\n\n\n<div class=\"wp-block-column column-left is-layout-flow wp-block-column-is-layout-flow\">\n<figure class=\"wp-block-image size-full\"><img loading=\"lazy\" decoding=\"async\" width=\"616\" height=\"436\" src=\"https:\/\/neher-insektenschutz.ch\/wp-content\/uploads\/2023\/08\/Neher_Mitarbeiter_bohrt.jpg\" alt=\"\" class=\"wp-image-3174\" srcset=\"https:\/\/neher-insektenschutz.ch\/wp-content\/uploads\/2023\/08\/Neher_Mitarbeiter_bohrt.jpg 616w, https:\/\/neher-insektenschutz.ch\/wp-content\/uploads\/2023\/08\/Neher_Mitarbeiter_bohrt-300x212.jpg 300w, https:\/\/neher-insektenschutz.ch\/wp-content\/uploads\/2023\/08\/Neher_Mitarbeiter_bohrt-600x425.jpg 600w\" sizes=\"auto, (max-width: 616px) 100vw, 616px\" \/><\/figure>\n<\/div>\n<\/div>\n\n\n<\/div>\n<div style=\"height:51px\" aria-hidden=\"true\" class=\"wp-block-spacer\"><\/div>\n<div class=\"action\" rel=\"in-view\">\n        \n\n<h4 class=\"wp-block-heading\">Demandez des conseils gratuits maintenant !<\/h4>\n\n\n\n<div class=\"wp-block-buttons is-layout-flex wp-block-buttons-is-layout-flex\">\n<div class=\"wp-block-button is-style-primary\"><a class=\"wp-block-button__link wp-element-button\" href=\"https:\/\/neher-insektenschutz.ch\/fr\/demande-doffre\/\">Formulaire de consultation<\/a><\/div>\n<\/div>\n\n\n    <\/div>","protected":false},"excerpt":{"rendered":"","protected":false},"author":8,"featured_media":7811,"parent":0,"menu_order":0,"comment_status":"closed","ping_status":"closed","template":"","meta":{"_acf_changed":false,"inline_featured_image":false,"_genesis_hide_title":false,"_genesis_hide_breadcrumbs":false,"_genesis_hide_singular_image":false,"_genesis_custom_body_class":"","_genesis_custom_post_class":"","_genesis_layout":"","pgc_sgb_lightbox_settings":"","two_page_speed":{"current_score":{"desktop_score":92,"desktop_tti":"1.8\u00a0","mobile_score":70,"mobile_tti":"9.1\u00a0","date":"27.11.2025 11:05:54 pm","status":"completed"}},"footnotes":""},"class_list":{"0":"post-10875","1":"page","2":"type-page","3":"status-publish","4":"has-post-thumbnail","6":"entry"},"acf":[],"_links":{"self":[{"href":"https:\/\/neher-insektenschutz.ch\/fr\/wp-json\/wp\/v2\/pages\/10875","targetHints":{"allow":["GET"]}}],"collection":[{"href":"https:\/\/neher-insektenschutz.ch\/fr\/wp-json\/wp\/v2\/pages"}],"about":[{"href":"https:\/\/neher-insektenschutz.ch\/fr\/wp-json\/wp\/v2\/types\/page"}],"author":[{"embeddable":true,"href":"https:\/\/neher-insektenschutz.ch\/fr\/wp-json\/wp\/v2\/users\/8"}],"replies":[{"embeddable":true,"href":"https:\/\/neher-insektenschutz.ch\/fr\/wp-json\/wp\/v2\/comments?post=10875"}],"version-history":[{"count":2,"href":"https:\/\/neher-insektenschutz.ch\/fr\/wp-json\/wp\/v2\/pages\/10875\/revisions"}],"predecessor-version":[{"id":10957,"href":"https:\/\/neher-insektenschutz.ch\/fr\/wp-json\/wp\/v2\/pages\/10875\/revisions\/10957"}],"wp:featuredmedia":[{"embeddable":true,"href":"https:\/\/neher-insektenschutz.ch\/fr\/wp-json\/wp\/v2\/media\/7811"}],"wp:attachment":[{"href":"https:\/\/neher-insektenschutz.ch\/fr\/wp-json\/wp\/v2\/media?parent=10875"}],"curies":[{"name":"wp","href":"https:\/\/api.w.org\/{rel}","templated":true}]}}