{"id":6565,"date":"2023-11-27T08:38:32","date_gmt":"2023-11-27T07:38:32","guid":{"rendered":"https:\/\/neher-insektenschutz.ch\/transpatec\/"},"modified":"2025-11-18T20:40:24","modified_gmt":"2025-11-18T19:40:24","slug":"transpatec","status":"publish","type":"page","link":"https:\/\/neher-insektenschutz.ch\/en\/transpatec\/","title":{"rendered":"Transpatec"},"content":{"rendered":"\n<div class=\"hero\">\n\t    <div class=\"wrap\">\n        \n\n<h2 class=\"wp-block-heading\">Entdecken Sie Transpatec: Neher&#8217;s Revolution im Insektenschutz<\/h2>\n\n\n\n<p><\/p>\n\n\n\n\n    <\/div>\n<\/div>\n<div class=\"columns\">\n    \n\n<div class=\"wp-block-columns is-layout-flex wp-container-core-columns-is-layout-9d6595d7 wp-block-columns-is-layout-flex\">\n<div class=\"wp-block-column column-right is-layout-flow wp-block-column-is-layout-flow\">\n<h3 class=\"wp-block-heading\">Das Wichtigste zu Beginn &#8211; Ein \u00dcberblick<\/h3>\n\n\n\n<ul class=\"wp-block-list\">\n<li><strong>Unauff\u00e4lliges Design:<\/strong> Transpatec zeichnet sich durch sein fast unsichtbares Erscheinungsbild aus, das nahtlos in jedes Interieur integriert werden kann.<br \/><\/li>\n\n\n\n<li><strong>Erh\u00f6hte Transparenz:<\/strong> Dank der feinen Webart und der anthrazitfarbenen F\u00e4den bietet Transpatec eine klare Durchsicht, die herk\u00f6mmliche Gewebe nicht erreichen. Das Transpatec Gewebe bietet eine Durchsicht von 80 % und ist somit wahrscheinlich das beste Insektenschutzgewebe der Welt.<br \/><\/li>\n\n\n\n<li><strong>Hochentwickelte Materialien:<\/strong> Das Gewebe ist nicht nur reissfest, sondern auch resistent gegen UV-Strahlung und Witterungseinfl\u00fcsse, was eine langanhaltende Leistung garantiert.<br \/><\/li>\n\n\n\n<li><strong>Wartungsarm:<\/strong> Transpatec ist so konzipiert, dass es mit minimalem Pflegeaufwand jahrelang seine Qualit\u00e4t beibeh\u00e4lt.<\/li>\n<\/ul>\n<\/div>\n\n\n\n<div class=\"wp-block-column column-left is-layout-flow wp-block-column-is-layout-flow\">\n<figure class=\"wp-block-image size-full\"><img loading=\"lazy\" decoding=\"async\" width=\"616\" height=\"436\" src=\"https:\/\/neher-insektenschutz.ch\/wp-content\/uploads\/2023\/09\/Neher_Transpatec_Innen-1.jpg\" alt=\"\" class=\"wp-image-4352\" srcset=\"https:\/\/neher-insektenschutz.ch\/wp-content\/uploads\/2023\/09\/Neher_Transpatec_Innen-1.jpg 616w, https:\/\/neher-insektenschutz.ch\/wp-content\/uploads\/2023\/09\/Neher_Transpatec_Innen-1-300x212.jpg 300w, https:\/\/neher-insektenschutz.ch\/wp-content\/uploads\/2023\/09\/Neher_Transpatec_Innen-1-600x425.jpg 600w\" sizes=\"auto, (max-width: 616px) 100vw, 616px\" \/><\/figure>\n<\/div>\n<\/div>\n\n\n<\/div>\n<div class=\"columns\">\n    \n\n<div class=\"wp-block-columns is-layout-flex wp-container-core-columns-is-layout-9d6595d7 wp-block-columns-is-layout-flex\">\n<div class=\"wp-block-column column-left is-layout-flow wp-block-column-is-layout-flow\">\n<figure class=\"wp-block-image size-large\"><img loading=\"lazy\" decoding=\"async\" width=\"1024\" height=\"725\" src=\"https:\/\/neher-insektenschutz.ch\/wp-content\/uploads\/2023\/11\/Transpatec-Gewebe-Luftdurchlassigkeit-1024x725.webp\" alt=\"\" class=\"wp-image-6499\" srcset=\"https:\/\/neher-insektenschutz.ch\/wp-content\/uploads\/2023\/11\/Transpatec-Gewebe-Luftdurchlassigkeit-1024x725.webp 1024w, https:\/\/neher-insektenschutz.ch\/wp-content\/uploads\/2023\/11\/Transpatec-Gewebe-Luftdurchlassigkeit-300x212.webp 300w, https:\/\/neher-insektenschutz.ch\/wp-content\/uploads\/2023\/11\/Transpatec-Gewebe-Luftdurchlassigkeit-768x544.webp 768w, https:\/\/neher-insektenschutz.ch\/wp-content\/uploads\/2023\/11\/Transpatec-Gewebe-Luftdurchlassigkeit-1536x1087.webp 1536w, https:\/\/neher-insektenschutz.ch\/wp-content\/uploads\/2023\/11\/Transpatec-Gewebe-Luftdurchlassigkeit-2048x1450.webp 2048w, https:\/\/neher-insektenschutz.ch\/wp-content\/uploads\/2023\/11\/Transpatec-Gewebe-Luftdurchlassigkeit-600x425.webp 600w\" sizes=\"auto, (max-width: 1024px) 100vw, 1024px\" \/><\/figure>\n<\/div>\n\n\n\n<div class=\"wp-block-column column-right is-layout-flow wp-block-column-is-layout-flow\">\n<ul class=\"wp-block-list\">\n<li><strong>Energieeffizient:<\/strong> Die hohe Luftdurchl\u00e4ssigkeit von Transpatec unterst\u00fctzt eine effiziente Klimatisierung und hilft so, Energiekosten zu senken.<br \/><\/li>\n\n\n\n<li><strong>Umweltfreundliche Produktion:<\/strong> Bei der Herstellung von Transpatec werden umweltfreundliche Technologien und Materialien verwendet, um den \u00f6kologischen Fussabdruck zu minimieren.<br \/><\/li>\n\n\n\n<li><strong>Flexibel in der Anwendung:<\/strong> Transpatec eignet sich f\u00fcr eine Vielzahl von Fenster- und T\u00fcrsystemen, sowohl im privaten als auch im gewerblichen Bereich.<br \/><\/li>\n\n\n\n<li><strong>Massgeschneiderte L\u00f6sungen:<\/strong> Wir bieten kundenspezifische L\u00f6sungen, die sich perfekt in Ihr bestehendes Raumkonzept einf\u00fcgen.<\/li>\n<\/ul>\n<\/div>\n<\/div>\n\n\n<\/div>\n<div class=\"columns\">\n    \n\n<div class=\"wp-block-columns is-layout-flex wp-container-core-columns-is-layout-9d6595d7 wp-block-columns-is-layout-flex\">\n<div class=\"wp-block-column column-right is-layout-flow wp-block-column-is-layout-flow\">\n<h3 class=\"wp-block-heading\">Einzigartige Eigenschaften f\u00fcr optimalen Schutz und Komfort<\/h3>\n\n\n\n<p>Transpatec von Neher ist mehr als nur ein Insektenschutzgewebe \u2013 es ist eine innovative L\u00f6sung, die Komfort, Schutz und \u00c4sthetik in perfekter Harmonie vereint. Entwickelt durch jahrelange Forschungsarbeit, bietet Transpatec beeindruckende Eigenschaften, die es von herk\u00f6mmlichen Produkten abheben.<\/p>\n\n\n\n<p><strong>Bitte beachten Sie:<\/strong> Auf dem Markt existieren Gewebe, die von einigen Mitbewerbern als vergleichbar mit Transpatec beworben werden. Diese Alternativprodukte bestehen oft aus feinem Fiberglasmaterial und weisen eine deutlich niedrigere Reissfestigkeit auf, zudem sind sie in ihrer Widerstandsf\u00e4higkeit dem Original Neher Transpatec Gewebe unterlegen. Solche Produkte sind unter verschiedenen Bezeichnungen bekannt, darunter \u201eTransparentgewebe, Clear Advantage, ClearScreen, VisionAir-Gaze, Lightview, Klartec, UltraView\u201c und \u201etransparentes Gewebe\u201c.<\/p>\n\n\n\n<p><strong>Es ist wichtig zu betonen<\/strong>, dass das originale Transpatec Gewebe patentgesch\u00fctzt ist und ausschliesslich in Verbindung mit Insektenschutzgittern des Neher-Systems vertrieben wird. Eine unautorisierte Nachr\u00fcstung fremder Rahmen mit Transpatec Gewebe ist nicht gestattet und kann rechtliche Konsequenzen nach sich ziehen.<\/p>\n<\/div>\n\n\n\n<div class=\"wp-block-column column-left is-layout-flow wp-block-column-is-layout-flow\">\n<figure class=\"wp-block-image size-large\"><img loading=\"lazy\" decoding=\"async\" width=\"1024\" height=\"725\" src=\"https:\/\/neher-insektenschutz.ch\/wp-content\/uploads\/2023\/11\/Transpatec-Gewebe.Zeichnung-1024x725.webp\" alt=\"\" class=\"wp-image-6487\" srcset=\"https:\/\/neher-insektenschutz.ch\/wp-content\/uploads\/2023\/11\/Transpatec-Gewebe.Zeichnung-1024x725.webp 1024w, https:\/\/neher-insektenschutz.ch\/wp-content\/uploads\/2023\/11\/Transpatec-Gewebe.Zeichnung-300x212.webp 300w, https:\/\/neher-insektenschutz.ch\/wp-content\/uploads\/2023\/11\/Transpatec-Gewebe.Zeichnung-768x543.webp 768w, https:\/\/neher-insektenschutz.ch\/wp-content\/uploads\/2023\/11\/Transpatec-Gewebe.Zeichnung-1536x1087.webp 1536w, https:\/\/neher-insektenschutz.ch\/wp-content\/uploads\/2023\/11\/Transpatec-Gewebe.Zeichnung-2048x1449.webp 2048w, https:\/\/neher-insektenschutz.ch\/wp-content\/uploads\/2023\/11\/Transpatec-Gewebe.Zeichnung-600x425.webp 600w\" sizes=\"auto, (max-width: 1024px) 100vw, 1024px\" \/><\/figure>\n<\/div>\n<\/div>\n\n\n<\/div>\n<div class=\"columns\">\n    \n\n<div class=\"wp-block-columns is-layout-flex wp-container-core-columns-is-layout-9d6595d7 wp-block-columns-is-layout-flex\">\n<div class=\"wp-block-column column-left is-layout-flow wp-block-column-is-layout-flow\">\n<figure class=\"wp-block-image size-large\"><img loading=\"lazy\" decoding=\"async\" width=\"1024\" height=\"725\" src=\"https:\/\/neher-insektenschutz.ch\/wp-content\/uploads\/2023\/11\/Transpatec-Gewebe-Mucke-1024x725.webp\" alt=\"\" class=\"wp-image-6494\" srcset=\"https:\/\/neher-insektenschutz.ch\/wp-content\/uploads\/2023\/11\/Transpatec-Gewebe-Mucke-1024x725.webp 1024w, https:\/\/neher-insektenschutz.ch\/wp-content\/uploads\/2023\/11\/Transpatec-Gewebe-Mucke-300x212.webp 300w, https:\/\/neher-insektenschutz.ch\/wp-content\/uploads\/2023\/11\/Transpatec-Gewebe-Mucke-768x543.webp 768w, https:\/\/neher-insektenschutz.ch\/wp-content\/uploads\/2023\/11\/Transpatec-Gewebe-Mucke-1536x1087.webp 1536w, https:\/\/neher-insektenschutz.ch\/wp-content\/uploads\/2023\/11\/Transpatec-Gewebe-Mucke-2048x1449.webp 2048w, https:\/\/neher-insektenschutz.ch\/wp-content\/uploads\/2023\/11\/Transpatec-Gewebe-Mucke-600x425.webp 600w\" sizes=\"auto, (max-width: 1024px) 100vw, 1024px\" \/><\/figure>\n<\/div>\n\n\n\n<div class=\"wp-block-column column-right is-layout-flow wp-block-column-is-layout-flow\">\n<h3 class=\"wp-block-heading\">Technische Spezifikationen:<\/h3>\n\n\n\n<ul class=\"wp-block-list\">\n<li><strong>Farbe:<\/strong> Anthrazit f\u00fcr elegante Integration in Ihre Wohnr\u00e4ume<br \/><\/li>\n\n\n\n<li><strong>Maschenweite:<\/strong> 1,27 x 1,34 mm f\u00fcr effektiven Schutz<br \/><\/li>\n\n\n\n<li><strong>Fadenst\u00e4rke:<\/strong> Nur 0,13\/0,15 mm, dank des innovativen <br \/>Hochleistungsgarns<br \/><\/li>\n\n\n\n<li><strong>Offene Fl\u00e4che:<\/strong> 80%, gew\u00e4hrleistet optimale Luftdurchl\u00e4ssigkeit<br \/><\/li>\n\n\n\n<li><strong>Luftdurchl\u00e4ssigkeit:<\/strong> 3,2 m\/s bei nur 0,12 mbar Differenzdruck<\/li>\n<\/ul>\n<\/div>\n<\/div>\n\n\n<\/div>\n<div class=\"columns\">\n    \n\n<div class=\"wp-block-columns is-layout-flex wp-container-core-columns-is-layout-9d6595d7 wp-block-columns-is-layout-flex\">\n<div class=\"wp-block-column column-right is-layout-flow wp-block-column-is-layout-flow\">\n<h3 class=\"wp-block-heading\">Haupteinsatzgebiete:<\/h3>\n\n\n\n<p>Transpatec ist ideal geeignet f\u00fcr Sondergewebe in Rollo- und Rahmensystemen. Es bietet maximale Flexibilit\u00e4t f\u00fcr diverse Produktgruppen wie SP, PF, DF, PT, DT, RO, SD und ST.<\/p>\n\n\n\n<h3 class=\"wp-block-heading\">Maximale Gr\u00f6ssen:<\/h3>\n\n\n\n<p>F\u00fcr SP, PF, DF, PT, DT, SD und ST sind Dimensionen bis zu einer maximalen Breite oder H\u00f6he von 2500 mm ohne gewebeteilende Sprosse m\u00f6glich. F\u00fcr spezielle Gr\u00f6ssen und Anforderungen, siehe unsere Preisliste und Zusatzausstattungen.<\/p>\n<\/div>\n\n\n\n<div class=\"wp-block-column column-left is-layout-flow wp-block-column-is-layout-flow\">\n<figure class=\"wp-block-image size-large\"><img loading=\"lazy\" decoding=\"async\" width=\"1024\" height=\"725\" src=\"https:\/\/neher-insektenschutz.ch\/wp-content\/uploads\/2023\/11\/Transpatec-Gewebe-Nahaufnahme-1024x725.webp\" alt=\"\" class=\"wp-image-6510\" srcset=\"https:\/\/neher-insektenschutz.ch\/wp-content\/uploads\/2023\/11\/Transpatec-Gewebe-Nahaufnahme-1024x725.webp 1024w, https:\/\/neher-insektenschutz.ch\/wp-content\/uploads\/2023\/11\/Transpatec-Gewebe-Nahaufnahme-300x212.webp 300w, https:\/\/neher-insektenschutz.ch\/wp-content\/uploads\/2023\/11\/Transpatec-Gewebe-Nahaufnahme-768x543.webp 768w, https:\/\/neher-insektenschutz.ch\/wp-content\/uploads\/2023\/11\/Transpatec-Gewebe-Nahaufnahme-1536x1087.webp 1536w, https:\/\/neher-insektenschutz.ch\/wp-content\/uploads\/2023\/11\/Transpatec-Gewebe-Nahaufnahme-2048x1449.webp 2048w, https:\/\/neher-insektenschutz.ch\/wp-content\/uploads\/2023\/11\/Transpatec-Gewebe-Nahaufnahme-600x425.webp 600w\" sizes=\"auto, (max-width: 1024px) 100vw, 1024px\" \/><\/figure>\n<\/div>\n<\/div>\n\n\n<\/div>\n<div class=\"columns\">\n    \n\n<div class=\"wp-block-columns is-layout-flex wp-container-core-columns-is-layout-9d6595d7 wp-block-columns-is-layout-flex\">\n<div class=\"wp-block-column column-left is-layout-flow wp-block-column-is-layout-flow\"><\/div>\n\n\n\n<div class=\"wp-block-column column-right is-layout-flow wp-block-column-is-layout-flow\">\n<h3 class=\"wp-block-heading\">Ausgezeichnete Innovation:<\/h3>\n\n\n\n<p>Transpatec wurde nicht nur in Baden-W\u00fcrttemberg f\u00fcr seine Innovationskraft ausgezeichnet, sondern hat auch international mehrere Design- und Innovationspreise gewonnen.<\/p>\n\n\n\n<h3 class=\"wp-block-heading\">Erleben Sie den Unterschied mit Transpatec<\/h3>\n\n\n\n<p>Bei Neher verstehen wir, dass Ihr Zuhause ein Ort des Komforts und der Sicherheit sein sollte. Transpatec wurde entwickelt, um Ihnen genau das zu bieten \u2013 effektiven Schutz, ohne auf \u00c4sthetik und Luftdurchl\u00e4ssigkeit zu verzichten. Entdecken Sie, wie Transpatec Ihren Alltag bereichern kann.<\/p>\n<\/div>\n<\/div>\n\n\n<\/div>","protected":false},"excerpt":{"rendered":"","protected":false},"author":8,"featured_media":0,"parent":0,"menu_order":0,"comment_status":"closed","ping_status":"closed","template":"","meta":{"_acf_changed":false,"inline_featured_image":false,"_genesis_hide_title":false,"_genesis_hide_breadcrumbs":false,"_genesis_hide_singular_image":false,"_genesis_custom_body_class":"","_genesis_custom_post_class":"","_genesis_layout":"","pgc_sgb_lightbox_settings":"","two_page_speed":{"current_score":{"desktop_score":97,"desktop_tti":"2.5\u00a0","mobile_score":60,"mobile_tti":"12.1\u00a0","date":"14.11.2025 10:51:23 pm","status":"completed"}},"footnotes":""},"class_list":{"0":"post-6565","1":"page","2":"type-page","3":"status-publish","5":"entry"},"acf":[],"_links":{"self":[{"href":"https:\/\/neher-insektenschutz.ch\/en\/wp-json\/wp\/v2\/pages\/6565","targetHints":{"allow":["GET"]}}],"collection":[{"href":"https:\/\/neher-insektenschutz.ch\/en\/wp-json\/wp\/v2\/pages"}],"about":[{"href":"https:\/\/neher-insektenschutz.ch\/en\/wp-json\/wp\/v2\/types\/page"}],"author":[{"embeddable":true,"href":"https:\/\/neher-insektenschutz.ch\/en\/wp-json\/wp\/v2\/users\/8"}],"replies":[{"embeddable":true,"href":"https:\/\/neher-insektenschutz.ch\/en\/wp-json\/wp\/v2\/comments?post=6565"}],"version-history":[{"count":2,"href":"https:\/\/neher-insektenschutz.ch\/en\/wp-json\/wp\/v2\/pages\/6565\/revisions"}],"predecessor-version":[{"id":7491,"href":"https:\/\/neher-insektenschutz.ch\/en\/wp-json\/wp\/v2\/pages\/6565\/revisions\/7491"}],"wp:attachment":[{"href":"https:\/\/neher-insektenschutz.ch\/en\/wp-json\/wp\/v2\/media?parent=6565"}],"curies":[{"name":"wp","href":"https:\/\/api.w.org\/{rel}","templated":true}]}}