{"id":1469,"date":"2023-11-15T16:24:46","date_gmt":"2023-11-15T15:24:46","guid":{"rendered":"https:\/\/neher-insektenschutz.ch\/?page_id=1469"},"modified":"2026-04-22T10:23:29","modified_gmt":"2026-04-22T08:23:29","slug":"who-we-are","status":"publish","type":"page","link":"https:\/\/neher-insektenschutz.ch\/en\/who-we-are\/","title":{"rendered":"Who we are"},"content":{"rendered":"\n<div class=\"wp-block-cover is-light hero-cover has-regular-font-size\"><span aria-hidden=\"true\" class=\"wp-block-cover__background has-background-dim-0 has-background-dim\"><\/span><img loading=\"lazy\" decoding=\"async\" width=\"4000\" height=\"2081\" class=\"wp-block-cover__image-background wp-image-3648\" alt=\"\" src=\"https:\/\/neher-insektenschutz.ch\/wp-content\/uploads\/2023\/09\/vater_sohn_neher.jpg\" data-object-fit=\"cover\" srcset=\"https:\/\/neher-insektenschutz.ch\/wp-content\/uploads\/2023\/09\/vater_sohn_neher.jpg 4000w, https:\/\/neher-insektenschutz.ch\/wp-content\/uploads\/2023\/09\/vater_sohn_neher-300x156.jpg 300w, https:\/\/neher-insektenschutz.ch\/wp-content\/uploads\/2023\/09\/vater_sohn_neher-1024x533.jpg 1024w, https:\/\/neher-insektenschutz.ch\/wp-content\/uploads\/2023\/09\/vater_sohn_neher-768x400.jpg 768w, https:\/\/neher-insektenschutz.ch\/wp-content\/uploads\/2023\/09\/vater_sohn_neher-1536x799.jpg 1536w, https:\/\/neher-insektenschutz.ch\/wp-content\/uploads\/2023\/09\/vater_sohn_neher-2048x1065.jpg 2048w, https:\/\/neher-insektenschutz.ch\/wp-content\/uploads\/2023\/09\/vater_sohn_neher-600x312.jpg 600w\" sizes=\"auto, (max-width: 4000px) 100vw, 4000px\" \/><div class=\"wp-block-cover__inner-container is-layout-constrained wp-block-cover-is-layout-constrained\">\n<p class=\"has-text-align-center has-large-font-size\"><\/p>\n<\/div><\/div>\n\n<div class=\"hero\">\n\t    <div class=\"wrap\">\n        \n\n<h2 class=\"wp-block-heading\">Who we are<\/h2>\n\n\n\n<p>Swiss Trade GmbH &#8211; your reliable Neher insect screen brand representative in Switzerland<\/p>\n\n\n    <\/div>\n<\/div>\n<div class=\"columns\">\n    \n\n<div class=\"wp-block-columns is-layout-flex wp-container-core-columns-is-layout-9d6595d7 wp-block-columns-is-layout-flex\">\n<div class=\"wp-block-column column-left is-layout-flow wp-block-column-is-layout-flow\">\n<figure class=\"wp-block-image size-full is-resized\"><img loading=\"lazy\" decoding=\"async\" width=\"618\" height=\"436\" src=\"https:\/\/neher-insektenschutz.ch\/wp-content\/uploads\/2024\/12\/Zertifikat-2025.png\" alt=\"\" class=\"wp-image-8761\" style=\"width:618px\" srcset=\"https:\/\/neher-insektenschutz.ch\/wp-content\/uploads\/2024\/12\/Zertifikat-2025.png 618w, https:\/\/neher-insektenschutz.ch\/wp-content\/uploads\/2024\/12\/Zertifikat-2025-300x212.png 300w, https:\/\/neher-insektenschutz.ch\/wp-content\/uploads\/2024\/12\/Zertifikat-2025-600x423.png 600w\" sizes=\"auto, (max-width: 618px) 100vw, 618px\" \/><\/figure>\n<\/div>\n\n\n\n<div class=\"wp-block-column column-right is-layout-flow wp-block-column-is-layout-flow\">\n<h3 class=\"wp-block-heading\">Our partnership with Neher Systeme GmbH &amp; CO. KG &#8211; an established brand for over 50 years<\/h3>\n\n\n\n<p>As Swiss Trade GmbH, we are proud to represent the high-quality products of Neher Systeme GmbH &amp; CO.KG in Switzerland. Neher has been a well-known and respected brand in the insect screen sector for over 50 years. Our long-standing partnership enables us to offer you the best solutions.<\/p>\n<\/div>\n<\/div>\n\n\n<\/div>\n<div class=\"columns\">\n    \n\n<div class=\"wp-block-columns is-layout-flex wp-container-core-columns-is-layout-9d6595d7 wp-block-columns-is-layout-flex\">\n<div class=\"wp-block-column column-left is-layout-flow wp-block-column-is-layout-flow\">\n<h3 class=\"wp-block-heading\">A strong network of over 100 partners throughout Switzerland<\/h3>\n\n\n\n<p>We have built up a large network of over 100 partners throughout Switzerland. Our partners have been carefully selected and are characterized by their expertise and reliability. This enables us to offer you a comprehensive service wherever you are. Our partners will support you with advice, installation and first-class customer service.<\/p>\n<\/div>\n\n\n\n<div class=\"wp-block-column column-right is-layout-flow wp-block-column-is-layout-flow\">\n<figure class=\"wp-block-gallery has-nested-images columns-default is-cropped wp-block-gallery-1 is-layout-flex wp-block-gallery-is-layout-flex\">\n<figure class=\"wp-block-image size-large\"><a href=\"https:\/\/neher-insektenschutz.ch\/en\/locations\/\"><img loading=\"lazy\" decoding=\"async\" width=\"616\" height=\"436\" data-id=\"1862\" src=\"https:\/\/neher-insektenschutz.ch\/wp-content\/uploads\/2023\/07\/Partner.jpg\" alt=\"\" class=\"wp-image-1862\" srcset=\"https:\/\/neher-insektenschutz.ch\/wp-content\/uploads\/2023\/07\/Partner.jpg 616w, https:\/\/neher-insektenschutz.ch\/wp-content\/uploads\/2023\/07\/Partner-300x212.jpg 300w, https:\/\/neher-insektenschutz.ch\/wp-content\/uploads\/2023\/07\/Partner-600x425.jpg 600w\" sizes=\"auto, (max-width: 616px) 100vw, 616px\" \/><\/a><\/figure>\n<\/figure>\n<\/div>\n<\/div>\n\n\n<\/div>\n<div class=\"columns\">\n    \n\n<div class=\"wp-block-columns is-layout-flex wp-container-core-columns-is-layout-9d6595d7 wp-block-columns-is-layout-flex\">\n<div class=\"wp-block-column column-left is-layout-flow wp-block-column-is-layout-flow\">\n<div class=\"wp-block-cover\"><span aria-hidden=\"true\" class=\"wp-block-cover__background has-background-dim\"><\/span><img loading=\"lazy\" decoding=\"async\" width=\"616\" height=\"436\" class=\"wp-block-cover__image-background wp-image-1772\" alt=\"\" src=\"https:\/\/neher-insektenschutz.ch\/wp-content\/uploads\/2023\/07\/pendeltuer_familie.jpg\" data-object-fit=\"cover\" srcset=\"https:\/\/neher-insektenschutz.ch\/wp-content\/uploads\/2023\/07\/pendeltuer_familie.jpg 616w, https:\/\/neher-insektenschutz.ch\/wp-content\/uploads\/2023\/07\/pendeltuer_familie-300x212.jpg 300w, https:\/\/neher-insektenschutz.ch\/wp-content\/uploads\/2023\/07\/pendeltuer_familie-600x425.jpg 600w\" sizes=\"auto, (max-width: 616px) 100vw, 616px\" \/><div class=\"wp-block-cover__inner-container is-layout-flow wp-block-cover-is-layout-flow\">\n<p class=\"has-text-align-center has-large-font-size\"><\/p>\n<\/div><\/div>\n<\/div>\n\n\n\n<div class=\"wp-block-column column-right is-layout-flow wp-block-column-is-layout-flow\">\n<h3 class=\"wp-block-heading\">Our commitment to satisfied customers and the highest quality<\/h3>\n\n\n\n<p>Your satisfaction is our top priority. We are passionate about exceeding your expectations and providing you with a great customer experience. We place a high value on quality and work to strict standards. From product selection to customer service, we strive to offer you the best.<\/p>\n\n\n\n<p>We have gained the trust of our customers through long-standing partnerships. We want to understand your needs and offer customized solutions. Our aim is to offer you a first-class service so that you are completely satisfied with our insect screen solutions.<\/p>\n\n\n\n<p>As a reliable partner for high-quality insect protection in Switzerland, we are at your disposal. Contact us to find out more about our products and services. We look forward to helping you and providing you with the best possible service.<\/p>\n<\/div>\n<\/div>\n\n\n<\/div>\n<figure class=\"wp-block-image size-large is-resized\"><img loading=\"lazy\" decoding=\"async\" width=\"1024\" height=\"406\" src=\"https:\/\/neher-insektenschutz.ch\/wp-content\/uploads\/2023\/11\/Neher-Zeitstrahl-1024x406.webp\" alt=\"\" class=\"wp-image-4305\" style=\"width:1298px;height:517px\" srcset=\"https:\/\/neher-insektenschutz.ch\/wp-content\/uploads\/2023\/11\/Neher-Zeitstrahl-1024x406.webp 1024w, https:\/\/neher-insektenschutz.ch\/wp-content\/uploads\/2023\/11\/Neher-Zeitstrahl-300x119.webp 300w, https:\/\/neher-insektenschutz.ch\/wp-content\/uploads\/2023\/11\/Neher-Zeitstrahl-768x305.webp 768w, https:\/\/neher-insektenschutz.ch\/wp-content\/uploads\/2023\/11\/Neher-Zeitstrahl-1536x610.webp 1536w, https:\/\/neher-insektenschutz.ch\/wp-content\/uploads\/2023\/11\/Neher-Zeitstrahl-2048x813.webp 2048w, https:\/\/neher-insektenschutz.ch\/wp-content\/uploads\/2023\/11\/Neher-Zeitstrahl-600x238.webp 600w\" sizes=\"auto, (max-width: 1024px) 100vw, 1024px\" \/><\/figure>\n\n<div class=\"columns\">\n    \n\n<div class=\"wp-block-columns is-layout-flex wp-container-core-columns-is-layout-9d6595d7 wp-block-columns-is-layout-flex\">\n<div class=\"wp-block-column column-right is-layout-flow wp-block-column-is-layout-flow\">\n<h3 class=\"wp-block-heading\">2023: 50 years of Neher<\/h3>\n\n\n\n<p>In diesem Jahr feiert Neher stolz ihren 50. Geburtstag! Seit einem halben Jahrhundert widmet sich Neher leidenschaftlich dem Insektenschutz. Wir bieten Ihnen <a href=\"https:\/\/neher-insektenschutz.ch\/fliegengitter-fenster\/\" data-type=\"neher-product\" data-id=\"141\">Fliegengitter f\u00fcr Fenster<\/a>, <a href=\"https:\/\/neher-insektenschutz.ch\/tueren\/\" data-type=\"neher-product\" data-id=\"1258\">T\u00fcren<\/a>, <a href=\"https:\/\/neher-insektenschutz.ch\/dachfenster\/\" data-type=\"neher-product\" data-id=\"1376\">Dachfenster<\/a> und <a href=\"https:\/\/neher-insektenschutz.ch\/en\/products\/light-well-covers\/\" data-type=\"neher-product\" data-id=\"1263\">Lichtschachtabdeckungen<\/a> an.<\/p>\n\n\n\n<p>As a family business, Neher is grateful to its long-standing customers, employees, suppliers and partners who have accompanied it on this journey. Their support has made them what they are today.<\/p>\n\n\n\n<p>Neher is proud of the progress made over the past decades and will continue to do its best to protect you and your home from insects.&#013;\n&#013;\nThank you for 50 years of trust in Neher!<\/p>\n<\/div>\n\n\n\n<div class=\"wp-block-column column-left is-layout-flow wp-block-column-is-layout-flow\">\n<figure class=\"wp-block-image size-large\"><img decoding=\"async\" src=\"https:\/\/neher-insektenschutz.ch\/wp-content\/uploads\/2023\/11\/Neher-50-Jahre-Jubilaeumslogo-1-1024x725.webp\" alt=\"\" class=\"wp-image-4299\" \/><\/figure>\n<\/div>\n<\/div>\n\n\n<\/div>\n<div class=\"columns\">\n    \n\n<div class=\"wp-block-columns is-layout-flex wp-container-core-columns-is-layout-9d6595d7 wp-block-columns-is-layout-flex\">\n<div class=\"wp-block-column column-left is-layout-flow wp-block-column-is-layout-flow\">\n<figure class=\"wp-block-image size-large is-resized\"><img loading=\"lazy\" decoding=\"async\" width=\"1024\" height=\"1024\" src=\"https:\/\/neher-insektenschutz.ch\/wp-content\/uploads\/2024\/02\/10-Jahre-Garantie-gruen-1024x1024.png\" alt=\"\" class=\"wp-image-7716\" style=\"width:433px;height:auto\" srcset=\"https:\/\/neher-insektenschutz.ch\/wp-content\/uploads\/2024\/02\/10-Jahre-Garantie-gruen-1024x1024.png 1024w, https:\/\/neher-insektenschutz.ch\/wp-content\/uploads\/2024\/02\/10-Jahre-Garantie-gruen-150x150@2x.png 300w, https:\/\/neher-insektenschutz.ch\/wp-content\/uploads\/2024\/02\/10-Jahre-Garantie-gruen-150x150.png 150w, https:\/\/neher-insektenschutz.ch\/wp-content\/uploads\/2024\/02\/10-Jahre-Garantie-gruen-768x768.png 768w, https:\/\/neher-insektenschutz.ch\/wp-content\/uploads\/2024\/02\/10-Jahre-Garantie-gruen-600x600.png 600w, https:\/\/neher-insektenschutz.ch\/wp-content\/uploads\/2024\/02\/10-Jahre-Garantie-gruen.png 1418w\" sizes=\"auto, (max-width: 1024px) 100vw, 1024px\" \/><\/figure>\n<\/div>\n\n\n\n<div class=\"wp-block-column column-right is-layout-flow wp-block-column-is-layout-flow\">\n<h3 class=\"wp-block-heading\">10 Jahre Garantie<\/h3>\n\n\n\n<p>Wir bei Neher Insektenschutz glauben fest an die Qualit\u00e4t unserer Produkte. Deshalb erweitern wir ab 2024 unsere Garantie f\u00fcr alle direkt bei uns gekauften Produkte auf 10 Jahre. Diese Entscheidung unterstreicht unser Vertrauen in die Langlebigkeit und Zuverl\u00e4ssigkeit unserer Produkte.<\/p>\n\n\n\n<p><strong>Warum wir unsere Garantie verl\u00e4ngern:<\/strong> Unsere Produkte durchlaufen strenge Qualit\u00e4tskontrollen, um sicherzustellen, dass sie unseren hohen Standards entsprechen. Diese Garantieerweiterung ist ein Beweis f\u00fcr unser Engagement, Ihnen Produkte zu liefern, auf die Sie z\u00e4hlen k\u00f6nnen.<\/p>\n\n\n\n<p><strong>Wer profitiert:<\/strong> Die erweiterte Garantie gilt nur f\u00fcr Produkte, die direkt \u00fcber Neher Insektenschutz erworben werden. <\/p>\n\n\n\n<p><strong>Interesse an einer kostenlosen Beratung?<\/strong> Wenn Sie mehr dar\u00fcber erfahren m\u00f6chten, wie unsere Produkte Ihnen helfen k\u00f6nnen, f\u00fcllen Sie bitte unser <a href=\"https:\/\/neher-insektenschutz.ch\/en\/offer-request\/\" data-type=\"page\" data-id=\"433\">Offertenformular<\/a> aus. Wir freuen uns darauf, Ihnen eine massgefertigte L\u00f6sung anzubieten.<\/p>\n<\/div>\n<\/div>\n\n\n<\/div>","protected":false},"excerpt":{"rendered":"","protected":false},"author":8,"featured_media":3649,"parent":0,"menu_order":0,"comment_status":"closed","ping_status":"closed","template":"","meta":{"_acf_changed":false,"inline_featured_image":false,"_genesis_hide_title":false,"_genesis_hide_breadcrumbs":false,"_genesis_hide_singular_image":false,"_genesis_custom_body_class":"","_genesis_custom_post_class":"","_genesis_layout":"","pgc_sgb_lightbox_settings":"","two_page_speed":{"current_score":{"desktop_score":99,"desktop_tti":"0.7\u00a0","mobile_score":84,"mobile_tti":"2.9\u00a0","date":"24.05.2025 01:47:46 am","status":"error_no_score"}},"footnotes":""},"class_list":{"0":"post-1469","1":"page","2":"type-page","3":"status-publish","4":"has-post-thumbnail","6":"entry"},"acf":[],"_links":{"self":[{"href":"https:\/\/neher-insektenschutz.ch\/en\/wp-json\/wp\/v2\/pages\/1469","targetHints":{"allow":["GET"]}}],"collection":[{"href":"https:\/\/neher-insektenschutz.ch\/en\/wp-json\/wp\/v2\/pages"}],"about":[{"href":"https:\/\/neher-insektenschutz.ch\/en\/wp-json\/wp\/v2\/types\/page"}],"author":[{"embeddable":true,"href":"https:\/\/neher-insektenschutz.ch\/en\/wp-json\/wp\/v2\/users\/8"}],"replies":[{"embeddable":true,"href":"https:\/\/neher-insektenschutz.ch\/en\/wp-json\/wp\/v2\/comments?post=1469"}],"version-history":[{"count":19,"href":"https:\/\/neher-insektenschutz.ch\/en\/wp-json\/wp\/v2\/pages\/1469\/revisions"}],"predecessor-version":[{"id":10947,"href":"https:\/\/neher-insektenschutz.ch\/en\/wp-json\/wp\/v2\/pages\/1469\/revisions\/10947"}],"wp:featuredmedia":[{"embeddable":true,"href":"https:\/\/neher-insektenschutz.ch\/en\/wp-json\/wp\/v2\/media\/3649"}],"wp:attachment":[{"href":"https:\/\/neher-insektenschutz.ch\/en\/wp-json\/wp\/v2\/media?parent=1469"}],"curies":[{"name":"wp","href":"https:\/\/api.w.org\/{rel}","templated":true}]}}